{"id":713861,"date":"2025-08-27T17:12:30","date_gmt":"2025-08-27T14:12:30","guid":{"rendered":"https:\/\/roveyayinevi.com.tr\/index.php\/urun\/ilahi-mesajlar-topragi-filistin\/"},"modified":"2026-04-12T02:26:38","modified_gmt":"2026-04-11T23:26:38","slug":"ilahi-mesajlar-topragi-filistin","status":"publish","type":"product","link":"https:\/\/roveyayinevi.com.tr\/index.php\/urun\/ilahi-mesajlar-topragi-filistin\/","title":{"rendered":"\u0130lahi Mesajlar Topra\u011f\u0131 Filistin"},"content":{"rendered":"<p>Bu kitap \u00fcrk\u00fct\u00fcc\u00fc ger\u00e7ekleri, kaynak ve delilleriyle ortaya koyarak hayk\u0131rd\u0131g\u0131 icin Bat\u0131&#8217;da yasakland\u0131. 0 yuzden hi\u00e7bir kitabevinde bulunmuyor. Kitab\u0131 okuyunca kimlerin, neden yasaklad\u0131\u011f\u0131n\u0131 g\u00f6recek, yasaklayanlar\u0131n m\u0131 yoksa yazar\u0131n m\u0131 hakl\u0131 olduguna siz karar vereceksiniz.Sadece \u015fu kadar\u0131n\u0131 hat\u0131rlatmakla yetinelim: Churchill&#8217;in U\u00e7uncil D\u00fcnya Sava\u015f\u0131&#8217;n\u0131n Ortadogu&#8217;da patlak verecegini ve bunun da Israil yuzunden \u00e7\u0131kaca\u011f\u0131n\u0131 so ledigi rivayet edilir. Bernard Granotier&#8217;nin de herhalde Churchill&#8217;in o s\u00f6z\u00fcnden hareketle kaleme ald\u0131g\u0131 \u00dc\u00e7\u00fcnc\u00fc D\u00fcnya Sava\u015f\u0131&#8217;n\u0131n Sebebi Israil adl\u0131 bir kitab\u0131 bulunuyor.Bu kitap, bizi \u00e7ok yak\u0131ndan ilgilendiren Ortadogu&#8217;nun d\u00fcn\u00fc, bug\u00fcn\u00fc ve yar\u0131n\u0131yla ilgili vazge\u00e7ilmez bir kaynak eser; Bat\u0131&#8217;n\u0131n ve onun efendisi Abd&#8217;nin ger\u00e7ek y\u00fcz\u00fcn\u00fc g\u00f6zler \u00f6n\u00fcne seren bir \u00e7al\u0131\u015fma. ilahi Mesajlar Topra\u011f\u0131 Filistin okunmadan Ortado\u011fu hakk\u0131nda yap\u0131lacak her de\u011ferlendirme eksik kalacakt\u0131r. <\/p>\n","protected":false},"excerpt":{"rendered":"<p>Bu kitap \u00fcrk\u00fct\u00fcc\u00fc ger\u00e7ekleri, kaynak ve delilleriyle ortaya koyarak hayk\u0131rd\u0131g\u0131 icin Bat\u0131&#8217;da yasakland\u0131. 0 yuzden hi\u00e7bir kitabevinde bulunmuyor. Kitab\u0131 okuyunca kimlerin, neden yasaklad\u0131\u011f\u0131n\u0131 g\u00f6recek, yasaklayanlar\u0131n m\u0131<span class=\"excerpt-hellip\"> [\u2026]<\/span><\/p>\n","protected":false},"featured_media":0,"template":"","meta":{"_monsterinsights_skip_tracking":false,"_monsterinsights_sitenote_active":false,"_monsterinsights_sitenote_note":"","_monsterinsights_sitenote_category":0},"product_brand":[],"product_cat":[20085,12337],"product_tag":[],"class_list":{"0":"post-713861","1":"product","2":"type-product","3":"status-publish","5":"product_cat-islam-ortadogu","6":"product_cat-politika-siyaset","7":"pa_cilt-ciltsiz","8":"pa_tur-kitap","9":"pa_yayinevi-timas-yayinlari","10":"pa_yazar-roger-garaudy","12":"first","13":"instock","14":"sale","15":"shipping-taxable","16":"purchasable","17":"product-type-simple"},"_links":{"self":[{"href":"https:\/\/roveyayinevi.com.tr\/index.php\/wp-json\/wp\/v2\/product\/713861","targetHints":{"allow":["GET"]}}],"collection":[{"href":"https:\/\/roveyayinevi.com.tr\/index.php\/wp-json\/wp\/v2\/product"}],"about":[{"href":"https:\/\/roveyayinevi.com.tr\/index.php\/wp-json\/wp\/v2\/types\/product"}],"wp:attachment":[{"href":"https:\/\/roveyayinevi.com.tr\/index.php\/wp-json\/wp\/v2\/media?parent=713861"}],"wp:term":[{"taxonomy":"product_brand","embeddable":true,"href":"https:\/\/roveyayinevi.com.tr\/index.php\/wp-json\/wp\/v2\/product_brand?post=713861"},{"taxonomy":"product_cat","embeddable":true,"href":"https:\/\/roveyayinevi.com.tr\/index.php\/wp-json\/wp\/v2\/product_cat?post=713861"},{"taxonomy":"product_tag","embeddable":true,"href":"https:\/\/roveyayinevi.com.tr\/index.php\/wp-json\/wp\/v2\/product_tag?post=713861"}],"curies":[{"name":"wp","href":"https:\/\/api.w.org\/{rel}","templated":true}]}}