{"id":713855,"date":"2025-08-27T17:12:27","date_gmt":"2025-08-27T14:12:27","guid":{"rendered":"https:\/\/roveyayinevi.com.tr\/index.php\/urun\/gelecegimizde-islam-var\/"},"modified":"2026-04-16T02:22:21","modified_gmt":"2026-04-15T23:22:21","slug":"gelecegimizde-islam-var","status":"publish","type":"product","link":"https:\/\/roveyayinevi.com.tr\/index.php\/urun\/gelecegimizde-islam-var\/","title":{"rendered":"Gelece\u011fimizde \u0130slam Var"},"content":{"rendered":"<p>Roger Garaudy, bu kitab\u0131nda \u015fu \u00e7\u0131\u011fl\u0131\u011f\u0131 at\u0131yor: Bat\u0131&#8217;y\u0131 Orta\u00e7a\u011f karanl\u0131\u011f\u0131ndan, barbarl\u0131ktan, cahillikten ve canl\u0131 cenazelikten d\u00fcn \u0130slam kurtarm\u0131\u015ft\u0131!Bug\u00fcn de gerekli gereksiz, yararl\u0131 yarars\u0131z ve hatta zararl\u0131 her bir \u015feyi imal eden ve insanlara bunlar\u0131 reklamlarla vazge\u00e7ilmez ihtiya\u00e7larm\u0131\u015f gibi sunan, k\u00f6r\u00fc k\u00f6r\u00fcne \u00fcretip k\u00f6r\u00fc k\u00f6r\u00fcne t\u00fcketen ve t\u00fckettiren Bat\u0131&#8217;y\u0131 bu korkun\u00e7 sapmadan yine \u0130slam kurtaracakt\u0131r!Ya \u0130slam&#8217;\u0131n e\u015fsiz bilgeli\u011fi, k\u00fclt\u00fcr\u00fc ve medeniyetiyle tan\u0131\u015f\u0131p onun kurtar\u0131c\u0131 insanl\u0131k de\u011ferlerini payla\u015faca\u011f\u0131z ya da yak\u0131n zamanda yok olacak ve Bat\u0131 toplumlar\u0131yla birlikte b\u00fct\u00fcn d\u00fcnyay\u0131 da intihara s\u00fcr\u00fckleyece\u011fiz.Bundan b\u00f6yle, b\u00fct\u00fcn dirili\u015flerin m\u00fcjdecisi, \u0130slam&#8217;\u0131n destan\u0131d\u0131r.\u00c7\u00fcnk\u00fc \u0130sl\u00e2m&#8217;\u0131n destan\u0131, insanl\u0131k destan\u0131n\u0131n muhte\u015fem bir an\u0131d\u0131r.<\/p>\n","protected":false},"excerpt":{"rendered":"<p>Roger Garaudy, bu kitab\u0131nda \u015fu \u00e7\u0131\u011fl\u0131\u011f\u0131 at\u0131yor: Bat\u0131&#8217;y\u0131 Orta\u00e7a\u011f karanl\u0131\u011f\u0131ndan, barbarl\u0131ktan, cahillikten ve canl\u0131 cenazelikten d\u00fcn \u0130slam kurtarm\u0131\u015ft\u0131!Bug\u00fcn de gerekli gereksiz, yararl\u0131 yarars\u0131z ve hatta zararl\u0131<span class=\"excerpt-hellip\"> [\u2026]<\/span><\/p>\n","protected":false},"featured_media":0,"template":"","meta":{"_monsterinsights_skip_tracking":false,"_monsterinsights_sitenote_active":false,"_monsterinsights_sitenote_note":"","_monsterinsights_sitenote_category":0},"product_brand":[],"product_cat":[13036,12718,12719],"product_tag":[],"class_list":{"0":"post-713855","1":"product","2":"type-product","3":"status-publish","5":"product_cat-arastirma-inceleme-islam","6":"product_cat-din","7":"product_cat-islam","8":"pa_cilt-ciltsiz","9":"pa_tur-kitap","10":"pa_yayinevi-timas-yayinlari","11":"pa_yazar-roger-garaudy","13":"first","14":"instock","15":"sale","16":"shipping-taxable","17":"purchasable","18":"product-type-simple"},"_links":{"self":[{"href":"https:\/\/roveyayinevi.com.tr\/index.php\/wp-json\/wp\/v2\/product\/713855","targetHints":{"allow":["GET"]}}],"collection":[{"href":"https:\/\/roveyayinevi.com.tr\/index.php\/wp-json\/wp\/v2\/product"}],"about":[{"href":"https:\/\/roveyayinevi.com.tr\/index.php\/wp-json\/wp\/v2\/types\/product"}],"wp:attachment":[{"href":"https:\/\/roveyayinevi.com.tr\/index.php\/wp-json\/wp\/v2\/media?parent=713855"}],"wp:term":[{"taxonomy":"product_brand","embeddable":true,"href":"https:\/\/roveyayinevi.com.tr\/index.php\/wp-json\/wp\/v2\/product_brand?post=713855"},{"taxonomy":"product_cat","embeddable":true,"href":"https:\/\/roveyayinevi.com.tr\/index.php\/wp-json\/wp\/v2\/product_cat?post=713855"},{"taxonomy":"product_tag","embeddable":true,"href":"https:\/\/roveyayinevi.com.tr\/index.php\/wp-json\/wp\/v2\/product_tag?post=713855"}],"curies":[{"name":"wp","href":"https:\/\/api.w.org\/{rel}","templated":true}]}}