{"id":713854,"date":"2025-08-27T17:12:26","date_gmt":"2025-08-27T14:12:26","guid":{"rendered":"https:\/\/roveyayinevi.com.tr\/index.php\/urun\/evrenin-kitabi-ilma-son-savas\/"},"modified":"2026-04-16T02:22:21","modified_gmt":"2026-04-15T23:22:21","slug":"evrenin-kitabi-ilma-son-savas","status":"publish","type":"product","link":"https:\/\/roveyayinevi.com.tr\/index.php\/urun\/evrenin-kitabi-ilma-son-savas\/","title":{"rendered":"Evrenin Kitab\u0131 \u0130lma Son Sava\u015f"},"content":{"rendered":"<p>Kimli\u011fini gizleyerek Yol \u0130\u015fareti\u2019ni takip eden Son Ni\u015fanl\u0131 Tar ve bu zorlu yolda onu yaln\u0131z b\u0131rakmayan arkada\u015flar\u0131\u2026D\u00fcnya en b\u00fcy\u00fck s\u0131nav\u0131n\u0131 verirken insano\u011flunun kazanmamas\u0131 i\u00e7in Lanetli Duvar\u2019\u0131 y\u0131kan Kahin \u015eif ve \u00f6n\u00fcne \u00e7\u0131kan her solu\u011fu kesen lanetliler\u2026Tar iyi ve k\u00f6t\u00fcn\u00fcn sava\u015f\u0131nda en b\u00fcy\u00fck m\u00fccadelesini veriyor. Hata yapamaz, gecikemez, vazge\u00e7emez.D\u00fcnyay\u0131 kurtarmak i\u00e7in birlik olma vakti!A. S. Durmaz\u2019\u0131n kaleminden T\u00fcrkiye\u2019nin \u00e7ok be\u011fenilen ilk epik fantastik roman dizisinin d\u00f6rd\u00fcnc\u00fc kitab\u0131; \u0130lma Son Sava\u015f\u2019la macera sona eriyor. <\/p>\n","protected":false},"excerpt":{"rendered":"<p>Kimli\u011fini gizleyerek Yol \u0130\u015fareti\u2019ni takip eden Son Ni\u015fanl\u0131 Tar ve bu zorlu yolda onu yaln\u0131z b\u0131rakmayan arkada\u015flar\u0131\u2026D\u00fcnya en b\u00fcy\u00fck s\u0131nav\u0131n\u0131 verirken insano\u011flunun kazanmamas\u0131 i\u00e7in Lanetli Duvar\u2019\u0131<span class=\"excerpt-hellip\"> [\u2026]<\/span><\/p>\n","protected":false},"featured_media":0,"template":"","meta":{"_monsterinsights_skip_tracking":false,"_monsterinsights_sitenote_active":false,"_monsterinsights_sitenote_note":"","_monsterinsights_sitenote_category":0},"product_brand":[],"product_cat":[12291,14777],"product_tag":[],"class_list":{"0":"post-713854","1":"product","2":"type-product","3":"status-publish","5":"product_cat-edebiyat","6":"product_cat-fantastik","7":"pa_cilt-ciltsiz","8":"pa_tur-kitap","9":"pa_yayinevi-timas-yayinlari","10":"pa_yazar-a-s-durmaz","12":"first","13":"instock","14":"sale","15":"shipping-taxable","16":"purchasable","17":"product-type-simple"},"_links":{"self":[{"href":"https:\/\/roveyayinevi.com.tr\/index.php\/wp-json\/wp\/v2\/product\/713854","targetHints":{"allow":["GET"]}}],"collection":[{"href":"https:\/\/roveyayinevi.com.tr\/index.php\/wp-json\/wp\/v2\/product"}],"about":[{"href":"https:\/\/roveyayinevi.com.tr\/index.php\/wp-json\/wp\/v2\/types\/product"}],"wp:attachment":[{"href":"https:\/\/roveyayinevi.com.tr\/index.php\/wp-json\/wp\/v2\/media?parent=713854"}],"wp:term":[{"taxonomy":"product_brand","embeddable":true,"href":"https:\/\/roveyayinevi.com.tr\/index.php\/wp-json\/wp\/v2\/product_brand?post=713854"},{"taxonomy":"product_cat","embeddable":true,"href":"https:\/\/roveyayinevi.com.tr\/index.php\/wp-json\/wp\/v2\/product_cat?post=713854"},{"taxonomy":"product_tag","embeddable":true,"href":"https:\/\/roveyayinevi.com.tr\/index.php\/wp-json\/wp\/v2\/product_tag?post=713854"}],"curies":[{"name":"wp","href":"https:\/\/api.w.org\/{rel}","templated":true}]}}