{"id":713850,"date":"2025-08-27T17:12:24","date_gmt":"2025-08-27T14:12:24","guid":{"rendered":"https:\/\/roveyayinevi.com.tr\/index.php\/urun\/bil-bakalim-vucudumuz-ciltli\/"},"modified":"2026-04-16T02:22:21","modified_gmt":"2026-04-15T23:22:21","slug":"bil-bakalim-vucudumuz-ciltli","status":"publish","type":"product","link":"https:\/\/roveyayinevi.com.tr\/index.php\/urun\/bil-bakalim-vucudumuz-ciltli\/","title":{"rendered":"Bil Bakal\u0131m V\u00fccudumuz! (Ciltli)"},"content":{"rendered":"<p>Bu kitapta \u00e7ocuklar\u0131n her zaman sordu\u011fu ancak b\u00fcy\u00fcklerin \u00e7o\u011fu zaman yan\u0131tlayamad\u0131\u011f\u0131 200 kadar sorunun yan\u0131t\u0131 sakl\u0131\u2026 B\u00fcy\u00fcmemiz ne zaman durur? Di\u015fler ne i\u015fe yarar? Neden a\u015f\u0131 yap\u0131l\u0131r? V\u00fccudumuzu ve i\u015fleyi\u015fini merak eden miniklere sade, kolay ve anla\u015f\u0131l\u0131r sorular ve yan\u0131tlar. B\u0130L BAKALIM! dizisinin yeni kitab\u0131 V\u00fccudumuz ebeveynlerin ba\u015fucu kitab\u0131 olacak. \u00dcstelik e\u011flenceli \u00e7izimler ve \u00e7\u0131kartmalar e\u015fli\u011finde&#8230; <\/p>\n","protected":false},"excerpt":{"rendered":"<p>Bu kitapta \u00e7ocuklar\u0131n her zaman sordu\u011fu ancak b\u00fcy\u00fcklerin \u00e7o\u011fu zaman yan\u0131tlayamad\u0131\u011f\u0131 200 kadar sorunun yan\u0131t\u0131 sakl\u0131\u2026 B\u00fcy\u00fcmemiz ne zaman durur? Di\u015fler ne i\u015fe yarar? Neden a\u015f\u0131<span class=\"excerpt-hellip\"> [\u2026]<\/span><\/p>\n","protected":false},"featured_media":0,"template":"","meta":{"_monsterinsights_skip_tracking":false,"_monsterinsights_sitenote_active":false,"_monsterinsights_sitenote_note":"","_monsterinsights_sitenote_category":0},"product_brand":[],"product_cat":[12554,12274],"product_tag":[],"class_list":{"0":"post-713850","1":"product","2":"type-product","3":"status-publish","5":"product_cat-cikartmali-kitaplar","6":"product_cat-cocuk-ve-genclik-kitaplari","7":"pa_cilt-ciltli","8":"pa_tur-kitap","9":"pa_yayinevi-yapi-kredi-yayinlari","10":"pa_yazar-anne-royer","12":"first","13":"instock","14":"sale","15":"shipping-taxable","16":"purchasable","17":"product-type-simple"},"_links":{"self":[{"href":"https:\/\/roveyayinevi.com.tr\/index.php\/wp-json\/wp\/v2\/product\/713850","targetHints":{"allow":["GET"]}}],"collection":[{"href":"https:\/\/roveyayinevi.com.tr\/index.php\/wp-json\/wp\/v2\/product"}],"about":[{"href":"https:\/\/roveyayinevi.com.tr\/index.php\/wp-json\/wp\/v2\/types\/product"}],"wp:attachment":[{"href":"https:\/\/roveyayinevi.com.tr\/index.php\/wp-json\/wp\/v2\/media?parent=713850"}],"wp:term":[{"taxonomy":"product_brand","embeddable":true,"href":"https:\/\/roveyayinevi.com.tr\/index.php\/wp-json\/wp\/v2\/product_brand?post=713850"},{"taxonomy":"product_cat","embeddable":true,"href":"https:\/\/roveyayinevi.com.tr\/index.php\/wp-json\/wp\/v2\/product_cat?post=713850"},{"taxonomy":"product_tag","embeddable":true,"href":"https:\/\/roveyayinevi.com.tr\/index.php\/wp-json\/wp\/v2\/product_tag?post=713850"}],"curies":[{"name":"wp","href":"https:\/\/api.w.org\/{rel}","templated":true}]}}