{"id":713849,"date":"2025-08-27T17:12:24","date_gmt":"2025-08-27T14:12:24","guid":{"rendered":"https:\/\/roveyayinevi.com.tr\/index.php\/urun\/kos-durma-kos\/"},"modified":"2026-02-03T02:35:43","modified_gmt":"2026-02-02T23:35:43","slug":"kos-durma-kos","status":"publish","type":"product","link":"https:\/\/roveyayinevi.com.tr\/index.php\/urun\/kos-durma-kos\/","title":{"rendered":"Ko\u015f, Durma Ko\u015f"},"content":{"rendered":"<p>\u201cEtraf\u0131na bak\u0131nd\u0131. Kavanozun cam\u0131n\u0131n \u00f6te taraf\u0131nda bulan\u0131k s\u0131r\u0131t\u0131\u015flar, onu yemeye kalk\u0131\u015fan t\u00fcyl\u00fc canavarlar, \u00fczerine dikilmi\u015f vah\u015fi g\u00f6zler fark etti ve korkuya kap\u0131ld\u0131. Kendi etraf\u0131nda d\u00f6n\u00fcp duvarlara t\u0131rmanmaya \u00e7al\u0131\u015ft\u0131 ama ne kadar \u00e7abalarsa \u00e7abalas\u0131n kendini \u015fu a\u00e7g\u00f6zl\u00fc vah\u015fi yarat\u0131klar\u0131n tam ortas\u0131nda buluyordu! Kapana k\u0131s\u0131lm\u0131\u015ft\u0131!\u201d Hay aksi! Ne oluyor! Gummo asl\u0131nda halinden pek memnun sevimli bir g\u00f6zl\u00fckl\u00fc semenderdi. K\u0131z karde\u015finin evinde mutlu mesut ya\u015f\u0131yordu ta ki eni\u015ftesi Benjamin ona dondurma \u015firketinde bir i\u015f bulana dek. Asl\u0131nda kim olsa ho\u015funa gidecek bir i\u015fti ama \u00e7al\u0131\u015fmakta pek g\u00f6nl\u00fc olmayan ve can\u0131n\u0131 tehlikeye atmaya hi\u00e7 mi hi\u00e7 niyeti olmayan Gummo i\u00e7in s\u0131k\u0131nt\u0131lar ba\u015f g\u00f6stermeye ba\u015flam\u0131\u015ft\u0131 bile&#8230; Nefes kesen bir macera i\u00e7in sayfalar\u0131 \u00e7evirmeye haz\u0131rl\u0131kl\u0131 olun! Ko\u015f, Durma Ko\u015f, \u0130talyan \u00e7ocuk edebiyat\u0131n\u0131n \u00f6nemli yazarlar\u0131ndan Guido Sgardoli\u2019den etkileyici ve e\u011flenceli bir kendi g\u00fcc\u00fcn\u00fc ke\u015ffetme hik\u00e2yesi&#8230; <\/p>\n","protected":false},"excerpt":{"rendered":"<p>\u201cEtraf\u0131na bak\u0131nd\u0131. Kavanozun cam\u0131n\u0131n \u00f6te taraf\u0131nda bulan\u0131k s\u0131r\u0131t\u0131\u015flar, onu yemeye kalk\u0131\u015fan t\u00fcyl\u00fc canavarlar, \u00fczerine dikilmi\u015f vah\u015fi g\u00f6zler fark etti ve korkuya kap\u0131ld\u0131. Kendi etraf\u0131nda d\u00f6n\u00fcp duvarlara<span class=\"excerpt-hellip\"> [\u2026]<\/span><\/p>\n","protected":false},"featured_media":0,"template":"","meta":{"_monsterinsights_skip_tracking":false,"_monsterinsights_sitenote_active":false,"_monsterinsights_sitenote_note":"","_monsterinsights_sitenote_category":0},"product_brand":[],"product_cat":[12275,12274],"product_tag":[],"class_list":{"0":"post-713849","1":"product","2":"type-product","3":"status-publish","5":"product_cat-6-12-yas-kitaplari","6":"product_cat-cocuk-ve-genclik-kitaplari","7":"pa_cilt-ciltsiz","8":"pa_tur-kitap","9":"pa_yayinevi-yapi-kredi-yayinlari","10":"pa_yazar-guido-sgardoli","12":"first","13":"instock","14":"sale","15":"shipping-taxable","16":"purchasable","17":"product-type-simple"},"_links":{"self":[{"href":"https:\/\/roveyayinevi.com.tr\/index.php\/wp-json\/wp\/v2\/product\/713849","targetHints":{"allow":["GET"]}}],"collection":[{"href":"https:\/\/roveyayinevi.com.tr\/index.php\/wp-json\/wp\/v2\/product"}],"about":[{"href":"https:\/\/roveyayinevi.com.tr\/index.php\/wp-json\/wp\/v2\/types\/product"}],"wp:attachment":[{"href":"https:\/\/roveyayinevi.com.tr\/index.php\/wp-json\/wp\/v2\/media?parent=713849"}],"wp:term":[{"taxonomy":"product_brand","embeddable":true,"href":"https:\/\/roveyayinevi.com.tr\/index.php\/wp-json\/wp\/v2\/product_brand?post=713849"},{"taxonomy":"product_cat","embeddable":true,"href":"https:\/\/roveyayinevi.com.tr\/index.php\/wp-json\/wp\/v2\/product_cat?post=713849"},{"taxonomy":"product_tag","embeddable":true,"href":"https:\/\/roveyayinevi.com.tr\/index.php\/wp-json\/wp\/v2\/product_tag?post=713849"}],"curies":[{"name":"wp","href":"https:\/\/api.w.org\/{rel}","templated":true}]}}