{"id":713848,"date":"2025-08-27T17:12:23","date_gmt":"2025-08-27T14:12:23","guid":{"rendered":"https:\/\/roveyayinevi.com.tr\/index.php\/urun\/gizem-arar-kral-mezari\/"},"modified":"2026-04-16T02:22:21","modified_gmt":"2026-04-15T23:22:21","slug":"gizem-arar-kral-mezari","status":"publish","type":"product","link":"https:\/\/roveyayinevi.com.tr\/index.php\/urun\/gizem-arar-kral-mezari\/","title":{"rendered":"Gizem Arar Kral Mezar\u0131"},"content":{"rendered":"<p>Define Avc\u0131lar\u0131 m\u0131 Dediniz? Gizem anne babas\u0131yla hem arkeolog kuzeni Zeynep Ablas\u0131n\u0131 g\u00f6rmek hem de kaz\u0131y\u0131 gezmek i\u00e7in Bergama\u2019ya gelmi\u015fti. Bergama inan\u0131lmaz bir yerdi! Gizem\u2019in i\u00e7i k\u0131p\u0131r k\u0131p\u0131rd\u0131! Evet, antik kal\u0131nt\u0131lar\u0131yla, k\u00fc\u00e7\u00fck, bozulmam\u0131\u015f tarih\u00ee evleri ve do\u011fas\u0131yla Bergama g\u00fczel bir yerdi. Ama Gizem\u2019i buraya \u00e7eken ba\u015fka bir \u015fey daha vard\u0131 sanki. \u00c7\u00f6z\u00fclmeyi bekleyen bir gizem, Gizem\u2019i \u00e7a\u011f\u0131r\u0131yor gibiydi.Annesiyle babas\u0131 soyadlar\u0131 Arar oldu\u011fu halde Gizem ad\u0131n\u0131 vermi\u015fti ona. Bu durumda nerede gizem varsa, aray\u0131p bulacakt\u0131 tabii! Kral mezarlar\u0131, mumyalar, define avc\u0131lar\u0131 e\u015fli\u011finde Bergama antik kentinde ge\u00e7en bu heyecanl\u0131 hik\u00e2yeyi soluk solu\u011fa okurken merakl\u0131 Gizem\u2019le de tan\u0131\u015facaks\u0131n\u0131z. <\/p>\n","protected":false},"excerpt":{"rendered":"<p>Define Avc\u0131lar\u0131 m\u0131 Dediniz? Gizem anne babas\u0131yla hem arkeolog kuzeni Zeynep Ablas\u0131n\u0131 g\u00f6rmek hem de kaz\u0131y\u0131 gezmek i\u00e7in Bergama\u2019ya gelmi\u015fti. Bergama inan\u0131lmaz bir yerdi! Gizem\u2019in i\u00e7i<span class=\"excerpt-hellip\"> [\u2026]<\/span><\/p>\n","protected":false},"featured_media":0,"template":"","meta":{"_monsterinsights_skip_tracking":false,"_monsterinsights_sitenote_active":false,"_monsterinsights_sitenote_note":"","_monsterinsights_sitenote_category":0},"product_brand":[],"product_cat":[12275,12274],"product_tag":[],"class_list":{"0":"post-713848","1":"product","2":"type-product","3":"status-publish","5":"product_cat-6-12-yas-kitaplari","6":"product_cat-cocuk-ve-genclik-kitaplari","7":"pa_cilt-ciltsiz","8":"pa_tur-kitap","9":"pa_yayinevi-yapi-kredi-yayinlari","10":"pa_yazar-cigdem-kaplangi","12":"first","13":"instock","14":"sale","15":"shipping-taxable","16":"purchasable","17":"product-type-simple"},"_links":{"self":[{"href":"https:\/\/roveyayinevi.com.tr\/index.php\/wp-json\/wp\/v2\/product\/713848","targetHints":{"allow":["GET"]}}],"collection":[{"href":"https:\/\/roveyayinevi.com.tr\/index.php\/wp-json\/wp\/v2\/product"}],"about":[{"href":"https:\/\/roveyayinevi.com.tr\/index.php\/wp-json\/wp\/v2\/types\/product"}],"wp:attachment":[{"href":"https:\/\/roveyayinevi.com.tr\/index.php\/wp-json\/wp\/v2\/media?parent=713848"}],"wp:term":[{"taxonomy":"product_brand","embeddable":true,"href":"https:\/\/roveyayinevi.com.tr\/index.php\/wp-json\/wp\/v2\/product_brand?post=713848"},{"taxonomy":"product_cat","embeddable":true,"href":"https:\/\/roveyayinevi.com.tr\/index.php\/wp-json\/wp\/v2\/product_cat?post=713848"},{"taxonomy":"product_tag","embeddable":true,"href":"https:\/\/roveyayinevi.com.tr\/index.php\/wp-json\/wp\/v2\/product_tag?post=713848"}],"curies":[{"name":"wp","href":"https:\/\/api.w.org\/{rel}","templated":true}]}}