{"id":713844,"date":"2025-08-27T17:12:21","date_gmt":"2025-08-27T14:12:21","guid":{"rendered":"https:\/\/roveyayinevi.com.tr\/index.php\/urun\/insan-dengesi\/"},"modified":"2026-04-16T02:22:21","modified_gmt":"2026-04-15T23:22:21","slug":"insan-dengesi","status":"publish","type":"product","link":"https:\/\/roveyayinevi.com.tr\/index.php\/urun\/insan-dengesi\/","title":{"rendered":"\u0130nsan Dengesi"},"content":{"rendered":"<p>Arkada\u015flar\u0131yla birlikte, medeniyetten uzak \u0131ss\u0131z bir adada tatil yapmay\u0131 planlayan orta ya\u015f\u0131 \u00e7oktan geride b\u0131rakm\u0131\u015f bir \u00e7ift, yola \u00e7\u0131kmadan hemen \u00f6nce Sarah\u2019n\u0131n kap\u0131lar\u0131nda belirmesiyle \u015fa\u015fk\u0131na d\u00f6ner. Anne babas\u0131n\u0131 uzun y\u0131llard\u0131r tan\u0131d\u0131klar\u0131 bu gen\u00e7 k\u0131z, adada anlat\u0131c\u0131 ve kocas\u0131na e\u015flik eder. Sarah, bu sakin ama gergin g\u00fcnlerin birinde, beklenmedik bir bi\u00e7imde, g\u00fcnl\u00fc\u011f\u00fcn\u00fc anlat\u0131c\u0131ya g\u00f6sterdi\u011finde trajik ge\u00e7mi\u015fi ortaya \u00e7\u0131kar. Bu ge\u00e7mi\u015fle hesapla\u015fmas\u0131 gereken sadece o de\u011fildir art\u0131k&#8230; Eserleri \u00e7e\u015fitli dillere \u00e7evrilen, Avusturyal\u0131 \u00f6d\u00fcll\u00fc yazar Margit Schreiner\u2019den, keder, zaman ve varolu\u015fun sorumlulu\u011fu \u00fczerine ak\u0131llardan \u00e7\u0131kmayacak bir anlat\u0131. Ertesi sabah zaman devrilmeye ba\u015flad\u0131. Az \u00f6nce sonsuz gibi g\u00f6r\u00fcnen zaman art\u0131k s\u0131n\u0131rl\u0131yd\u0131. Adada sadece \u00fc\u00e7 g\u00fcn\u00fcm\u00fcz kalm\u0131\u015ft\u0131! Art\u0131k hayal kurmaya, uzun uzun d\u00fc\u015f\u00fcnmeye, karar alaca\u011f\u0131m\u0131z birtak\u0131m konu\u015fmalar yapmaya, yazmaya ba\u015flamaya zaman yoktu, nihayet bir kez olsun eski koyun a\u011f\u0131l\u0131nda gecelemeye ya da adan\u0131n g\u00fcney ucundaki marinaya y\u00fcr\u00fcyerek gitmeye yine zaman yoktu. Ada\u00e7ay\u0131 toplay\u0131p kurutmaya, evde salamura yapmak i\u00e7in tepedeki zeytinlikten zeytin toplamaya ya da denizden \u00e7\u0131kan k\u00fct\u00fc\u011f\u00fc boyamaya bile zaman yoktu. Zaman darl\u0131\u011f\u0131ndan felce u\u011fram\u0131\u015f gibiydim. Sarah\u2019n\u0131n g\u00fcnl\u00fc\u011f\u00fc komodinimin \u00fczerinde duruyordu.<\/p>\n","protected":false},"excerpt":{"rendered":"<p>Arkada\u015flar\u0131yla birlikte, medeniyetten uzak \u0131ss\u0131z bir adada tatil yapmay\u0131 planlayan orta ya\u015f\u0131 \u00e7oktan geride b\u0131rakm\u0131\u015f bir \u00e7ift, yola \u00e7\u0131kmadan hemen \u00f6nce Sarah\u2019n\u0131n kap\u0131lar\u0131nda belirmesiyle \u015fa\u015fk\u0131na d\u00f6ner.<span class=\"excerpt-hellip\"> [\u2026]<\/span><\/p>\n","protected":false},"featured_media":0,"template":"","meta":{"_monsterinsights_skip_tracking":false,"_monsterinsights_sitenote_active":false,"_monsterinsights_sitenote_note":"","_monsterinsights_sitenote_category":0},"product_brand":[],"product_cat":[12291,12711],"product_tag":[],"class_list":{"0":"post-713844","1":"product","2":"type-product","3":"status-publish","5":"product_cat-edebiyat","6":"product_cat-roman-oyku","7":"pa_cilt-ciltsiz","8":"pa_tur-kitap","9":"pa_yayinevi-yapi-kredi-yayinlari","10":"pa_yazar-margit-schreiner","12":"first","13":"instock","14":"sale","15":"shipping-taxable","16":"purchasable","17":"product-type-simple"},"_links":{"self":[{"href":"https:\/\/roveyayinevi.com.tr\/index.php\/wp-json\/wp\/v2\/product\/713844","targetHints":{"allow":["GET"]}}],"collection":[{"href":"https:\/\/roveyayinevi.com.tr\/index.php\/wp-json\/wp\/v2\/product"}],"about":[{"href":"https:\/\/roveyayinevi.com.tr\/index.php\/wp-json\/wp\/v2\/types\/product"}],"wp:attachment":[{"href":"https:\/\/roveyayinevi.com.tr\/index.php\/wp-json\/wp\/v2\/media?parent=713844"}],"wp:term":[{"taxonomy":"product_brand","embeddable":true,"href":"https:\/\/roveyayinevi.com.tr\/index.php\/wp-json\/wp\/v2\/product_brand?post=713844"},{"taxonomy":"product_cat","embeddable":true,"href":"https:\/\/roveyayinevi.com.tr\/index.php\/wp-json\/wp\/v2\/product_cat?post=713844"},{"taxonomy":"product_tag","embeddable":true,"href":"https:\/\/roveyayinevi.com.tr\/index.php\/wp-json\/wp\/v2\/product_tag?post=713844"}],"curies":[{"name":"wp","href":"https:\/\/api.w.org\/{rel}","templated":true}]}}