{"id":713842,"date":"2025-08-27T17:12:19","date_gmt":"2025-08-27T14:12:19","guid":{"rendered":"https:\/\/roveyayinevi.com.tr\/index.php\/urun\/kurt-edebiyatinin-anatomisi\/"},"modified":"2026-04-16T02:22:21","modified_gmt":"2026-04-15T23:22:21","slug":"kurt-edebiyatinin-anatomisi","status":"publish","type":"product","link":"https:\/\/roveyayinevi.com.tr\/index.php\/urun\/kurt-edebiyatinin-anatomisi\/","title":{"rendered":"K\u00fcrt Edebiyat\u0131n\u0131n Anatomisi"},"content":{"rendered":"<p>K\u00fcrt dili edebiyat tarihinin izini s\u00fcrmek, zor ve tart\u0131\u015fmal\u0131 bir konu. Sebepleri \u00e7ok \u00e7e\u015fitlidir ancak bilhassa edebiyat tarihinin olu\u015fumuna kat\u0131lan kurumlar\u0131yla devletin eksikli\u011finden s\u00f6z edilebilir. Elbette bu temel eksikli\u011fin yan\u0131s\u0131ra, bu meseleyle ilgili yap\u0131lm\u0131\u015f \u00e7al\u0131\u015fmalar\u0131n azl\u0131\u011f\u0131ndan, edebiyat tarihini ger\u00e7ek veya hayali bir kadim tarihe dayand\u0131rmaya meyilli ulusal tarih yaz\u0131m\u0131ndan da bahsedilebilir. Bu eser iki b\u00f6l\u00fcmden olu\u015fmaktad\u0131r. Birinci k\u0131s\u0131m \u201calan d\u0131\u015f\u0131\u201d yaz\u0131nsal faaliyetleri etkileyen kaynak ve k\u0131s\u0131tlara, yani \u201cd\u0131\u015f etkenlere\u201d ayr\u0131lm\u0131\u015ft\u0131r. \u00d6zellikle yaz\u0131nsal ve siyasal K\u00fcrt akt\u00f6rler ile dillerini hangi ili\u015fkilerin birle\u015ftirdi\u011fini anlamak i\u00e7in incelenmesi gereken dil politikalar\u0131 ele al\u0131nmaktad\u0131r. \u00c7al\u0131\u015fman\u0131n ilk alt b\u00f6l\u00fcm\u00fc T\u00fcrk dil politikalar\u0131na, ikincisi ise K\u00fcrt dil politikalar\u0131na ayr\u0131lm\u0131\u015ft\u0131r. \u0130kinci alt b\u00f6l\u00fcm olan \u201c\u00e7o\u011ful alan\u201d ise K\u00fcrt yaz\u0131nsal alan\u0131n\u0131n olu\u015fumunu ve yap\u0131lanmas\u0131n\u0131 anlatmaktad\u0131r. Ara\u015ft\u0131rma, T\u00fcrkiye\u2019deki askeri rejimin en sert davrand\u0131\u011f\u0131 d\u00f6nemde, \u0130sve\u00e7\u2019te yaz\u0131nsal yarat\u0131m s\u00fcrecinin ger\u00e7ek temellerini olu\u015fturan dil ve yaz\u0131nsal faaliyetlerin analiziyle ba\u015flamaktad\u0131r. Ard\u0131ndan eser, edebi \u00e7evrenin olu\u015fumunda rol oynayan de\u011fi\u015fik akt\u00f6rlerin ortaya \u00e7\u0131k\u0131\u015f\u0131 ve onu yap\u0131land\u0131ran ve harekete ge\u00e7iren bahisler ve tart\u0131\u015fmalar \u00fczerine yo\u011funla\u015fmaktad\u0131r. Bu tart\u0131\u015fmalar, bizi K\u00fcrt edebiyat\u0131n\u0131n s\u0131n\u0131rlar\u0131n\u0131 sorgulamaya ve alan\u0131n a\u00e7\u0131k niteli\u011fi \u00fczerine kafa yormaya g\u00f6t\u00fcrecektir&#8230; <\/p>\n","protected":false},"excerpt":{"rendered":"<p>K\u00fcrt dili edebiyat tarihinin izini s\u00fcrmek, zor ve tart\u0131\u015fmal\u0131 bir konu. Sebepleri \u00e7ok \u00e7e\u015fitlidir ancak bilhassa edebiyat tarihinin olu\u015fumuna kat\u0131lan kurumlar\u0131yla devletin eksikli\u011finden s\u00f6z edilebilir. Elbette<span class=\"excerpt-hellip\"> [\u2026]<\/span><\/p>\n","protected":false},"featured_media":0,"template":"","meta":{"_monsterinsights_skip_tracking":false,"_monsterinsights_sitenote_active":false,"_monsterinsights_sitenote_note":"","_monsterinsights_sitenote_category":0},"product_brand":[],"product_cat":[13548,12408],"product_tag":[],"class_list":{"0":"post-713842","1":"product","2":"type-product","3":"status-publish","5":"product_cat-kuram","6":"product_cat-sanat","7":"pa_cilt-ciltsiz","8":"pa_tur-kitap","9":"pa_yayinevi-ayrinti-yayinlari","10":"pa_yazar-clemence-scalbert-yucel","12":"first","13":"instock","14":"sale","15":"shipping-taxable","16":"purchasable","17":"product-type-simple"},"_links":{"self":[{"href":"https:\/\/roveyayinevi.com.tr\/index.php\/wp-json\/wp\/v2\/product\/713842","targetHints":{"allow":["GET"]}}],"collection":[{"href":"https:\/\/roveyayinevi.com.tr\/index.php\/wp-json\/wp\/v2\/product"}],"about":[{"href":"https:\/\/roveyayinevi.com.tr\/index.php\/wp-json\/wp\/v2\/types\/product"}],"wp:attachment":[{"href":"https:\/\/roveyayinevi.com.tr\/index.php\/wp-json\/wp\/v2\/media?parent=713842"}],"wp:term":[{"taxonomy":"product_brand","embeddable":true,"href":"https:\/\/roveyayinevi.com.tr\/index.php\/wp-json\/wp\/v2\/product_brand?post=713842"},{"taxonomy":"product_cat","embeddable":true,"href":"https:\/\/roveyayinevi.com.tr\/index.php\/wp-json\/wp\/v2\/product_cat?post=713842"},{"taxonomy":"product_tag","embeddable":true,"href":"https:\/\/roveyayinevi.com.tr\/index.php\/wp-json\/wp\/v2\/product_tag?post=713842"}],"curies":[{"name":"wp","href":"https:\/\/api.w.org\/{rel}","templated":true}]}}