{"id":713841,"date":"2025-08-27T17:12:19","date_gmt":"2025-08-27T14:12:19","guid":{"rendered":"https:\/\/roveyayinevi.com.tr\/index.php\/urun\/perdeyi-aralamak-filmlerde-anlati-ve-elestiri\/"},"modified":"2026-04-16T02:22:21","modified_gmt":"2026-04-15T23:22:21","slug":"perdeyi-aralamak-filmlerde-anlati-ve-elestiri","status":"publish","type":"product","link":"https:\/\/roveyayinevi.com.tr\/index.php\/urun\/perdeyi-aralamak-filmlerde-anlati-ve-elestiri\/","title":{"rendered":"Perdeyi Aralamak Filmlerde Anlat\u0131 ve Ele\u015ftiri"},"content":{"rendered":"<p>Bizim i\u00e7in bu kitab\u0131n hik\u00e2yesi, asl\u0131nda Se\u00e7il B\u00fcker Hocam\u0131z\u0131n emekli oldu\u011fu tarihte ba\u015flad\u0131. Hocam\u0131z i\u00e7in bir kitap haz\u0131rlamak iste\u011fiyle yola \u00e7\u0131kt\u0131k. Bunun i\u00e7in \u00e7o\u011funlu\u011fu \u00f6\u011frencileri ve dostlar\u0131 olan ki\u015filerden yaz\u0131lar istedik. Elimizde hocam\u0131z\u0131n sevdi\u011fi filmlerin listesi vard\u0131 ama elinizdeki \u00e7al\u0131\u015fmada az da olsa bu listenin d\u0131\u015f\u0131na \u00e7\u0131k\u0131ld\u0131, bazen, yazarlar \u00f6zg\u00fcrce istedikleri filmler hakk\u0131nda da yazd\u0131lar. \u015eunu s\u00f6yleyebiliriz: T\u00fcrkiye\u2019nin siyasal ortam\u0131 her zaman rahat, mutlu bir \u00e7al\u0131\u015fma ortam\u0131 yaratmad\u0131\u011f\u0131 i\u00e7in yaz\u0131lar\u0131n toplanmas\u0131 biraz uzun s\u00fcrd\u00fc: Fikir a\u015famas\u0131ndan, elinizde tuttu\u011funuz kitaba gelene kadar d\u00f6rt y\u0131l ge\u00e7ti. Ama i\u00e7imize sinen kapsaml\u0131 bir \u00e7al\u0131\u015fma oldu. \u0130kimizin de \u00f6nce hocas\u0131, sonra arkada\u015f\u0131, dostu olmu\u015f bir ki\u015fi Se\u00e7il B\u00fcker. E\u011fitim ya\u015fam\u0131m\u0131zda bize katk\u0131lar\u0131 \u00e7ok b\u00fcy\u00fck. \u0130\u015fin ilginci, Se\u00e7il B\u00fcker i\u00e7in yaz\u0131lan bu kitab\u0131n \u00fczerinde de B\u00fcker\u2019in eme\u011fi var; hem \u00e7ok say\u0131da kaynak\u00e7ada hocam\u0131z\u0131n kaynaklar\u0131ndan yararland\u0131 yazarlar, hem de kitab\u0131n tasarlan\u0131\u015f\u0131, ad\u0131 ve sistemati\u011finde hocam\u0131z\u0131n eme\u011fi var. S\u00fcre uzun olunca, zaman zaman ba\u015fl\u0131klar\u0131 payla\u015ft\u0131k kendisiyle. Onunla ilgili kitab\u0131 onsuz yapamad\u0131k, bu da ilgin\u00e7, de\u011fil mi? Umar\u0131z okur keyifli bir sinema yolculu\u011funa \u00e7\u0131kar ve i\u00e7 tutarl\u0131l\u0131\u011f\u0131 olan bu labirentte kendi yolunu bulur&#8230; S. Ruken \u00d6zt\u00fcrk &amp; Hasan Akbulut <\/p>\n","protected":false},"excerpt":{"rendered":"<p>Bizim i\u00e7in bu kitab\u0131n hik\u00e2yesi, asl\u0131nda Se\u00e7il B\u00fcker Hocam\u0131z\u0131n emekli oldu\u011fu tarihte ba\u015flad\u0131. Hocam\u0131z i\u00e7in bir kitap haz\u0131rlamak iste\u011fiyle yola \u00e7\u0131kt\u0131k. Bunun i\u00e7in \u00e7o\u011funlu\u011fu \u00f6\u011frencileri ve<span class=\"excerpt-hellip\"> [\u2026]<\/span><\/p>\n","protected":false},"featured_media":0,"template":"","meta":{"_monsterinsights_skip_tracking":false,"_monsterinsights_sitenote_active":false,"_monsterinsights_sitenote_note":"","_monsterinsights_sitenote_category":0},"product_brand":[],"product_cat":[12409,12408],"product_tag":[],"class_list":{"0":"post-713841","1":"product","2":"type-product","3":"status-publish","5":"product_cat-fotograf-sinema-tiyatro","6":"product_cat-sanat","7":"pa_cilt-ciltsiz","8":"pa_tur-kitap","9":"pa_yayinevi-ayrinti-yayinlari","10":"pa_yazar-semire-ruken-ozturk-hasan-akbulut","12":"first","13":"instock","14":"sale","15":"shipping-taxable","16":"purchasable","17":"product-type-simple"},"_links":{"self":[{"href":"https:\/\/roveyayinevi.com.tr\/index.php\/wp-json\/wp\/v2\/product\/713841","targetHints":{"allow":["GET"]}}],"collection":[{"href":"https:\/\/roveyayinevi.com.tr\/index.php\/wp-json\/wp\/v2\/product"}],"about":[{"href":"https:\/\/roveyayinevi.com.tr\/index.php\/wp-json\/wp\/v2\/types\/product"}],"wp:attachment":[{"href":"https:\/\/roveyayinevi.com.tr\/index.php\/wp-json\/wp\/v2\/media?parent=713841"}],"wp:term":[{"taxonomy":"product_brand","embeddable":true,"href":"https:\/\/roveyayinevi.com.tr\/index.php\/wp-json\/wp\/v2\/product_brand?post=713841"},{"taxonomy":"product_cat","embeddable":true,"href":"https:\/\/roveyayinevi.com.tr\/index.php\/wp-json\/wp\/v2\/product_cat?post=713841"},{"taxonomy":"product_tag","embeddable":true,"href":"https:\/\/roveyayinevi.com.tr\/index.php\/wp-json\/wp\/v2\/product_tag?post=713841"}],"curies":[{"name":"wp","href":"https:\/\/api.w.org\/{rel}","templated":true}]}}