{"id":713837,"date":"2025-08-27T17:12:16","date_gmt":"2025-08-27T14:12:16","guid":{"rendered":"https:\/\/roveyayinevi.com.tr\/index.php\/urun\/bir-muadele-i-sevda\/"},"modified":"2026-04-16T02:22:21","modified_gmt":"2026-04-15T23:22:21","slug":"bir-muadele-i-sevda","status":"publish","type":"product","link":"https:\/\/roveyayinevi.com.tr\/index.php\/urun\/bir-muadele-i-sevda\/","title":{"rendered":"Bir Muadele-i Sevda"},"content":{"rendered":"<p>H\u00fcseyin Rahmi G\u00fcrp\u0131nar\u2019\u0131n Bir Muadele-i Sevda roman\u0131 ilk olarak \u0130kdam gazetesinde tefrika edildikten sonra ayr\u0131ca Ma\u00e2rif nezareti cel\u00eelesinin ruhsat\u0131yla \u0130kdam matbaas\u0131nda 1899\u2019da (1315) kitap olarak bas\u0131lm\u0131\u015ft\u0131r. Bir Muadele-i Sevda, \u201cBir Sevda Denklemi\u201d demektir. Romanda olaylar, eserin kahramanlar\u0131ndan Naki\u2019nin a\u011fz\u0131ndan nakledilmektedir. Naki, zengin bir ailenin el \u00fcst\u00fcnde tutularak b\u00fcy\u00fct\u00fclm\u00fc\u015f o\u011fludur. \u00dc\u00e7\u00fcnc\u00fc kar\u0131s\u0131 Bedia\u2019y\u0131, evlendikleri gece aralar\u0131nda ge\u00e7en tart\u0131\u015fmalar sonucu babas\u0131n\u0131n evine g\u00f6nderir. Sonra da pi\u015fman olarak pe\u015fine d\u00fc\u015fer ve bar\u0131\u015f\u0131rlar. Ancak Bedia bu evlili\u011fi babas\u0131n\u0131n zoruyla yapm\u0131\u015ft\u0131r. Asl\u0131nda Fatin adl\u0131 bir genci sevmektedir ve ailesi buna kar\u015f\u0131 \u00e7\u0131km\u0131\u015ft\u0131r. Bedia evlendikten sonra da Fatin\u2019le ili\u015fkisine devam eder. Naki bu ger\u00e7e\u011fi daha sonra anlar. Kar\u0131s\u0131n\u0131n Fatin\u2019e yazd\u0131\u011f\u0131 mektuplar\u0131 ve Fatin\u2019in foto\u011fraf\u0131n\u0131 bulup da kar\u0131s\u0131n\u0131 sorguya \u00e7ekince Bedia bir bunal\u0131m ge\u00e7irir, \u00e7ocu\u011funu d\u00fc\u015f\u00fcr\u00fcr, a\u011f\u0131r hastalan\u0131nca da Naki onu bo\u015far. Bedia, babas\u0131n\u0131n evine d\u00f6ner, iyile\u015fir ve Fatin\u2019le evlenir. <\/p>\n","protected":false},"excerpt":{"rendered":"<p>H\u00fcseyin Rahmi G\u00fcrp\u0131nar\u2019\u0131n Bir Muadele-i Sevda roman\u0131 ilk olarak \u0130kdam gazetesinde tefrika edildikten sonra ayr\u0131ca Ma\u00e2rif nezareti cel\u00eelesinin ruhsat\u0131yla \u0130kdam matbaas\u0131nda 1899\u2019da (1315) kitap olarak bas\u0131lm\u0131\u015ft\u0131r.<span class=\"excerpt-hellip\"> [\u2026]<\/span><\/p>\n","protected":false},"featured_media":0,"template":"","meta":{"_monsterinsights_skip_tracking":false,"_monsterinsights_sitenote_active":false,"_monsterinsights_sitenote_note":"","_monsterinsights_sitenote_category":0},"product_brand":[],"product_cat":[12274,20117],"product_tag":[],"class_list":{"0":"post-713837","1":"product","2":"type-product","3":"status-publish","5":"product_cat-cocuk-ve-genclik-kitaplari","6":"product_cat-turk-klasikleri","7":"pa_cilt-ciltsiz","8":"pa_tur-kitap","9":"pa_yayinevi-ayrinti-yayinlari","10":"pa_yazar-huseyin-rahmi-gurpinar","12":"first","13":"instock","14":"sale","15":"shipping-taxable","16":"purchasable","17":"product-type-simple"},"_links":{"self":[{"href":"https:\/\/roveyayinevi.com.tr\/index.php\/wp-json\/wp\/v2\/product\/713837","targetHints":{"allow":["GET"]}}],"collection":[{"href":"https:\/\/roveyayinevi.com.tr\/index.php\/wp-json\/wp\/v2\/product"}],"about":[{"href":"https:\/\/roveyayinevi.com.tr\/index.php\/wp-json\/wp\/v2\/types\/product"}],"wp:attachment":[{"href":"https:\/\/roveyayinevi.com.tr\/index.php\/wp-json\/wp\/v2\/media?parent=713837"}],"wp:term":[{"taxonomy":"product_brand","embeddable":true,"href":"https:\/\/roveyayinevi.com.tr\/index.php\/wp-json\/wp\/v2\/product_brand?post=713837"},{"taxonomy":"product_cat","embeddable":true,"href":"https:\/\/roveyayinevi.com.tr\/index.php\/wp-json\/wp\/v2\/product_cat?post=713837"},{"taxonomy":"product_tag","embeddable":true,"href":"https:\/\/roveyayinevi.com.tr\/index.php\/wp-json\/wp\/v2\/product_tag?post=713837"}],"curies":[{"name":"wp","href":"https:\/\/api.w.org\/{rel}","templated":true}]}}