{"id":713836,"date":"2025-08-27T17:11:44","date_gmt":"2025-08-27T14:11:44","guid":{"rendered":"https:\/\/roveyayinevi.com.tr\/index.php\/urun\/minik-may-mumisin-evi\/"},"modified":"2026-04-16T02:22:21","modified_gmt":"2026-04-15T23:22:21","slug":"minik-may-mumisin-evi","status":"publish","type":"product","link":"https:\/\/roveyayinevi.com.tr\/index.php\/urun\/minik-may-mumisin-evi\/","title":{"rendered":"Minik May \u2013 Mumi\u015f\u2019in Evi"},"content":{"rendered":"<p>Mumi Evi\u2019nde ya\u015famaya karar veren Minik May, Mumi\u015f\u2019e bir t\u00fcrl\u00fc rahat vermez. Mumi\u015f\u2019in Minik May\u2019den kurtulabilmek i\u00e7in tek \u00e7aresi kalm\u0131\u015ft\u0131r: Kendi evini in\u015fa etmek! Gelgelelim bu i\u015f san\u0131ld\u0131\u011f\u0131 kadar kolay de\u011fildir. Mumi\u015f, yeni evinin a\u00e7\u0131l\u0131\u015f partisinde herkesi g\u00f6rmekten mutluluk duyar, \u00fcstelik yeni eviyle ilgili g\u00fczel bir haberi de misafirleriyle payla\u015fmak ister. Minik May geri kal\u0131rm\u0131? Onun da herkese bir s\u00fcrprizi vard\u0131r. \ufffcTan\u0131t\u0131m Metni<\/p>\n","protected":false},"excerpt":{"rendered":"<p>Mumi Evi\u2019nde ya\u015famaya karar veren Minik May, Mumi\u015f\u2019e bir t\u00fcrl\u00fc rahat vermez. Mumi\u015f\u2019in Minik May\u2019den kurtulabilmek i\u00e7in tek \u00e7aresi kalm\u0131\u015ft\u0131r: Kendi evini in\u015fa etmek! Gelgelelim bu<span class=\"excerpt-hellip\"> [\u2026]<\/span><\/p>\n","protected":false},"featured_media":0,"template":"","meta":{"_monsterinsights_skip_tracking":false,"_monsterinsights_sitenote_active":false,"_monsterinsights_sitenote_note":"","_monsterinsights_sitenote_category":0},"product_brand":[],"product_cat":[12913,12274],"product_tag":[],"class_list":{"0":"post-713836","1":"product","2":"type-product","3":"status-publish","5":"product_cat-3-6-yas-kitaplari","6":"product_cat-cocuk-ve-genclik-kitaplari","7":"pa_cilt-ciltsiz","8":"pa_tur-kitap","9":"pa_yayinevi-dinozor-cocuk","10":"pa_yazar-tove-jansson-riina-sami-kaarla","12":"first","13":"instock","14":"sale","15":"shipping-taxable","16":"purchasable","17":"product-type-simple"},"_links":{"self":[{"href":"https:\/\/roveyayinevi.com.tr\/index.php\/wp-json\/wp\/v2\/product\/713836","targetHints":{"allow":["GET"]}}],"collection":[{"href":"https:\/\/roveyayinevi.com.tr\/index.php\/wp-json\/wp\/v2\/product"}],"about":[{"href":"https:\/\/roveyayinevi.com.tr\/index.php\/wp-json\/wp\/v2\/types\/product"}],"wp:attachment":[{"href":"https:\/\/roveyayinevi.com.tr\/index.php\/wp-json\/wp\/v2\/media?parent=713836"}],"wp:term":[{"taxonomy":"product_brand","embeddable":true,"href":"https:\/\/roveyayinevi.com.tr\/index.php\/wp-json\/wp\/v2\/product_brand?post=713836"},{"taxonomy":"product_cat","embeddable":true,"href":"https:\/\/roveyayinevi.com.tr\/index.php\/wp-json\/wp\/v2\/product_cat?post=713836"},{"taxonomy":"product_tag","embeddable":true,"href":"https:\/\/roveyayinevi.com.tr\/index.php\/wp-json\/wp\/v2\/product_tag?post=713836"}],"curies":[{"name":"wp","href":"https:\/\/api.w.org\/{rel}","templated":true}]}}