{"id":713834,"date":"2025-08-27T17:11:43","date_gmt":"2025-08-27T14:11:43","guid":{"rendered":"https:\/\/roveyayinevi.com.tr\/index.php\/urun\/hippi-yesil-kapak\/"},"modified":"2026-04-16T02:22:21","modified_gmt":"2026-04-15T23:22:21","slug":"hippi-yesil-kapak","status":"publish","type":"product","link":"https:\/\/roveyayinevi.com.tr\/index.php\/urun\/hippi-yesil-kapak\/","title":{"rendered":"Hippi (Ye\u015fil Kapak)"},"content":{"rendered":"<p>1970 y\u0131l\u0131n\u0131n Eyl\u00fcl ay\u0131nda, d\u00fcnyan\u0131n merkezi olma \u015ferefi i\u00e7in yar\u0131\u015fan iki mek\u00e2n vard\u0131: Londra\u2019daki Piccadilly Circus ve Amsterdam\u2019daki Dam Meydan\u0131&#8230; 1970 y\u0131l\u0131n\u0131n Eyl\u00fcl ay\u0131nda u\u00e7ak biletleri ate\u015f pahas\u0131 oldu\u011fundan u\u00e7akla seyahat ancak elit kesim i\u00e7in m\u00fcmk\u00fcnd\u00fc. Gen\u00e7lerden olu\u015fan muazzam bir kitle i\u00e7inse durum farkl\u0131yd\u0131. 1970 y\u0131l\u0131n\u0131n Eyl\u00fcl ay\u0131nda d\u00fcnyaya kad\u0131nlar h\u00fckmediyordu\u2026 Gen\u00e7 hippi kad\u0131nlar demek belki daha do\u011fru olur&#8230; 1970 y\u0131l\u0131n\u0131n Eyl\u00fcl ay\u0131nda herkesin paranormal g\u00fc\u00e7leri vard\u0131, olmayanlar da sahip olma yolundayd\u0131\u2026 1970 y\u0131l\u0131n\u0131n Eyl\u00fcl ay\u0131nda, yazarl\u0131k hayalleri kuran Paulo, \u00f6zg\u00fcrl\u00fck pe\u015finde d\u00fcnyay\u0131 dola\u015f\u0131rken Karla\u2019yla kar\u015f\u0131la\u015f\u0131nca ikisinin de ya\u015fam\u0131 k\u00f6kten de\u011fi\u015fecekti; Peru\u2019nun kay\u0131p \u015fehirleri, Brezilya\u2019n\u0131n zindanlar\u0131, Amsterdam\u2019\u0131n arka sokaklar\u0131, \u0130stanbul\u2019un \u00e7ar\u015f\u0131lar\u0131 bir b\u00fct\u00fcn\u00fcn par\u00e7alar\u0131 haline gelecekti\u2026 Paulo Coelho\u2019nun kendi ya\u015fam\u00f6yk\u00fcs\u00fcne belki de en yak\u0131n eseri Hippi, ba\u015fka bir d\u00fcnyan\u0131n m\u00fcmk\u00fcn oldu\u011funa inanan bar\u0131\u015f\u00e7\u0131l bir neslin aray\u0131\u015f ve d\u00f6n\u00fc\u015f\u00fcm \u00f6yk\u00fcs\u00fc. <\/p>\n","protected":false},"excerpt":{"rendered":"<p>1970 y\u0131l\u0131n\u0131n Eyl\u00fcl ay\u0131nda, d\u00fcnyan\u0131n merkezi olma \u015ferefi i\u00e7in yar\u0131\u015fan iki mek\u00e2n vard\u0131: Londra\u2019daki Piccadilly Circus ve Amsterdam\u2019daki Dam Meydan\u0131&#8230; 1970 y\u0131l\u0131n\u0131n Eyl\u00fcl ay\u0131nda u\u00e7ak biletleri<span class=\"excerpt-hellip\"> [\u2026]<\/span><\/p>\n","protected":false},"featured_media":0,"template":"","meta":{"_monsterinsights_skip_tracking":false,"_monsterinsights_sitenote_active":false,"_monsterinsights_sitenote_note":"","_monsterinsights_sitenote_category":0},"product_brand":[],"product_cat":[12291,12711],"product_tag":[],"class_list":{"0":"post-713834","1":"product","2":"type-product","3":"status-publish","5":"product_cat-edebiyat","6":"product_cat-roman-oyku","7":"pa_cilt-ciltsiz","8":"pa_tur-kitap","9":"pa_yayinevi-can-yayinlari","10":"pa_yazar-paulo-coelho","12":"first","13":"instock","14":"sale","15":"shipping-taxable","16":"purchasable","17":"product-type-simple"},"_links":{"self":[{"href":"https:\/\/roveyayinevi.com.tr\/index.php\/wp-json\/wp\/v2\/product\/713834","targetHints":{"allow":["GET"]}}],"collection":[{"href":"https:\/\/roveyayinevi.com.tr\/index.php\/wp-json\/wp\/v2\/product"}],"about":[{"href":"https:\/\/roveyayinevi.com.tr\/index.php\/wp-json\/wp\/v2\/types\/product"}],"wp:attachment":[{"href":"https:\/\/roveyayinevi.com.tr\/index.php\/wp-json\/wp\/v2\/media?parent=713834"}],"wp:term":[{"taxonomy":"product_brand","embeddable":true,"href":"https:\/\/roveyayinevi.com.tr\/index.php\/wp-json\/wp\/v2\/product_brand?post=713834"},{"taxonomy":"product_cat","embeddable":true,"href":"https:\/\/roveyayinevi.com.tr\/index.php\/wp-json\/wp\/v2\/product_cat?post=713834"},{"taxonomy":"product_tag","embeddable":true,"href":"https:\/\/roveyayinevi.com.tr\/index.php\/wp-json\/wp\/v2\/product_tag?post=713834"}],"curies":[{"name":"wp","href":"https:\/\/api.w.org\/{rel}","templated":true}]}}