{"id":713830,"date":"2025-08-27T17:11:40","date_gmt":"2025-08-27T14:11:40","guid":{"rendered":"https:\/\/roveyayinevi.com.tr\/index.php\/urun\/siirler-1-1971-1984\/"},"modified":"2026-04-16T02:22:21","modified_gmt":"2026-04-15T23:22:21","slug":"siirler-1-1971-1984","status":"publish","type":"product","link":"https:\/\/roveyayinevi.com.tr\/index.php\/urun\/siirler-1-1971-1984\/","title":{"rendered":"\u015eiirler \u2013 1  (1971 \u2013 1984)"},"content":{"rendered":"<p>G\u00fcnler bir orman\u0131n sessiz \u00e7\u0131\u011fl\u0131\u011f\u0131na g\u00f6m\u00fcld\u00fc Kendi i\u00e7ine d\u00fc\u015fen dipsiz kuyulara. Cesaret: G\u00f6zbebeklerimin i\u00e7indeki karanl\u0131k \u00fclke Perili&#8230; ve hi\u00e7 var\u0131lmayacak. G\u00fcn soldu, eteklerinde k\u0131z\u0131l p\u0131r\u0131lt\u0131larla damlarken su Bir at ki\u015fnemesi, ya\u011f\u0131z g\u00fcl kokusu Vard\u0131\u011f\u0131mda yoktu b\u00fct\u00fcn kap\u0131lar. Ben yitik zaman\u0131n alt\u0131nda kald\u0131m Silindi kap\u0131lar ben d\u0131\u015farda kald\u0131m Bu so\u011fuk, bu kimsesiz karanl\u0131kta Yaln\u0131z\u0131m, ellerimden ba\u015fka yok fenerim. <\/p>\n","protected":false},"excerpt":{"rendered":"<p>G\u00fcnler bir orman\u0131n sessiz \u00e7\u0131\u011fl\u0131\u011f\u0131na g\u00f6m\u00fcld\u00fc Kendi i\u00e7ine d\u00fc\u015fen dipsiz kuyulara. Cesaret: G\u00f6zbebeklerimin i\u00e7indeki karanl\u0131k \u00fclke Perili&#8230; ve hi\u00e7 var\u0131lmayacak. G\u00fcn soldu, eteklerinde k\u0131z\u0131l p\u0131r\u0131lt\u0131larla damlarken<span class=\"excerpt-hellip\"> [\u2026]<\/span><\/p>\n","protected":false},"featured_media":0,"template":"","meta":{"_monsterinsights_skip_tracking":false,"_monsterinsights_sitenote_active":false,"_monsterinsights_sitenote_note":"","_monsterinsights_sitenote_category":0},"product_brand":[],"product_cat":[12291,12509],"product_tag":[],"class_list":{"0":"post-713830","1":"product","2":"type-product","3":"status-publish","5":"product_cat-edebiyat","6":"product_cat-siir","7":"pa_cilt-ciltsiz","8":"pa_tur-kitap","9":"pa_yayinevi-kirmizi-kedi-yayinevi","10":"pa_yazar-tugrul-tanyol","12":"first","13":"instock","14":"sale","15":"shipping-taxable","16":"purchasable","17":"product-type-simple"},"_links":{"self":[{"href":"https:\/\/roveyayinevi.com.tr\/index.php\/wp-json\/wp\/v2\/product\/713830","targetHints":{"allow":["GET"]}}],"collection":[{"href":"https:\/\/roveyayinevi.com.tr\/index.php\/wp-json\/wp\/v2\/product"}],"about":[{"href":"https:\/\/roveyayinevi.com.tr\/index.php\/wp-json\/wp\/v2\/types\/product"}],"wp:attachment":[{"href":"https:\/\/roveyayinevi.com.tr\/index.php\/wp-json\/wp\/v2\/media?parent=713830"}],"wp:term":[{"taxonomy":"product_brand","embeddable":true,"href":"https:\/\/roveyayinevi.com.tr\/index.php\/wp-json\/wp\/v2\/product_brand?post=713830"},{"taxonomy":"product_cat","embeddable":true,"href":"https:\/\/roveyayinevi.com.tr\/index.php\/wp-json\/wp\/v2\/product_cat?post=713830"},{"taxonomy":"product_tag","embeddable":true,"href":"https:\/\/roveyayinevi.com.tr\/index.php\/wp-json\/wp\/v2\/product_tag?post=713830"}],"curies":[{"name":"wp","href":"https:\/\/api.w.org\/{rel}","templated":true}]}}