{"id":713827,"date":"2025-08-27T17:11:38","date_gmt":"2025-08-27T14:11:38","guid":{"rendered":"https:\/\/roveyayinevi.com.tr\/index.php\/urun\/kiyamet-savaslari-lemurya\/"},"modified":"2026-04-16T02:22:21","modified_gmt":"2026-04-15T23:22:21","slug":"kiyamet-savaslari-lemurya","status":"publish","type":"product","link":"https:\/\/roveyayinevi.com.tr\/index.php\/urun\/kiyamet-savaslari-lemurya\/","title":{"rendered":"K\u0131yamet Sava\u015flar\u0131 Lemurya"},"content":{"rendered":"<p>Ben  Anahita. 17 ya\u015f\u0131nda yuvam dedi\u011fim Lemurya&#8217;dan y\u00fczlerce y\u0131l \u00f6nce atalar\u0131m\u0131n geldi\u011fi yer olan D\u00fcnya&#8217;ya s\u00fcrg\u00fcn ediliyorum.Orada beni bekleyen tek \u015fey yaln\u0131zl\u0131k ve \u00f6l\u00fcm. Kurucular bunu biliyor ve \u00f6nemsemiyor. Umursad\u0131klar\u0131 tek \u015fey egemenliklerini korumak ve olu\u015fturduklar\u0131 d\u00fczenin y\u0131llard\u0131r oldu\u011fu gibi devam etmesi.Ben onlar\u0131n g\u00f6z\u00fcnde bir bilinmez , varl\u0131klar\u0131n\u0131 tehdit eden bir isyanc\u0131y\u0131m. Lemurya&#8217;n\u0131n tamam\u0131n\u0131n g\u00f6zleri \u00f6n\u00fcnde h\u00fckm\u00fcm verildi. Kalplerdeki korku ate\u015fi k\u00f6r\u00fcklendi.G\u00f6zlerinin \u00f6n\u00fcnde olmasa da bedenimden akacak kan,kurucular\u0131n korku tanr\u0131s\u0131na sunulan bir hediye. Ancak atlad\u0131klar\u0131 bir nokta var.Ben D\u00fcnya&#8217;ya \u00f6lmek i\u00e7in gitmiyorum.Dilimde intikam ate\u015finin kekremsi tad\u0131 ve ruhumda her saniye daha da b\u00fcy\u00fcyen bir nefret var.Ben Anahita!  Bir g\u00fcn neye mal olursa olsun Lemurya&#8217;ya d\u00f6n\u00fcp benden \u00e7al\u0131nan her \u015feyin hesab\u0131n\u0131 soraca\u011f\u0131m. Ya\u015fam bilgeli\u011fi ad\u0131na yemin ederim! <\/p>\n","protected":false},"excerpt":{"rendered":"<p>Ben Anahita. 17 ya\u015f\u0131nda yuvam dedi\u011fim Lemurya&#8217;dan y\u00fczlerce y\u0131l \u00f6nce atalar\u0131m\u0131n geldi\u011fi yer olan D\u00fcnya&#8217;ya s\u00fcrg\u00fcn ediliyorum.Orada beni bekleyen tek \u015fey yaln\u0131zl\u0131k ve \u00f6l\u00fcm. Kurucular bunu<span class=\"excerpt-hellip\"> [\u2026]<\/span><\/p>\n","protected":false},"featured_media":0,"template":"","meta":{"_monsterinsights_skip_tracking":false,"_monsterinsights_sitenote_active":false,"_monsterinsights_sitenote_note":"","_monsterinsights_sitenote_category":0},"product_brand":[],"product_cat":[12291,12711],"product_tag":[],"class_list":{"0":"post-713827","1":"product","2":"type-product","3":"status-publish","5":"product_cat-edebiyat","6":"product_cat-roman-oyku","7":"pa_cilt-ciltsiz","8":"pa_tur-kitap","9":"pa_yayinevi-baslangic-yayinlari","10":"pa_yazar-ebru-ozer","12":"first","13":"instock","14":"sale","15":"shipping-taxable","16":"purchasable","17":"product-type-simple"},"_links":{"self":[{"href":"https:\/\/roveyayinevi.com.tr\/index.php\/wp-json\/wp\/v2\/product\/713827","targetHints":{"allow":["GET"]}}],"collection":[{"href":"https:\/\/roveyayinevi.com.tr\/index.php\/wp-json\/wp\/v2\/product"}],"about":[{"href":"https:\/\/roveyayinevi.com.tr\/index.php\/wp-json\/wp\/v2\/types\/product"}],"wp:attachment":[{"href":"https:\/\/roveyayinevi.com.tr\/index.php\/wp-json\/wp\/v2\/media?parent=713827"}],"wp:term":[{"taxonomy":"product_brand","embeddable":true,"href":"https:\/\/roveyayinevi.com.tr\/index.php\/wp-json\/wp\/v2\/product_brand?post=713827"},{"taxonomy":"product_cat","embeddable":true,"href":"https:\/\/roveyayinevi.com.tr\/index.php\/wp-json\/wp\/v2\/product_cat?post=713827"},{"taxonomy":"product_tag","embeddable":true,"href":"https:\/\/roveyayinevi.com.tr\/index.php\/wp-json\/wp\/v2\/product_tag?post=713827"}],"curies":[{"name":"wp","href":"https:\/\/api.w.org\/{rel}","templated":true}]}}