{"id":713826,"date":"2025-08-27T17:11:37","date_gmt":"2025-08-27T14:11:37","guid":{"rendered":"https:\/\/roveyayinevi.com.tr\/index.php\/urun\/ayni-geceye-uyanmak-2\/"},"modified":"2026-04-16T02:22:21","modified_gmt":"2026-04-15T23:22:21","slug":"ayni-geceye-uyanmak-2","status":"publish","type":"product","link":"https:\/\/roveyayinevi.com.tr\/index.php\/urun\/ayni-geceye-uyanmak-2\/","title":{"rendered":"Ayn\u0131 Geceye Uyanmak 2"},"content":{"rendered":"<p>Ad\u0131m ad\u0131m bulunan ipu\u00e7lar\u0131 ve \u00e7\u00f6z\u00fclen olaylar&#8230; Ada ve Bulut, eksik par\u00e7alara art\u0131k \u00e7ok daha yak\u0131n. Halley ile ba\u015flayan maceralar\u0131 h\u0131z kesmeden devam ediyor. \u015eimdi geriye sadece tek bir \u015fey kal\u0131yor: Ne pahas\u0131na olursa olsun yola devam etmek ve ger\u00e7ekleri ortaya \u00e7\u0131karmak. Serinin son kitab\u0131yla birlikte ger\u00e7eklerle y\u00fczle\u015fmeye ve \u015fa\u015f\u0131rmaya haz\u0131r olun. \ufffcTan\u0131t\u0131m Metni<\/p>\n","protected":false},"excerpt":{"rendered":"<p>Ad\u0131m ad\u0131m bulunan ipu\u00e7lar\u0131 ve \u00e7\u00f6z\u00fclen olaylar&#8230; Ada ve Bulut, eksik par\u00e7alara art\u0131k \u00e7ok daha yak\u0131n. Halley ile ba\u015flayan maceralar\u0131 h\u0131z kesmeden devam ediyor. \u015eimdi geriye<span class=\"excerpt-hellip\"> [\u2026]<\/span><\/p>\n","protected":false},"featured_media":0,"template":"","meta":{"_monsterinsights_skip_tracking":false,"_monsterinsights_sitenote_active":false,"_monsterinsights_sitenote_note":"","_monsterinsights_sitenote_category":0},"product_brand":[],"product_cat":[12291,14777],"product_tag":[],"class_list":{"0":"post-713826","1":"product","2":"type-product","3":"status-publish","5":"product_cat-edebiyat","6":"product_cat-fantastik","7":"pa_cilt-ciltsiz","8":"pa_tur-kitap","9":"pa_yayinevi-baslangic-yayinlari","10":"pa_yazar-gizem-sag","12":"first","13":"instock","14":"sale","15":"shipping-taxable","16":"purchasable","17":"product-type-simple"},"_links":{"self":[{"href":"https:\/\/roveyayinevi.com.tr\/index.php\/wp-json\/wp\/v2\/product\/713826","targetHints":{"allow":["GET"]}}],"collection":[{"href":"https:\/\/roveyayinevi.com.tr\/index.php\/wp-json\/wp\/v2\/product"}],"about":[{"href":"https:\/\/roveyayinevi.com.tr\/index.php\/wp-json\/wp\/v2\/types\/product"}],"wp:attachment":[{"href":"https:\/\/roveyayinevi.com.tr\/index.php\/wp-json\/wp\/v2\/media?parent=713826"}],"wp:term":[{"taxonomy":"product_brand","embeddable":true,"href":"https:\/\/roveyayinevi.com.tr\/index.php\/wp-json\/wp\/v2\/product_brand?post=713826"},{"taxonomy":"product_cat","embeddable":true,"href":"https:\/\/roveyayinevi.com.tr\/index.php\/wp-json\/wp\/v2\/product_cat?post=713826"},{"taxonomy":"product_tag","embeddable":true,"href":"https:\/\/roveyayinevi.com.tr\/index.php\/wp-json\/wp\/v2\/product_tag?post=713826"}],"curies":[{"name":"wp","href":"https:\/\/api.w.org\/{rel}","templated":true}]}}