{"id":713824,"date":"2025-08-27T17:11:35","date_gmt":"2025-08-27T14:11:35","guid":{"rendered":"https:\/\/roveyayinevi.com.tr\/index.php\/urun\/ayni-geceye-uyanmak-1\/"},"modified":"2026-04-16T02:22:21","modified_gmt":"2026-04-15T23:22:21","slug":"ayni-geceye-uyanmak-1","status":"publish","type":"product","link":"https:\/\/roveyayinevi.com.tr\/index.php\/urun\/ayni-geceye-uyanmak-1\/","title":{"rendered":"Ayn\u0131 Geceye Uyanmak 1"},"content":{"rendered":"<p>Size miras olarak \u00f6zel bir u\u00e7ak kalsayd\u0131 ne yapard\u0131n\u0131z? Siz bu soruyu d\u00fc\u015f\u00fcn\u00fcrken ben ne yapt\u0131\u011f\u0131m\u0131 s\u00f6yleyeyim.Yar\u0131m kalm\u0131\u015f bir hikayeyi tamamlamak i\u00e7in uzuuuun bir yolculu\u011fa \u00e7\u0131kt\u0131m.Ben yery\u00fcz\u00fcnden ba\u011f\u0131ms\u0131z g\u00f6ky\u00fcz\u00fcne a\u015f\u0131k Ada, u\u00e7a\u011f\u0131m\u0131n ad\u0131 Halley. Asl\u0131nda Halley&#8217;in sadece yar\u0131s\u0131na sahibim. Di\u011fer yar\u0131s\u0131 ise&#8230; her neyse neler oldu\u011funu merak ediyorsan okumaya ba\u015fla. Hayat\u0131mda \u015fu an \u00e7ok garip \u015feyler oluyor. <\/p>\n","protected":false},"excerpt":{"rendered":"<p>Size miras olarak \u00f6zel bir u\u00e7ak kalsayd\u0131 ne yapard\u0131n\u0131z? Siz bu soruyu d\u00fc\u015f\u00fcn\u00fcrken ben ne yapt\u0131\u011f\u0131m\u0131 s\u00f6yleyeyim.Yar\u0131m kalm\u0131\u015f bir hikayeyi tamamlamak i\u00e7in uzuuuun bir yolculu\u011fa \u00e7\u0131kt\u0131m.Ben<span class=\"excerpt-hellip\"> [\u2026]<\/span><\/p>\n","protected":false},"featured_media":0,"template":"","meta":{"_monsterinsights_skip_tracking":false,"_monsterinsights_sitenote_active":false,"_monsterinsights_sitenote_note":"","_monsterinsights_sitenote_category":0},"product_brand":[],"product_cat":[12291,14777],"product_tag":[],"class_list":{"0":"post-713824","1":"product","2":"type-product","3":"status-publish","5":"product_cat-edebiyat","6":"product_cat-fantastik","7":"pa_cilt-ciltsiz","8":"pa_tur-kitap","9":"pa_yayinevi-baslangic-yayinlari","10":"pa_yazar-gizem-sag","12":"first","13":"instock","14":"sale","15":"shipping-taxable","16":"purchasable","17":"product-type-simple"},"_links":{"self":[{"href":"https:\/\/roveyayinevi.com.tr\/index.php\/wp-json\/wp\/v2\/product\/713824","targetHints":{"allow":["GET"]}}],"collection":[{"href":"https:\/\/roveyayinevi.com.tr\/index.php\/wp-json\/wp\/v2\/product"}],"about":[{"href":"https:\/\/roveyayinevi.com.tr\/index.php\/wp-json\/wp\/v2\/types\/product"}],"wp:attachment":[{"href":"https:\/\/roveyayinevi.com.tr\/index.php\/wp-json\/wp\/v2\/media?parent=713824"}],"wp:term":[{"taxonomy":"product_brand","embeddable":true,"href":"https:\/\/roveyayinevi.com.tr\/index.php\/wp-json\/wp\/v2\/product_brand?post=713824"},{"taxonomy":"product_cat","embeddable":true,"href":"https:\/\/roveyayinevi.com.tr\/index.php\/wp-json\/wp\/v2\/product_cat?post=713824"},{"taxonomy":"product_tag","embeddable":true,"href":"https:\/\/roveyayinevi.com.tr\/index.php\/wp-json\/wp\/v2\/product_tag?post=713824"}],"curies":[{"name":"wp","href":"https:\/\/api.w.org\/{rel}","templated":true}]}}