{"id":713821,"date":"2025-08-27T17:11:34","date_gmt":"2025-08-27T14:11:34","guid":{"rendered":"https:\/\/roveyayinevi.com.tr\/index.php\/urun\/dorian-grayin-portresibez-ciltli\/"},"modified":"2026-04-16T02:22:21","modified_gmt":"2026-04-15T23:22:21","slug":"dorian-grayin-portresibez-ciltli","status":"publish","type":"product","link":"https:\/\/roveyayinevi.com.tr\/index.php\/urun\/dorian-grayin-portresibez-ciltli\/","title":{"rendered":"Dorian Gray&#8217;in Portresi(Bez Ciltli)"},"content":{"rendered":"<p>Dorian Gray iyi huylu ve saf bir adamd\u0131r, ta ki ender g\u00f6r\u00fclen g\u00fczelli\u011finin g\u00fcc\u00fcn\u00fc ke\u015ffedinceye kadar. Bencilce zevklerin cazip ve u\u00e7ar\u0131 d\u00fcnyas\u0131nda giderek dibe batarken, yozla\u015fm\u0131\u015f hayat tarz\u0131n\u0131n yaratt\u0131\u011f\u0131 streslerden ve y\u0131llar\u0131n y\u0131prat\u0131c\u0131l\u0131\u011f\u0131ndan uzak kal\u0131r. Ancak \u00e7at\u0131 kat\u0131nda, bir \u00f6rt\u00fcn\u00fcn alt\u0131nda portresi \u00e7ok daha farkl\u0131 bir hik\u00e2ye anlatmaktad\u0131r.Edebiyat d\u00fcnyas\u0131n\u0131n tabular\u0131n\u0131 parampar\u00e7a eden Dorian Gray\u2019in Portresi, insan ruhunun karanl\u0131k k\u00f6\u015felerine \u0131\u015f\u0131k tuttu\u011fu i\u00e7in ele\u015ftiri oklar\u0131n\u0131 \u00fczerine \u00e7ekmi\u015f olsa da c\u00fcretk\u00e2rl\u0131\u011f\u0131yla her d\u00f6nemde en \u00e7ok okunan ba\u015fucu kitaplar\u0131ndan biri olmu\u015ftur.Oscar Wilde\u2019\u0131n \u201cHerkes Dorian Gray\u2019de kendi g\u00fcnah\u0131n\u0131 g\u00f6recek,\u201d dedi\u011fi ve benzersiz hayal g\u00fcc\u00fcn\u00fcn \u00fcr\u00fcn\u00fc olan bu tek roman\u0131n\u0131, Handan Haktan\u0131r\u2019\u0131n \u00f6zenli \u00e7evirisiyle sunuyoruz. <\/p>\n","protected":false},"excerpt":{"rendered":"<p>Dorian Gray iyi huylu ve saf bir adamd\u0131r, ta ki ender g\u00f6r\u00fclen g\u00fczelli\u011finin g\u00fcc\u00fcn\u00fc ke\u015ffedinceye kadar. Bencilce zevklerin cazip ve u\u00e7ar\u0131 d\u00fcnyas\u0131nda giderek dibe batarken, yozla\u015fm\u0131\u015f<span class=\"excerpt-hellip\"> [\u2026]<\/span><\/p>\n","protected":false},"featured_media":0,"template":"","meta":{"_monsterinsights_skip_tracking":false,"_monsterinsights_sitenote_active":false,"_monsterinsights_sitenote_note":"","_monsterinsights_sitenote_category":0},"product_brand":[],"product_cat":[12291,13872],"product_tag":[],"class_list":{"0":"post-713821","1":"product","2":"type-product","3":"status-publish","5":"product_cat-edebiyat","6":"product_cat-klasikler","7":"pa_cilt-ciltli","8":"pa_tur-kitap","9":"pa_yayinevi-koridor-yayincilik","10":"pa_yazar-oscar-wilde","12":"first","13":"instock","14":"sale","15":"shipping-taxable","16":"purchasable","17":"product-type-simple"},"_links":{"self":[{"href":"https:\/\/roveyayinevi.com.tr\/index.php\/wp-json\/wp\/v2\/product\/713821","targetHints":{"allow":["GET"]}}],"collection":[{"href":"https:\/\/roveyayinevi.com.tr\/index.php\/wp-json\/wp\/v2\/product"}],"about":[{"href":"https:\/\/roveyayinevi.com.tr\/index.php\/wp-json\/wp\/v2\/types\/product"}],"wp:attachment":[{"href":"https:\/\/roveyayinevi.com.tr\/index.php\/wp-json\/wp\/v2\/media?parent=713821"}],"wp:term":[{"taxonomy":"product_brand","embeddable":true,"href":"https:\/\/roveyayinevi.com.tr\/index.php\/wp-json\/wp\/v2\/product_brand?post=713821"},{"taxonomy":"product_cat","embeddable":true,"href":"https:\/\/roveyayinevi.com.tr\/index.php\/wp-json\/wp\/v2\/product_cat?post=713821"},{"taxonomy":"product_tag","embeddable":true,"href":"https:\/\/roveyayinevi.com.tr\/index.php\/wp-json\/wp\/v2\/product_tag?post=713821"}],"curies":[{"name":"wp","href":"https:\/\/api.w.org\/{rel}","templated":true}]}}