{"id":713820,"date":"2025-08-27T17:11:33","date_gmt":"2025-08-27T14:11:33","guid":{"rendered":"https:\/\/roveyayinevi.com.tr\/index.php\/urun\/istanbulun-cagrisi-sehrin-dilinden-fethin-hikayesi\/"},"modified":"2026-04-16T02:22:21","modified_gmt":"2026-04-15T23:22:21","slug":"istanbulun-cagrisi-sehrin-dilinden-fethin-hikayesi","status":"publish","type":"product","link":"https:\/\/roveyayinevi.com.tr\/index.php\/urun\/istanbulun-cagrisi-sehrin-dilinden-fethin-hikayesi\/","title":{"rendered":"\u0130stanbul&#8217;un \u00c7a\u011fr\u0131s\u0131 \u015eehrin Dilinden Fethin Hikayesi"},"content":{"rendered":"<p>Ben Konstantinapol&#8230; D\u00fcnyan\u0131n g\u00f6z bebe\u011fi\u2026Ay \u0131\u015f\u0131\u011f\u0131 sular\u0131ma vuruyor&#8230; Beni cennete benzetiyor el\u00e7iler. \u201cAlt\u0131ndan nehirler ge\u00e7en cennet. Selam sana Konstantiniyye, ey Peygamber m\u00fcjdesi. Gelece\u011fiz, bekle bizi.\u201dVe y\u00fcr\u00fcyor bir h\u00fck\u00fcmdar\u2026Tu\u011flar, davullar, k\u00f6sler, nakkarelerle&#8230; Tu\u011flar\u0131n r\u00fczg\u00e2r\u0131na tutulmu\u015f k\u0131z\u0131l, kara, doru, beyaz donlu atlarla&#8230; Kanatl\u0131 bir k\u0131srak \u00f6nc\u00fcl\u00fc\u011f\u00fcnde a\u015f\u0131l\u0131yor surlar\u0131m&#8230;Gece kadar siyah.Topuklar\u0131na kadar uzanan yelesi, g\u00f6k rengi g\u00f6zleri\u2026Ve ben d\u00fc\u015f\u00fcmde bu d\u00fc\u015f\u00fc anlat\u0131yorum.Sultan Mehmed\u2019in r\u00fcyas\u0131. \u0130mparator Konstantin\u2019in ve Bizans\u2019\u0131n son s\u0131\u011f\u0131na\u011f\u0131. Peygamber s\u00f6z\u00fcyle m\u00fcjdelenen, \u0130sa\u2019n\u0131n ve Meryem\u2019in himayesinde oldu\u011funa inan\u0131lan, u\u011fruna candan ge\u00e7ilen \u015fehir. Erguvan renkli t\u00fcllerle bezenmi\u015f davetk\u00e2r g\u00fczel. \u0130stanbul.Bir \u00f6nceki roman\u0131 L\u00e2\u2019l ile TYB\u2019den \u201cY\u0131l\u0131n Roman\u0131 \u00d6d\u00fcl\u00fc\u201dn\u00fc alan Ay\u015fe Kara, \u0130stanbul\u2019un \u00c7a\u011fr\u0131s\u0131\u2019nda yine \u00e7ok katmanl\u0131 bir kurguyla \u00e7\u0131k\u0131yor okurlar\u0131n kar\u015f\u0131s\u0131na. Ve ilk defa denenen bir \u015feyi yaparak t\u00fcm zamanlar\u0131n r\u00fcya \u015fehrine bu \u015fehir u\u011fruna olan\u0131 biteni kendi a\u011fz\u0131ndan anlatt\u0131r\u0131yor. Sultan Mehmed\u2019in, XI. Konstantin\u2019in, Elif\u2019in, Anna\u2019n\u0131n, Babanakka\u015f\u2019\u0131n, Ak \u015eeyh\u2019in, Celep Munzur\u2019un, Longo\u2019nun, Burunsuz Gregoryus\u2019un, Nalbanto\u011flu \u0130hsan\u2019\u0131n, Talihi Yaver Turan\u2019\u0131n ve \u00c7ak\u0131r\u2019\u0131n \u0130stanbul\u2019unu\u2026Bir yanda bin y\u0131ll\u0131k ba\u015fkentlerini kaybetme ihtimalini ilk kez bu kadar derinden hisseden Bizansl\u0131lar, bir yanda Peygamber m\u00fcjdesine eri\u015febilmek i\u00e7in her \u015feyi g\u00f6ze alm\u0131\u015f T\u00fcrkler&#8230;Ve Osmanl\u0131 ordug\u00e2h\u0131nda pe\u015f pe\u015fe i\u015flenen cinayetler, y\u00fcrek s\u00f6ken esrarengiz bir katil\u2026Bir Bizans oyunu mu bu? Yoksa Sultan Mehmed\u2019in hi\u00e7 beklemedi\u011fi yerden gelecek bir hesapla\u015fma m\u0131?\u00c7a\u011flar a\u00e7\u0131p \u00e7a\u011flar kapatan toplar\u0131n y\u0131kamad\u0131\u011f\u0131, a\u015f\u0131lamayan surlar\u0131n bir s\u0131rr\u0131 m\u0131 var? S\u0131r nedir?Kutsal Sand\u0131k, Rum ate\u015fi, karadan y\u00fcr\u00fcyen gemiler, suda seken toplar, \u015fehrin alt\u0131n\u0131 avu\u00e7lar\u0131n\u0131n i\u00e7i gibi bilen la\u011f\u0131mc\u0131lar\u2026 Bir \u015fehri korumak ya da fethetmek i\u00e7in ne gerekir?\u201cAh! Tarihteki muhasaralar\u0131n en ihti\u015faml\u0131s\u0131.\u201dAy\u015fe Kara\u2019dan karakterleri, kurgusu, tarihi atmosferi, incelikle i\u015flenmi\u015f detaylar\u0131 ve ku\u015fat\u0131c\u0131 bak\u0131\u015f\u0131yla \u0130stanbul\u2019a, Bizans\u2019a ve Osmanl\u0131\u2019ya dair unutulmayacak bir roman; \u0130stanbul\u2019un \u00c7a\u011fr\u0131s\u0131\u2026 <\/p>\n","protected":false},"excerpt":{"rendered":"<p>Ben Konstantinapol&#8230; D\u00fcnyan\u0131n g\u00f6z bebe\u011fi\u2026Ay \u0131\u015f\u0131\u011f\u0131 sular\u0131ma vuruyor&#8230; Beni cennete benzetiyor el\u00e7iler. \u201cAlt\u0131ndan nehirler ge\u00e7en cennet. Selam sana Konstantiniyye, ey Peygamber m\u00fcjdesi. Gelece\u011fiz, bekle bizi.\u201dVe y\u00fcr\u00fcyor<span class=\"excerpt-hellip\"> [\u2026]<\/span><\/p>\n","protected":false},"featured_media":0,"template":"","meta":{"_monsterinsights_skip_tracking":false,"_monsterinsights_sitenote_active":false,"_monsterinsights_sitenote_note":"","_monsterinsights_sitenote_category":0},"product_brand":[],"product_cat":[12291,12711],"product_tag":[],"class_list":{"0":"post-713820","1":"product","2":"type-product","3":"status-publish","5":"product_cat-edebiyat","6":"product_cat-roman-oyku","7":"pa_cilt-ciltsiz","8":"pa_tur-kitap","9":"pa_yayinevi-timas-yayinlari","10":"pa_yazar-ayse-kara","12":"first","13":"instock","14":"sale","15":"shipping-taxable","16":"purchasable","17":"product-type-simple"},"_links":{"self":[{"href":"https:\/\/roveyayinevi.com.tr\/index.php\/wp-json\/wp\/v2\/product\/713820","targetHints":{"allow":["GET"]}}],"collection":[{"href":"https:\/\/roveyayinevi.com.tr\/index.php\/wp-json\/wp\/v2\/product"}],"about":[{"href":"https:\/\/roveyayinevi.com.tr\/index.php\/wp-json\/wp\/v2\/types\/product"}],"wp:attachment":[{"href":"https:\/\/roveyayinevi.com.tr\/index.php\/wp-json\/wp\/v2\/media?parent=713820"}],"wp:term":[{"taxonomy":"product_brand","embeddable":true,"href":"https:\/\/roveyayinevi.com.tr\/index.php\/wp-json\/wp\/v2\/product_brand?post=713820"},{"taxonomy":"product_cat","embeddable":true,"href":"https:\/\/roveyayinevi.com.tr\/index.php\/wp-json\/wp\/v2\/product_cat?post=713820"},{"taxonomy":"product_tag","embeddable":true,"href":"https:\/\/roveyayinevi.com.tr\/index.php\/wp-json\/wp\/v2\/product_tag?post=713820"}],"curies":[{"name":"wp","href":"https:\/\/api.w.org\/{rel}","templated":true}]}}