{"id":713818,"date":"2025-08-27T17:11:32","date_gmt":"2025-08-27T14:11:32","guid":{"rendered":"https:\/\/roveyayinevi.com.tr\/index.php\/urun\/gosteri-cimnastigi\/"},"modified":"2026-04-16T02:22:21","modified_gmt":"2026-04-15T23:22:21","slug":"gosteri-cimnastigi","status":"publish","type":"product","link":"https:\/\/roveyayinevi.com.tr\/index.php\/urun\/gosteri-cimnastigi\/","title":{"rendered":"G\u00f6steri Cimnasti\u011fi"},"content":{"rendered":"<p>G\u00f6steri Programlar\u0131n\u0131n Haz\u0131rlanmas\u0131Y\u00fcr\u00fcy\u00fc\u015fler Ve Ad\u0131m Formlar\u0131Temel Ko\u015fu Formlar\u0131Esneklik HareketleriDenge Duru\u015flar\u0131V\u00fccut Dalgalar\u0131 ve SavurmalarD\u00f6n\u00fc\u015flerS\u0131\u00e7ramalarKuvvete Dayal\u0131 Duru\u015flarGrup Elemanlar\u0131Dizili\u015flerE\u015fli ElemanlarLiftler <\/p>\n","protected":false},"excerpt":{"rendered":"<p>G\u00f6steri Programlar\u0131n\u0131n Haz\u0131rlanmas\u0131Y\u00fcr\u00fcy\u00fc\u015fler Ve Ad\u0131m Formlar\u0131Temel Ko\u015fu Formlar\u0131Esneklik HareketleriDenge Duru\u015flar\u0131V\u00fccut Dalgalar\u0131 ve SavurmalarD\u00f6n\u00fc\u015flerS\u0131\u00e7ramalarKuvvete Dayal\u0131 Duru\u015flarGrup Elemanlar\u0131Dizili\u015flerE\u015fli ElemanlarLiftler<\/p>\n","protected":false},"featured_media":0,"template":"","meta":{"_monsterinsights_skip_tracking":false,"_monsterinsights_sitenote_active":false,"_monsterinsights_sitenote_note":"","_monsterinsights_sitenote_category":0},"product_brand":[],"product_cat":[15563,15564],"product_tag":[],"class_list":{"0":"post-713818","1":"product","2":"type-product","3":"status-publish","5":"product_cat-hobi","6":"product_cat-spor","7":"pa_cilt-ciltsiz","8":"pa_tur-kitap","9":"pa_yayinevi-gazi-kitabevi","10":"pa_yazar-ceren-suveren-erdogan","12":"first","13":"instock","14":"sale","15":"shipping-taxable","16":"purchasable","17":"product-type-simple"},"_links":{"self":[{"href":"https:\/\/roveyayinevi.com.tr\/index.php\/wp-json\/wp\/v2\/product\/713818","targetHints":{"allow":["GET"]}}],"collection":[{"href":"https:\/\/roveyayinevi.com.tr\/index.php\/wp-json\/wp\/v2\/product"}],"about":[{"href":"https:\/\/roveyayinevi.com.tr\/index.php\/wp-json\/wp\/v2\/types\/product"}],"wp:attachment":[{"href":"https:\/\/roveyayinevi.com.tr\/index.php\/wp-json\/wp\/v2\/media?parent=713818"}],"wp:term":[{"taxonomy":"product_brand","embeddable":true,"href":"https:\/\/roveyayinevi.com.tr\/index.php\/wp-json\/wp\/v2\/product_brand?post=713818"},{"taxonomy":"product_cat","embeddable":true,"href":"https:\/\/roveyayinevi.com.tr\/index.php\/wp-json\/wp\/v2\/product_cat?post=713818"},{"taxonomy":"product_tag","embeddable":true,"href":"https:\/\/roveyayinevi.com.tr\/index.php\/wp-json\/wp\/v2\/product_tag?post=713818"}],"curies":[{"name":"wp","href":"https:\/\/api.w.org\/{rel}","templated":true}]}}