{"id":713817,"date":"2025-08-27T17:11:31","date_gmt":"2025-08-27T14:11:31","guid":{"rendered":"https:\/\/roveyayinevi.com.tr\/index.php\/urun\/sirius-deneyleri-argostaki-kanopus-arsivleri-3\/"},"modified":"2026-04-16T02:22:21","modified_gmt":"2026-04-15T23:22:21","slug":"sirius-deneyleri-argostaki-kanopus-arsivleri-3","status":"publish","type":"product","link":"https:\/\/roveyayinevi.com.tr\/index.php\/urun\/sirius-deneyleri-argostaki-kanopus-arsivleri-3\/","title":{"rendered":"Sirius Deneyleri &#8211; Argos&#8217;taki Kanopus Ar\u015fivleri 3"},"content":{"rendered":"<p>Nobel Edebiyat \u00d6d\u00fcll\u00fc Doris Lessing\u2019den d\u00fcnyan\u0131n kay\u0131p tarihini ayd\u0131nlatan felsefi bir bilimkurgu!Sirius Deneyleri, 2007 Nobel Edebiyat \u00d6d\u00fcl\u00fc sahibi Doris Lessing&#8217;in, bilimkurgu, fantezi ve felsefeyi harmanlayan politik bilimkurgu ba\u015fyap\u0131t\u0131 &#8220;Argos&#8217;taki Kanopus Ar\u015fivleri&#8221; dizisinin \u00fc\u00e7\u00fcnc\u00fc cildi.Lessing, \u015eikeste ile ba\u015flatt\u0131\u011f\u0131 \u201c\u00f6znel d\u00fcnya tarihini\u201d Sirius Deneyleri ile daha da derinle\u015ftiriyor. Roman, farkl\u0131 uygarl\u0131klara ve antik \u015fehirlere ait \u00e7e\u015fitli mitleri ve tarihi ger\u00e7eklikleri g\u00fcn\u0131\u015f\u0131\u011f\u0131na \u00e7\u0131karan epik bir hik\u00e2ye anlat\u0131yor.Seriden ba\u011f\u0131ms\u0131z olarak da okunabilen Sirius Deneyleri, g\u00fc\u00e7l\u00fc betimlemeleri ve iddial\u0131 savlar\u0131yla bilimkurgu t\u00fcr\u00fcn\u00fcn kilometre ta\u015flar\u0131 aras\u0131nda g\u00f6steriliyor.Doris Lessing, Sirius Deneyleri&#8217;nde, Rohanda\u2019n\u0131n (yani D\u00fcnya\u2019n\u0131n, bir ba\u015fka deyi\u015fle \u015eikeste\u2019nin) ilk\u00e7a\u011flar\u0131ndan 20. y\u00fczy\u0131l\u0131na kadar uzanan bir s\u00fcre\u00e7te, Sirius \u0130mparatorlu\u011fu\u2019nun y\u00f6neticisi Ambien II\u2019nin ya\u015fad\u0131\u011f\u0131 deneyimleri uzun bir rapor \u015feklinde yaz\u0131ya d\u00f6k\u00fcyor. Ger\u00e7ek olanla g\u00f6r\u00fcnen aras\u0131ndaki u\u00e7uruma dikkat \u00e7eken yazar, ezeli d\u00fc\u015fmanlar Sirius ve Kanopus imparatorluklar\u0131n\u0131 kas\u0131p kavuran felsefi bir sorunun da alt\u0131n\u0131 \u00e7iziyor: Evrendeki yerimiz ve i\u015flevimiz nedir?D\u00fcnyan\u0131n kay\u0131p tarihinin izini s\u00fcren Lessing Sirius Deneyleri\u2019nde ilk insanlardan Orta Amerika halklar\u0131na, Uzakdo\u011fu tarihinden Mo\u011follara, \u201cvah\u015fi\u201d Avrupal\u0131lardan Kuzey Amerikal\u0131lara, \u201cKay\u0131p Atlantis\u201d efsanesinden \u201cD\u00fcnya Sava\u015flar\u0131\u201d ger\u00e7eklerine uzanan epik bir hik\u00e2ye anlat\u0131yor.\u201cNe kadar saf ve ilham verici olursa olsun her devrim, yaln\u0131zca bir nesil i\u00e7inde, kendi ayr\u0131cal\u0131kl\u0131 s\u0131n\u0131f\u0131n\u0131 yarat\u0131yordu&#8230;\u201d <\/p>\n","protected":false},"excerpt":{"rendered":"<p>Nobel Edebiyat \u00d6d\u00fcll\u00fc Doris Lessing\u2019den d\u00fcnyan\u0131n kay\u0131p tarihini ayd\u0131nlatan felsefi bir bilimkurgu!Sirius Deneyleri, 2007 Nobel Edebiyat \u00d6d\u00fcl\u00fc sahibi Doris Lessing&#8217;in, bilimkurgu, fantezi ve felsefeyi harmanlayan politik<span class=\"excerpt-hellip\"> [\u2026]<\/span><\/p>\n","protected":false},"featured_media":0,"template":"","meta":{"_monsterinsights_skip_tracking":false,"_monsterinsights_sitenote_active":false,"_monsterinsights_sitenote_note":"","_monsterinsights_sitenote_category":0},"product_brand":[],"product_cat":[12540,12291],"product_tag":[],"class_list":{"0":"post-713817","1":"product","2":"type-product","3":"status-publish","5":"product_cat-bilim-kurgu","6":"product_cat-edebiyat","7":"pa_cilt-ciltsiz","8":"pa_tur-kitap","9":"pa_yayinevi-delidolu","10":"pa_yazar-doris-lessing","12":"first","13":"instock","14":"sale","15":"shipping-taxable","16":"purchasable","17":"product-type-simple"},"_links":{"self":[{"href":"https:\/\/roveyayinevi.com.tr\/index.php\/wp-json\/wp\/v2\/product\/713817","targetHints":{"allow":["GET"]}}],"collection":[{"href":"https:\/\/roveyayinevi.com.tr\/index.php\/wp-json\/wp\/v2\/product"}],"about":[{"href":"https:\/\/roveyayinevi.com.tr\/index.php\/wp-json\/wp\/v2\/types\/product"}],"wp:attachment":[{"href":"https:\/\/roveyayinevi.com.tr\/index.php\/wp-json\/wp\/v2\/media?parent=713817"}],"wp:term":[{"taxonomy":"product_brand","embeddable":true,"href":"https:\/\/roveyayinevi.com.tr\/index.php\/wp-json\/wp\/v2\/product_brand?post=713817"},{"taxonomy":"product_cat","embeddable":true,"href":"https:\/\/roveyayinevi.com.tr\/index.php\/wp-json\/wp\/v2\/product_cat?post=713817"},{"taxonomy":"product_tag","embeddable":true,"href":"https:\/\/roveyayinevi.com.tr\/index.php\/wp-json\/wp\/v2\/product_tag?post=713817"}],"curies":[{"name":"wp","href":"https:\/\/api.w.org\/{rel}","templated":true}]}}