{"id":713813,"date":"2025-08-27T17:11:28","date_gmt":"2025-08-27T14:11:28","guid":{"rendered":"https:\/\/roveyayinevi.com.tr\/index.php\/urun\/bir-astronotun-sonsuz-yolculugu\/"},"modified":"2026-04-16T02:22:20","modified_gmt":"2026-04-15T23:22:20","slug":"bir-astronotun-sonsuz-yolculugu","status":"publish","type":"product","link":"https:\/\/roveyayinevi.com.tr\/index.php\/urun\/bir-astronotun-sonsuz-yolculugu\/","title":{"rendered":"Bir Astronotun Sonsuz Yolculu\u011fu"},"content":{"rendered":"<p>Arthur C. Clarke \u00d6d\u00fcl\u00fc Aday\u0131 Kirkus \u201cY\u0131l\u0131n En \u0130yi 10 \u0130lk Roman\u0131\u201dndan biri \u201cArthur C. Clarke\u2019\u0131n 2001\u2019i ile bir Milan Kundera roman\u0131n\u0131n birle\u015fimi gibi olan, Philip K. Dick\u2019inkilere benzer bir evrende ge\u00e7en ve Kafka\u2019n\u0131n D\u00f6n\u00fc\u015f\u00fcm\u2019\u00fcne selam vermekten geri durmayan, tuhaf bi\u00e7imde ikna edici ve inan\u0131lmaz \u00e7ekici bir roman.\u201d \u2013Library Journal (Starred Review) \u201cBradbury, Lem ve Saint-Exupery\u2019yi kar\u0131\u015ft\u0131r\u0131n, \u00fczerine de bir tutam Kafka ekleyin\u2026 \u0130\u015fte kar\u015f\u0131n\u0131zda \u00c7ek g\u00f6\u00e7men Kalfar\u2019dan s\u00f6yleyecek \u00e7ok s\u00f6z\u00fc olan, keyifli bir ilk roman.\u201d \u2013Kirkus \u201cKalfar\u2019\u0131n bu e\u011flenceli ilk roman\u0131 metafordan ziyade ger\u00e7ekli\u011fi ve ger\u00e7ek\u00e7i\u011fiyle kendini \u00f6ne \u00e7\u0131karmay\u0131 ba\u015far\u0131yor.\u201d \u2013Hari Kunzru \u00c7ocukken \u00f6ks\u00fcz kalan, dede ve ninesinin \u00c7ek k\u0131rsal\u0131nda b\u00fcy\u00fctt\u00fc\u011f\u00fc Jakub Proch\u00e1zka\u2019ya, kendi halinde bir biliminsan\u0131yken \u00c7ek Cumhuriyeti\u2019nin ilk astronotu olmas\u0131 teklif edilir. Ven\u00fcs\u2019le D\u00fcnya aras\u0131nda ortaya \u00e7\u0131kan Chopra isimli bulut, g\u00f6ky\u00fcz\u00fcn\u00fc mora \u00e7evirmi\u015ftir. Yapaca\u011f\u0131 bu tek ki\u015filik tehlikeli u\u00e7u\u015f Jakub\u2019a hem kahramanl\u0131k hayalinin ger\u00e7ekle\u015fmesi i\u00e7in hem de \u00f6nceki rejimin muhbirlerinden olan babas\u0131n\u0131n g\u00fcnahlar\u0131yla y\u00fczle\u015fmesi i\u00e7in bir f\u0131rsat sunar. Bilinmeyene do\u011fru yola \u00e7\u0131kan Jakub, ard\u0131nda hayat\u0131n\u0131n a\u015fk\u0131 Lenka\u2019y\u0131 geride b\u0131rakmay\u0131 bile g\u00f6ze al\u0131r. Derin Uzay\u2019da yapayaln\u0131zken, Jakub bir hayal olabilece\u011finden \u015f\u00fcphelendi\u011fi devasa uzayl\u0131 bir \u00f6r\u00fcmcekle kar\u015f\u0131la\u015f\u0131r. Zamanla yak\u0131n dost olan ikili zamanlar\u0131n\u0131 sevginin, ya\u015fam\u0131n ve \u00f6l\u00fcm\u00fcn do\u011fas\u0131 ile Nutella\u2019n\u0131n lezizli\u011fi \u00fczerine konu\u015farak ge\u00e7irirler. T\u00fcm bunlar Jakub\u2019un g\u00f6revini tamamlamas\u0131na, sa\u011f salim D\u00fcnya\u2019ya d\u00f6n\u00fcp Lenka\u2019yla ikinci bir \u015fans elde etmesine yetecek midir? S\u00fcrprizlerle dolu Bir Astronotun Sonsuz Yolculu\u011fu galaksileraras\u0131 bir a\u015fk, azim ve ke\u015fif seyahati. <\/p>\n","protected":false},"excerpt":{"rendered":"<p>Arthur C. Clarke \u00d6d\u00fcl\u00fc Aday\u0131 Kirkus \u201cY\u0131l\u0131n En \u0130yi 10 \u0130lk Roman\u0131\u201dndan biri \u201cArthur C. Clarke\u2019\u0131n 2001\u2019i ile bir Milan Kundera roman\u0131n\u0131n birle\u015fimi gibi olan, Philip<span class=\"excerpt-hellip\"> [\u2026]<\/span><\/p>\n","protected":false},"featured_media":0,"template":"","meta":{"_monsterinsights_skip_tracking":false,"_monsterinsights_sitenote_active":false,"_monsterinsights_sitenote_note":"","_monsterinsights_sitenote_category":0},"product_brand":[],"product_cat":[12540,12291],"product_tag":[],"class_list":{"0":"post-713813","1":"product","2":"type-product","3":"status-publish","5":"product_cat-bilim-kurgu","6":"product_cat-edebiyat","7":"pa_cilt-ciltsiz","8":"pa_tur-kitap","9":"pa_yayinevi-ithaki-yayinlari","10":"pa_yazar-jaroslav-kalfar","12":"first","13":"instock","14":"sale","15":"shipping-taxable","16":"purchasable","17":"product-type-simple"},"_links":{"self":[{"href":"https:\/\/roveyayinevi.com.tr\/index.php\/wp-json\/wp\/v2\/product\/713813","targetHints":{"allow":["GET"]}}],"collection":[{"href":"https:\/\/roveyayinevi.com.tr\/index.php\/wp-json\/wp\/v2\/product"}],"about":[{"href":"https:\/\/roveyayinevi.com.tr\/index.php\/wp-json\/wp\/v2\/types\/product"}],"wp:attachment":[{"href":"https:\/\/roveyayinevi.com.tr\/index.php\/wp-json\/wp\/v2\/media?parent=713813"}],"wp:term":[{"taxonomy":"product_brand","embeddable":true,"href":"https:\/\/roveyayinevi.com.tr\/index.php\/wp-json\/wp\/v2\/product_brand?post=713813"},{"taxonomy":"product_cat","embeddable":true,"href":"https:\/\/roveyayinevi.com.tr\/index.php\/wp-json\/wp\/v2\/product_cat?post=713813"},{"taxonomy":"product_tag","embeddable":true,"href":"https:\/\/roveyayinevi.com.tr\/index.php\/wp-json\/wp\/v2\/product_tag?post=713813"}],"curies":[{"name":"wp","href":"https:\/\/api.w.org\/{rel}","templated":true}]}}