{"id":713807,"date":"2025-08-27T17:11:24","date_gmt":"2025-08-27T14:11:24","guid":{"rendered":"https:\/\/roveyayinevi.com.tr\/index.php\/urun\/benim-neyim-eksik-yufka-yurekli-gnin-hikayesi\/"},"modified":"2026-04-16T02:22:20","modified_gmt":"2026-04-15T23:22:20","slug":"benim-neyim-eksik-yufka-yurekli-gnin-hikayesi","status":"publish","type":"product","link":"https:\/\/roveyayinevi.com.tr\/index.php\/urun\/benim-neyim-eksik-yufka-yurekli-gnin-hikayesi\/","title":{"rendered":"Benim Neyim Eksik? Yufka Y\u00fcrekli \u011e&#8217;nin Hikayesi"},"content":{"rendered":"<p>\u011e harfi \u00e7ok \u00fczg\u00fcnd\u00fc. \u00c7\u00fcnk\u00fc hi\u00e7bir s\u00f6zc\u00fck onunla ba\u015flam\u0131yordu! \u00c7ok sevdi\u011fi birka\u00e7 s\u00f6zc\u00fc\u011f\u00fcn ba\u015f harfi olmay\u0131 denedi: \u011e\u0131ld\u0131z, \u011fejderha, \u011funapark, \u011faydede &#8230; Yok, olmuyordu i\u015fte!\u011e\u2019nin tek hayali vard\u0131: \u00d6nemsenmek, kendini de\u011ferli hissetmek&#8230;Acaba \u011e, hayalini ger\u00e7e\u011fe d\u00f6n\u00fc\u015ft\u00fcrmenin bir yolunu bulabilecek mi? <\/p>\n","protected":false},"excerpt":{"rendered":"<p>\u011e harfi \u00e7ok \u00fczg\u00fcnd\u00fc. \u00c7\u00fcnk\u00fc hi\u00e7bir s\u00f6zc\u00fck onunla ba\u015flam\u0131yordu! \u00c7ok sevdi\u011fi birka\u00e7 s\u00f6zc\u00fc\u011f\u00fcn ba\u015f harfi olmay\u0131 denedi: \u011e\u0131ld\u0131z, \u011fejderha, \u011funapark, \u011faydede &#8230; Yok, olmuyordu i\u015fte!\u011e\u2019nin tek<span class=\"excerpt-hellip\"> [\u2026]<\/span><\/p>\n","protected":false},"featured_media":0,"template":"","meta":{"_monsterinsights_skip_tracking":false,"_monsterinsights_sitenote_active":false,"_monsterinsights_sitenote_note":"","_monsterinsights_sitenote_category":0},"product_brand":[],"product_cat":[12913,12274],"product_tag":[],"class_list":{"0":"post-713807","1":"product","2":"type-product","3":"status-publish","5":"product_cat-3-6-yas-kitaplari","6":"product_cat-cocuk-ve-genclik-kitaplari","7":"pa_cilt-ciltsiz","8":"pa_tur-kitap","9":"pa_yayinevi-is-bankasi-kultur-yayinlari","10":"pa_yazar-goknur-birincioglu","12":"first","13":"instock","14":"sale","15":"shipping-taxable","16":"purchasable","17":"product-type-simple"},"_links":{"self":[{"href":"https:\/\/roveyayinevi.com.tr\/index.php\/wp-json\/wp\/v2\/product\/713807","targetHints":{"allow":["GET"]}}],"collection":[{"href":"https:\/\/roveyayinevi.com.tr\/index.php\/wp-json\/wp\/v2\/product"}],"about":[{"href":"https:\/\/roveyayinevi.com.tr\/index.php\/wp-json\/wp\/v2\/types\/product"}],"wp:attachment":[{"href":"https:\/\/roveyayinevi.com.tr\/index.php\/wp-json\/wp\/v2\/media?parent=713807"}],"wp:term":[{"taxonomy":"product_brand","embeddable":true,"href":"https:\/\/roveyayinevi.com.tr\/index.php\/wp-json\/wp\/v2\/product_brand?post=713807"},{"taxonomy":"product_cat","embeddable":true,"href":"https:\/\/roveyayinevi.com.tr\/index.php\/wp-json\/wp\/v2\/product_cat?post=713807"},{"taxonomy":"product_tag","embeddable":true,"href":"https:\/\/roveyayinevi.com.tr\/index.php\/wp-json\/wp\/v2\/product_tag?post=713807"}],"curies":[{"name":"wp","href":"https:\/\/api.w.org\/{rel}","templated":true}]}}