{"id":713806,"date":"2025-08-27T17:11:23","date_gmt":"2025-08-27T14:11:23","guid":{"rendered":"https:\/\/roveyayinevi.com.tr\/index.php\/urun\/zamanlar-hapishane-yazilari\/"},"modified":"2026-04-16T02:22:20","modified_gmt":"2026-04-15T23:22:20","slug":"zamanlar-hapishane-yazilari","status":"publish","type":"product","link":"https:\/\/roveyayinevi.com.tr\/index.php\/urun\/zamanlar-hapishane-yazilari\/","title":{"rendered":"Zamanlar : Hapishane Yaz\u0131lar\u0131"},"content":{"rendered":"<p>Buharin, kurucular\u0131 aras\u0131nda yer ald\u0131\u011f\u0131 ve inand\u0131\u011f\u0131 Sovyet Devrimi taraf\u0131ndan \u201chalk d\u00fc\u015fman\u0131\u201d olarak idama mahk\u00fbm edildi\u011finde 50 ya\u015f\u0131ndayd\u0131: Kur\u015funa dizildi. Buharin \u2013onu tan\u0131yanlara g\u00f6re \u201cyumu\u015fak\u201d ve \u201csanat\u00e7\u0131 ruhlu\u201d\u2013 hassas bir ki\u015fili\u011fe sahipti; tutuklanmadan \u00f6nce giri\u015fti\u011fi a\u00e7l\u0131k grevi ve tutukland\u0131ktan sonraki \u201cLenin\u2019i \u00f6ld\u00fcrmeye te\u015febb\u00fcs ve \u00e7e\u015fitli ter\u00f6r eylemleri ger\u00e7ekle\u015ftirme, Sovyet h\u00fck\u00fcmetini devirmek i\u00e7in komplo kurma, fa\u015fist Almanya ve Japonya ad\u0131na vatana ihanet\u201d gibi \u00f6nemli su\u00e7lamalar nedeniyle hassas ki\u015fili\u011fi iyice zay\u0131f d\u00fc\u015fm\u00fc\u015ft\u00fc: Belli zamanlarda tekrarlayan \u201chal\u00fcsinasyon\u201d n\u00f6betleri s\u0131ras\u0131ndaki \u201cac\u0131lar\u0131 ve \u015fiddetli \u0131st\u0131raplar\u0131\u201d, hatta ara s\u0131ra meydana gelen ge\u00e7ici k\u00f6rl\u00fck gibi s\u0131k\u0131nt\u0131lar\u0131 atlatmay\u0131 ba\u015farsa da, \u201cfiziksel ve ruhsal g\u00fcc\u00fc zay\u0131fl\u0131yordu\u201d. \u0130\u015fte Buharin elinizdeki \u201charika\u201d kitab\u0131 bu \u015fartlarda yazd\u0131. Ve hakk\u0131nda verilen karar kitab\u0131n\u0131 tamamlayamadan \u201cinfaz\u201d edildi. \u0130lk gen\u00e7lik y\u0131llar\u0131na kadar olan hayat\u0131n\u0131 ve Rusya\u2019n\u0131n sosyal ve ekonomik yap\u0131s\u0131n\u0131 anlatt\u0131\u011f\u0131 Zamanlar\u2019da Buharin, kendinden \u2013Nikolay\u2019\u0131n k\u0131saltmas\u0131\u2013 Kolya olarak bahsediyor. Do\u011fa, hayvan, yoksul-ezilen insan sevgisiyle dolu bir \u00e7ocuk\u2026 B\u00fcy\u00fcy\u00fcnce de h\u00fcmaniterdi zaten. Kolya\u2019y\u0131 sevmemek m\u00fcmk\u00fcn de\u011fil, geli\u015fimini ve b\u00fcy\u00fcmesini izlemek \u00e7ok g\u00fczel. Ke\u015fke bu kitap bitmi\u015f olsayd\u0131 ve Kolya\u2019n\u0131n b\u00fcy\u00fcy\u00fcnce nas\u0131l biri oldu\u011funu da kendisinden okuyabilseydik. <\/p>\n","protected":false},"excerpt":{"rendered":"<p>Buharin, kurucular\u0131 aras\u0131nda yer ald\u0131\u011f\u0131 ve inand\u0131\u011f\u0131 Sovyet Devrimi taraf\u0131ndan \u201chalk d\u00fc\u015fman\u0131\u201d olarak idama mahk\u00fbm edildi\u011finde 50 ya\u015f\u0131ndayd\u0131: Kur\u015funa dizildi. Buharin \u2013onu tan\u0131yanlara g\u00f6re \u201cyumu\u015fak\u201d ve<span class=\"excerpt-hellip\"> [\u2026]<\/span><\/p>\n","protected":false},"featured_media":0,"template":"","meta":{"_monsterinsights_skip_tracking":false,"_monsterinsights_sitenote_active":false,"_monsterinsights_sitenote_note":"","_monsterinsights_sitenote_category":0},"product_brand":[],"product_cat":[14009,12291],"product_tag":[],"class_list":{"0":"post-713806","1":"product","2":"type-product","3":"status-publish","5":"product_cat-biyografi-otobiyografi-edebiyat","6":"product_cat-edebiyat","7":"pa_cilt-ciltsiz","8":"pa_tur-kitap","9":"pa_yayinevi-epos-yayinlari","10":"pa_yazar-nikolay-buharin","12":"first","13":"instock","14":"sale","15":"shipping-taxable","16":"purchasable","17":"product-type-simple"},"_links":{"self":[{"href":"https:\/\/roveyayinevi.com.tr\/index.php\/wp-json\/wp\/v2\/product\/713806","targetHints":{"allow":["GET"]}}],"collection":[{"href":"https:\/\/roveyayinevi.com.tr\/index.php\/wp-json\/wp\/v2\/product"}],"about":[{"href":"https:\/\/roveyayinevi.com.tr\/index.php\/wp-json\/wp\/v2\/types\/product"}],"wp:attachment":[{"href":"https:\/\/roveyayinevi.com.tr\/index.php\/wp-json\/wp\/v2\/media?parent=713806"}],"wp:term":[{"taxonomy":"product_brand","embeddable":true,"href":"https:\/\/roveyayinevi.com.tr\/index.php\/wp-json\/wp\/v2\/product_brand?post=713806"},{"taxonomy":"product_cat","embeddable":true,"href":"https:\/\/roveyayinevi.com.tr\/index.php\/wp-json\/wp\/v2\/product_cat?post=713806"},{"taxonomy":"product_tag","embeddable":true,"href":"https:\/\/roveyayinevi.com.tr\/index.php\/wp-json\/wp\/v2\/product_tag?post=713806"}],"curies":[{"name":"wp","href":"https:\/\/api.w.org\/{rel}","templated":true}]}}