{"id":713804,"date":"2025-08-27T17:11:22","date_gmt":"2025-08-27T14:11:22","guid":{"rendered":"https:\/\/roveyayinevi.com.tr\/index.php\/urun\/minik-ayiciklar-piknige-gidiyor\/"},"modified":"2026-04-16T02:22:20","modified_gmt":"2026-04-15T23:22:20","slug":"minik-ayiciklar-piknige-gidiyor","status":"publish","type":"product","link":"https:\/\/roveyayinevi.com.tr\/index.php\/urun\/minik-ayiciklar-piknige-gidiyor\/","title":{"rendered":"Minik Ay\u0131c\u0131klar Pikni\u011fe Gidiyor"},"content":{"rendered":"<p>Baba Ay\u0131, bug\u00fcn minik ay\u0131c\u0131klarla birlikte pikni\u011fe gidiyor. Her zamanki gibi, ay\u0131c\u0131klar bir \u015feylerin yerini de\u011fi\u015ftirip duruyor ve etraf\u0131 da\u011f\u0131t\u0131yorlar. Bakal\u0131m ay\u0131c\u0131klar\u0131n d\u00f6rt bir yana sa\u00e7t\u0131\u011f\u0131 e\u015fyalar\u0131n ait olduklar\u0131 yeri bulup Baba Ay\u0131\u2019n\u0131n ortal\u0131\u011f\u0131 toparlamas\u0131na yard\u0131mc\u0131 olabilecek misin?Minik Ay\u0131c\u0131klarla Ara ve Bul dizisinde yer alan kitaplar sayesinde, hem \u00e7ocu\u011funuzla keyifli dakikalar ge\u00e7irecek hem de odaklanma becerilerinin geli\u015fimine katk\u0131da bulunacaks\u0131n\u0131z. <\/p>\n","protected":false},"excerpt":{"rendered":"<p>Baba Ay\u0131, bug\u00fcn minik ay\u0131c\u0131klarla birlikte pikni\u011fe gidiyor. Her zamanki gibi, ay\u0131c\u0131klar bir \u015feylerin yerini de\u011fi\u015ftirip duruyor ve etraf\u0131 da\u011f\u0131t\u0131yorlar. Bakal\u0131m ay\u0131c\u0131klar\u0131n d\u00f6rt bir yana sa\u00e7t\u0131\u011f\u0131<span class=\"excerpt-hellip\"> [\u2026]<\/span><\/p>\n","protected":false},"featured_media":0,"template":"","meta":{"_monsterinsights_skip_tracking":false,"_monsterinsights_sitenote_active":false,"_monsterinsights_sitenote_note":"","_monsterinsights_sitenote_category":0},"product_brand":[],"product_cat":[12913,12274],"product_tag":[],"class_list":{"0":"post-713804","1":"product","2":"type-product","3":"status-publish","5":"product_cat-3-6-yas-kitaplari","6":"product_cat-cocuk-ve-genclik-kitaplari","7":"pa_cilt-ciltsiz","8":"pa_tur-kitap","9":"pa_yayinevi-1001-cicek-kitaplar","10":"pa_yazar-heather-maisner","12":"first","13":"instock","14":"sale","15":"shipping-taxable","16":"purchasable","17":"product-type-simple"},"_links":{"self":[{"href":"https:\/\/roveyayinevi.com.tr\/index.php\/wp-json\/wp\/v2\/product\/713804","targetHints":{"allow":["GET"]}}],"collection":[{"href":"https:\/\/roveyayinevi.com.tr\/index.php\/wp-json\/wp\/v2\/product"}],"about":[{"href":"https:\/\/roveyayinevi.com.tr\/index.php\/wp-json\/wp\/v2\/types\/product"}],"wp:attachment":[{"href":"https:\/\/roveyayinevi.com.tr\/index.php\/wp-json\/wp\/v2\/media?parent=713804"}],"wp:term":[{"taxonomy":"product_brand","embeddable":true,"href":"https:\/\/roveyayinevi.com.tr\/index.php\/wp-json\/wp\/v2\/product_brand?post=713804"},{"taxonomy":"product_cat","embeddable":true,"href":"https:\/\/roveyayinevi.com.tr\/index.php\/wp-json\/wp\/v2\/product_cat?post=713804"},{"taxonomy":"product_tag","embeddable":true,"href":"https:\/\/roveyayinevi.com.tr\/index.php\/wp-json\/wp\/v2\/product_tag?post=713804"}],"curies":[{"name":"wp","href":"https:\/\/api.w.org\/{rel}","templated":true}]}}