{"id":713802,"date":"2025-08-27T17:11:21","date_gmt":"2025-08-27T14:11:21","guid":{"rendered":"https:\/\/roveyayinevi.com.tr\/index.php\/urun\/okcunun-sihirli-liri\/"},"modified":"2026-04-16T02:22:20","modified_gmt":"2026-04-15T23:22:20","slug":"okcunun-sihirli-liri","status":"publish","type":"product","link":"https:\/\/roveyayinevi.com.tr\/index.php\/urun\/okcunun-sihirli-liri\/","title":{"rendered":"Ok\u00e7unun Sihirli Liri"},"content":{"rendered":"<p>Bir ipekb\u00f6ce\u011fi gibi \u00e7\u0131kt\u0131m kozamdan, ipekten bir masal \u00f6rd\u00fcm sana&#8230;Usta bir ok\u00e7u, okun yaydan \u00e7\u0131kt\u0131\u011f\u0131 andaki sese \u00f6yle tutkundur ki t\u0131pat\u0131p bu sesi \u00e7\u0131karacak bir lir yapar bir g\u00fcn. Gelinciklerle dolu bir bah\u00e7ede bu b\u00fcy\u00fcl\u00fc liri \u00e7alarken, ipek sesli bir kad\u0131n \u00e7\u0131kagelir ve ba\u015flar \u015fark\u0131lar s\u00f6ylemeye. Kad\u0131n\u0131n sesine vurulan ok\u00e7u, liri ona hediye eder. Dantel ad\u0131ndaki bu kad\u0131n eski bir sarayda, ipek dokuyan \u00f6r\u00fcc\u00fclerle birlikte ya\u015famaktad\u0131r. \u00d6r\u00fcc\u00fcler Dantel\u2019in ve lirin sesi e\u015fli\u011finde ipek dokumaya ba\u015flay\u0131nca, kral\u0131n ordusu i\u00e7in yapt\u0131klar\u0131 ipek pelerinleri hi\u00e7bir ok delip ge\u00e7emez. Lirin b\u00fcy\u00fcs\u00fcyle yenilmez bir ordu ortaya \u00e7\u0131kar. Kral da bunun fark\u0131ndad\u0131r ve g\u00fcc\u00fcne g\u00fc\u00e7 katmak i\u00e7in pelerinleri bir silaha d\u00f6n\u00fc\u015ft\u00fcr\u00fcverir. Gelincikler solar, lirli \u015fark\u0131lar art\u0131k s\u00f6ylenmez olur. Kadife sesli bir kad\u0131n\u0131n s\u00f6yledi\u011fi \u015fark\u0131larla, ninnilerle ba\u015flayan bu masala, Gelincik ad\u0131ndaki hassas kalpli bir k\u0131z y\u00f6n verecektir&#8230;  Penelope serisi ile \u00e7ok sevilen G\u00f6knur Birincio\u011flu\u2019nun yazd\u0131\u011f\u0131 bu masal, b\u00fcy\u00fcl\u00fc lirin e\u015fli\u011finde ak\u0131p gidiyor ve ipekb\u00f6cekleriyle, gelinciklerle dolu bir bah\u00e7eye g\u00f6t\u00fcr\u00fcyor bizleri. Yetenekli \u00e7izer Maria Brzozowska\u2019n\u0131n \u00e7izimlerine ise bakmaya doyamayacaks\u0131n\u0131z. <\/p>\n","protected":false},"excerpt":{"rendered":"<p>Bir ipekb\u00f6ce\u011fi gibi \u00e7\u0131kt\u0131m kozamdan, ipekten bir masal \u00f6rd\u00fcm sana&#8230;Usta bir ok\u00e7u, okun yaydan \u00e7\u0131kt\u0131\u011f\u0131 andaki sese \u00f6yle tutkundur ki t\u0131pat\u0131p bu sesi \u00e7\u0131karacak bir lir<span class=\"excerpt-hellip\"> [\u2026]<\/span><\/p>\n","protected":false},"featured_media":0,"template":"","meta":{"_monsterinsights_skip_tracking":false,"_monsterinsights_sitenote_active":false,"_monsterinsights_sitenote_note":"","_monsterinsights_sitenote_category":0},"product_brand":[],"product_cat":[12274,12518],"product_tag":[],"class_list":{"0":"post-713802","1":"product","2":"type-product","3":"status-publish","5":"product_cat-cocuk-ve-genclik-kitaplari","6":"product_cat-okul-oncesi-kitaplar","7":"pa_cilt-ciltsiz","8":"pa_tur-kitap","9":"pa_yayinevi-redhouse-kidz-yayinlari","10":"pa_yazar-goknur-birincioglu","12":"first","13":"instock","14":"sale","15":"shipping-taxable","16":"purchasable","17":"product-type-simple"},"_links":{"self":[{"href":"https:\/\/roveyayinevi.com.tr\/index.php\/wp-json\/wp\/v2\/product\/713802","targetHints":{"allow":["GET"]}}],"collection":[{"href":"https:\/\/roveyayinevi.com.tr\/index.php\/wp-json\/wp\/v2\/product"}],"about":[{"href":"https:\/\/roveyayinevi.com.tr\/index.php\/wp-json\/wp\/v2\/types\/product"}],"wp:attachment":[{"href":"https:\/\/roveyayinevi.com.tr\/index.php\/wp-json\/wp\/v2\/media?parent=713802"}],"wp:term":[{"taxonomy":"product_brand","embeddable":true,"href":"https:\/\/roveyayinevi.com.tr\/index.php\/wp-json\/wp\/v2\/product_brand?post=713802"},{"taxonomy":"product_cat","embeddable":true,"href":"https:\/\/roveyayinevi.com.tr\/index.php\/wp-json\/wp\/v2\/product_cat?post=713802"},{"taxonomy":"product_tag","embeddable":true,"href":"https:\/\/roveyayinevi.com.tr\/index.php\/wp-json\/wp\/v2\/product_tag?post=713802"}],"curies":[{"name":"wp","href":"https:\/\/api.w.org\/{rel}","templated":true}]}}