{"id":713796,"date":"2025-08-27T17:11:16","date_gmt":"2025-08-27T14:11:16","guid":{"rendered":"https:\/\/roveyayinevi.com.tr\/index.php\/urun\/sihirbazin-kuyrugu\/"},"modified":"2026-04-16T02:22:20","modified_gmt":"2026-04-15T23:22:20","slug":"sihirbazin-kuyrugu","status":"publish","type":"product","link":"https:\/\/roveyayinevi.com.tr\/index.php\/urun\/sihirbazin-kuyrugu\/","title":{"rendered":"Sihirbaz\u0131n Kuyru\u011fu"},"content":{"rendered":"<p>D\u00f6rt arkada\u015f, okullar\u0131nda g\u00f6steri yapmaya gelen Ustalar\u0131n Ustas\u0131 Muhte\u015fem KozMoz&#8217;un pe\u015fine tak\u0131l\u0131r ve macera ba\u015flar! Neden mi izlerler KozMoz\u2019u? \u00c7\u00fcnk\u00fc g\u00f6steri g\u00fcn\u00fc okulda beklenmedik bir olay ya\u015fan\u0131r ve \u00e7ocuklar, KozMoz\u2019un s\u0131rr\u0131n\u0131 a\u00e7\u0131\u011fa \u00e7\u0131karmaya kararl\u0131d\u0131r! Usta yazar Ayt\u00fcl Akal\u2019dan, heyecan dolu bir roman okuman\u0131n keyfine varacaks\u0131n\u0131z. Alexandra S. Badiu\u2019nun hareketli resimlerinin e\u015flik etti\u011fi Sihirbaz\u0131n Kuyru\u011fu, sekiz ya\u015f ve \u00fczeri t\u00fcm okurlar i\u00e7in \u015fimdi raflarda! <\/p>\n","protected":false},"excerpt":{"rendered":"<p>D\u00f6rt arkada\u015f, okullar\u0131nda g\u00f6steri yapmaya gelen Ustalar\u0131n Ustas\u0131 Muhte\u015fem KozMoz&#8217;un pe\u015fine tak\u0131l\u0131r ve macera ba\u015flar! Neden mi izlerler KozMoz\u2019u? \u00c7\u00fcnk\u00fc g\u00f6steri g\u00fcn\u00fc okulda beklenmedik bir olay<span class=\"excerpt-hellip\"> [\u2026]<\/span><\/p>\n","protected":false},"featured_media":0,"template":"","meta":{"_monsterinsights_skip_tracking":false,"_monsterinsights_sitenote_active":false,"_monsterinsights_sitenote_note":"","_monsterinsights_sitenote_category":0},"product_brand":[],"product_cat":[12275,12274],"product_tag":[],"class_list":{"0":"post-713796","1":"product","2":"type-product","3":"status-publish","5":"product_cat-6-12-yas-kitaplari","6":"product_cat-cocuk-ve-genclik-kitaplari","7":"pa_cilt-ciltsiz","8":"pa_tur-kitap","9":"pa_yayinevi-redhouse-kidz-yayinlari","10":"pa_yazar-aytul-akal","12":"first","13":"instock","14":"sale","15":"shipping-taxable","16":"purchasable","17":"product-type-simple"},"_links":{"self":[{"href":"https:\/\/roveyayinevi.com.tr\/index.php\/wp-json\/wp\/v2\/product\/713796","targetHints":{"allow":["GET"]}}],"collection":[{"href":"https:\/\/roveyayinevi.com.tr\/index.php\/wp-json\/wp\/v2\/product"}],"about":[{"href":"https:\/\/roveyayinevi.com.tr\/index.php\/wp-json\/wp\/v2\/types\/product"}],"wp:attachment":[{"href":"https:\/\/roveyayinevi.com.tr\/index.php\/wp-json\/wp\/v2\/media?parent=713796"}],"wp:term":[{"taxonomy":"product_brand","embeddable":true,"href":"https:\/\/roveyayinevi.com.tr\/index.php\/wp-json\/wp\/v2\/product_brand?post=713796"},{"taxonomy":"product_cat","embeddable":true,"href":"https:\/\/roveyayinevi.com.tr\/index.php\/wp-json\/wp\/v2\/product_cat?post=713796"},{"taxonomy":"product_tag","embeddable":true,"href":"https:\/\/roveyayinevi.com.tr\/index.php\/wp-json\/wp\/v2\/product_tag?post=713796"}],"curies":[{"name":"wp","href":"https:\/\/api.w.org\/{rel}","templated":true}]}}