{"id":713794,"date":"2025-08-27T17:11:15","date_gmt":"2025-08-27T14:11:15","guid":{"rendered":"https:\/\/roveyayinevi.com.tr\/index.php\/urun\/ruzgarlar-kitabi\/"},"modified":"2026-04-16T02:22:20","modified_gmt":"2026-04-15T23:22:20","slug":"ruzgarlar-kitabi","status":"publish","type":"product","link":"https:\/\/roveyayinevi.com.tr\/index.php\/urun\/ruzgarlar-kitabi\/","title":{"rendered":"R\u00fczgarlar Kitab\u0131"},"content":{"rendered":"<p>Kalbim zay\u0131f de\u011fildir Ama Onu s\u0131k s\u0131k d\u00fc\u015f\u00fcr\u00fcr\u00fcm Ses de \u00e7\u0131karmaz D\u00fcz \u015fehirlerde R\u00fcyalar h\u0131zl\u0131 akar <\/p>\n","protected":false},"excerpt":{"rendered":"<p>Kalbim zay\u0131f de\u011fildir Ama Onu s\u0131k s\u0131k d\u00fc\u015f\u00fcr\u00fcr\u00fcm Ses de \u00e7\u0131karmaz D\u00fcz \u015fehirlerde R\u00fcyalar h\u0131zl\u0131 akar<\/p>\n","protected":false},"featured_media":0,"template":"","meta":{"_monsterinsights_skip_tracking":false,"_monsterinsights_sitenote_active":false,"_monsterinsights_sitenote_note":"","_monsterinsights_sitenote_category":0},"product_brand":[],"product_cat":[12291,12509],"product_tag":[],"class_list":{"0":"post-713794","1":"product","2":"type-product","3":"status-publish","5":"product_cat-edebiyat","6":"product_cat-siir","7":"pa_cilt-ciltsiz","8":"pa_tur-kitap","9":"pa_yayinevi-inkilap-kitabevi","10":"pa_yazar-pelin-batu","12":"first","13":"instock","14":"sale","15":"shipping-taxable","16":"purchasable","17":"product-type-simple"},"_links":{"self":[{"href":"https:\/\/roveyayinevi.com.tr\/index.php\/wp-json\/wp\/v2\/product\/713794","targetHints":{"allow":["GET"]}}],"collection":[{"href":"https:\/\/roveyayinevi.com.tr\/index.php\/wp-json\/wp\/v2\/product"}],"about":[{"href":"https:\/\/roveyayinevi.com.tr\/index.php\/wp-json\/wp\/v2\/types\/product"}],"wp:attachment":[{"href":"https:\/\/roveyayinevi.com.tr\/index.php\/wp-json\/wp\/v2\/media?parent=713794"}],"wp:term":[{"taxonomy":"product_brand","embeddable":true,"href":"https:\/\/roveyayinevi.com.tr\/index.php\/wp-json\/wp\/v2\/product_brand?post=713794"},{"taxonomy":"product_cat","embeddable":true,"href":"https:\/\/roveyayinevi.com.tr\/index.php\/wp-json\/wp\/v2\/product_cat?post=713794"},{"taxonomy":"product_tag","embeddable":true,"href":"https:\/\/roveyayinevi.com.tr\/index.php\/wp-json\/wp\/v2\/product_tag?post=713794"}],"curies":[{"name":"wp","href":"https:\/\/api.w.org\/{rel}","templated":true}]}}