{"id":713793,"date":"2025-08-27T17:11:14","date_gmt":"2025-08-27T14:11:14","guid":{"rendered":"https:\/\/roveyayinevi.com.tr\/index.php\/urun\/her-sey-bir-hikaye-ile-basladi\/"},"modified":"2026-04-16T02:22:20","modified_gmt":"2026-04-15T23:22:20","slug":"her-sey-bir-hikaye-ile-basladi","status":"publish","type":"product","link":"https:\/\/roveyayinevi.com.tr\/index.php\/urun\/her-sey-bir-hikaye-ile-basladi\/","title":{"rendered":"Her \u015eey Bir Hikaye \u0130le Ba\u015flad\u0131"},"content":{"rendered":"<p>\u00d6nce ekme\u011fi b\u00f6ld\u00fcler sonra yasalar\u0131n\u0131 s\u0131ralad\u0131lar g\u00f6ze g\u00f6z ve di\u015fe di\u015f basit bir matemati\u011fe benziyordu dolay\u0131s\u0131yla ta\u015fa kaz\u0131d\u0131lar. \u00d6l\u00e7\u00fclemeyen \u015feyler i\u00e7in korku ve titremeyle d\u00fcrt\u00fclmeleri icap ederdi o y\u00fczden \u015fim\u015fek tanr\u0131n\u0131n k\u0131l\u0131c\u0131 olarak bilinegeldi. <\/p>\n","protected":false},"excerpt":{"rendered":"<p>\u00d6nce ekme\u011fi b\u00f6ld\u00fcler sonra yasalar\u0131n\u0131 s\u0131ralad\u0131lar g\u00f6ze g\u00f6z ve di\u015fe di\u015f basit bir matemati\u011fe benziyordu dolay\u0131s\u0131yla ta\u015fa kaz\u0131d\u0131lar. \u00d6l\u00e7\u00fclemeyen \u015feyler i\u00e7in korku ve titremeyle d\u00fcrt\u00fclmeleri icap<span class=\"excerpt-hellip\"> [\u2026]<\/span><\/p>\n","protected":false},"featured_media":0,"template":"","meta":{"_monsterinsights_skip_tracking":false,"_monsterinsights_sitenote_active":false,"_monsterinsights_sitenote_note":"","_monsterinsights_sitenote_category":0},"product_brand":[],"product_cat":[12291,12711],"product_tag":[],"class_list":{"0":"post-713793","1":"product","2":"type-product","3":"status-publish","5":"product_cat-edebiyat","6":"product_cat-roman-oyku","7":"pa_cilt-ciltsiz","8":"pa_tur-kitap","9":"pa_yayinevi-inkilap-kitabevi","10":"pa_yazar-pelin-batu","12":"first","13":"instock","14":"sale","15":"shipping-taxable","16":"purchasable","17":"product-type-simple"},"_links":{"self":[{"href":"https:\/\/roveyayinevi.com.tr\/index.php\/wp-json\/wp\/v2\/product\/713793","targetHints":{"allow":["GET"]}}],"collection":[{"href":"https:\/\/roveyayinevi.com.tr\/index.php\/wp-json\/wp\/v2\/product"}],"about":[{"href":"https:\/\/roveyayinevi.com.tr\/index.php\/wp-json\/wp\/v2\/types\/product"}],"wp:attachment":[{"href":"https:\/\/roveyayinevi.com.tr\/index.php\/wp-json\/wp\/v2\/media?parent=713793"}],"wp:term":[{"taxonomy":"product_brand","embeddable":true,"href":"https:\/\/roveyayinevi.com.tr\/index.php\/wp-json\/wp\/v2\/product_brand?post=713793"},{"taxonomy":"product_cat","embeddable":true,"href":"https:\/\/roveyayinevi.com.tr\/index.php\/wp-json\/wp\/v2\/product_cat?post=713793"},{"taxonomy":"product_tag","embeddable":true,"href":"https:\/\/roveyayinevi.com.tr\/index.php\/wp-json\/wp\/v2\/product_tag?post=713793"}],"curies":[{"name":"wp","href":"https:\/\/api.w.org\/{rel}","templated":true}]}}