{"id":713791,"date":"2025-08-27T17:11:13","date_gmt":"2025-08-27T14:11:13","guid":{"rendered":"https:\/\/roveyayinevi.com.tr\/index.php\/urun\/cam-2\/"},"modified":"2026-04-16T02:22:20","modified_gmt":"2026-04-15T23:22:20","slug":"cam-2","status":"publish","type":"product","link":"https:\/\/roveyayinevi.com.tr\/index.php\/urun\/cam-2\/","title":{"rendered":"Cam"},"content":{"rendered":"<p>S\u0131ms\u0131cak camdan bir ge\u00e7it t\u00f6reni kaplar beni seninleyken, du\u0308\u015fu\u0308nmezken gelen k\u0131\u015f\u0131 kuruyup k\u0131r\u0131ld\u0131\u011f\u0131m. Gerek yok hat\u0131rlatmaya, \u015fugu\u0308zelim iplik par\u00e7as\u0131n\u0131n anlatacak\u00f6yku\u0308leri oldu\u011funu. Yaln\u0131zca \u015fimdi, uzanabilirim tarlalara tek ba\u015f\u0131ma ve sa\u00e7ar\u0131m tohumlar\u0131n tu\u0308mu\u0308nu\u0308. Camdutlar\u0131 k\u00f6pu\u0308ru\u0308yor a\u011fz\u0131mda bir kabarc\u0131\u011fa ki dipsiz kuyularla dolu \u0130nan bana \u2013 ancak \u00e2\u015f\u0131ksam sana, yalan s\u00f6ylerim. Ba\u015fka korkum yok benim. <\/p>\n","protected":false},"excerpt":{"rendered":"<p>S\u0131ms\u0131cak camdan bir ge\u00e7it t\u00f6reni kaplar beni seninleyken, du\u0308\u015fu\u0308nmezken gelen k\u0131\u015f\u0131 kuruyup k\u0131r\u0131ld\u0131\u011f\u0131m. Gerek yok hat\u0131rlatmaya, \u015fugu\u0308zelim iplik par\u00e7as\u0131n\u0131n anlatacak\u00f6yku\u0308leri oldu\u011funu. Yaln\u0131zca \u015fimdi, uzanabilirim tarlalara tek<span class=\"excerpt-hellip\"> [\u2026]<\/span><\/p>\n","protected":false},"featured_media":0,"template":"","meta":{"_monsterinsights_skip_tracking":false,"_monsterinsights_sitenote_active":false,"_monsterinsights_sitenote_note":"","_monsterinsights_sitenote_category":0},"product_brand":[],"product_cat":[12291,12509],"product_tag":[],"class_list":{"0":"post-713791","1":"product","2":"type-product","3":"status-publish","5":"product_cat-edebiyat","6":"product_cat-siir","7":"pa_cilt-ciltsiz","8":"pa_tur-kitap","9":"pa_yayinevi-inkilap-kitabevi","10":"pa_yazar-pelin-batu","12":"first","13":"instock","14":"sale","15":"shipping-taxable","16":"purchasable","17":"product-type-simple"},"_links":{"self":[{"href":"https:\/\/roveyayinevi.com.tr\/index.php\/wp-json\/wp\/v2\/product\/713791","targetHints":{"allow":["GET"]}}],"collection":[{"href":"https:\/\/roveyayinevi.com.tr\/index.php\/wp-json\/wp\/v2\/product"}],"about":[{"href":"https:\/\/roveyayinevi.com.tr\/index.php\/wp-json\/wp\/v2\/types\/product"}],"wp:attachment":[{"href":"https:\/\/roveyayinevi.com.tr\/index.php\/wp-json\/wp\/v2\/media?parent=713791"}],"wp:term":[{"taxonomy":"product_brand","embeddable":true,"href":"https:\/\/roveyayinevi.com.tr\/index.php\/wp-json\/wp\/v2\/product_brand?post=713791"},{"taxonomy":"product_cat","embeddable":true,"href":"https:\/\/roveyayinevi.com.tr\/index.php\/wp-json\/wp\/v2\/product_cat?post=713791"},{"taxonomy":"product_tag","embeddable":true,"href":"https:\/\/roveyayinevi.com.tr\/index.php\/wp-json\/wp\/v2\/product_tag?post=713791"}],"curies":[{"name":"wp","href":"https:\/\/api.w.org\/{rel}","templated":true}]}}