{"id":713790,"date":"2025-08-27T17:11:12","date_gmt":"2025-08-27T14:11:12","guid":{"rendered":"https:\/\/roveyayinevi.com.tr\/index.php\/urun\/nexus-yukle\/"},"modified":"2026-04-16T02:22:20","modified_gmt":"2026-04-15T23:22:20","slug":"nexus-yukle","status":"publish","type":"product","link":"https:\/\/roveyayinevi.com.tr\/index.php\/urun\/nexus-yukle\/","title":{"rendered":"Nexus Y\u00fckle"},"content":{"rendered":"<p>\u0130NSANO\u011eLU G\u00dcNCELLEN\u0130YOR Y\u0131l 2040&#8230; Deneysel bir nano-uyu\u015fturucu olan Nexus, insanlar\u0131 zihinsel olarak birbirine ba\u011flamaktad\u0131r. Kimileri bu \u00fcr\u00fcn\u00fc geli\u015ftirmek, kimileriyse k\u00f6k\u00fcn\u00fc kurutmak istemektedir. Baz\u0131lar\u0131ysa, kendi \u00e7\u0131karlar\u0131 i\u00e7in kullanmak niyetindedir. Gen\u00e7 bir bilim insan\u0131 Nexus\u2019u geli\u015ftirmeye \u00e7al\u0131\u015f\u0131rken yakalan\u0131nca, ba\u015f\u0131na b\u00fcy\u00fck bir bela a\u00e7\u0131lm\u0131\u015f olur. Uluslararas\u0131 istihbarat \u00f6rg\u00fctleri i\u015fin i\u00e7indedir ve tehlike, tahmin edilenden \u00e7ok daha b\u00fcy\u00fckt\u00fcr. NEXUS, bilim koridorlar\u0131ndan g\u00fc\u00e7 odaklar\u0131na, Washington DC\u2019deki se\u00e7kin bir \u00f6rg\u00fct\u00fcn merkezinden \u015eangay\u2019daki gizli bir laboratuvara, San Francisco\u2019nun \u00e7\u0131lg\u0131n yeralt\u0131 partilerinden Bangkok\u2019taki biyoteknoloji pazarlar\u0131na, uluslararas\u0131 n\u00f6robilim konferans\u0131ndan Tayland k\u0131rsal\u0131ndaki bir manast\u0131ra kadar uzanan ve soluk almadan okunan m\u00fcthi\u015f bir roman. <\/p>\n","protected":false},"excerpt":{"rendered":"<p>\u0130NSANO\u011eLU G\u00dcNCELLEN\u0130YOR Y\u0131l 2040&#8230; Deneysel bir nano-uyu\u015fturucu olan Nexus, insanlar\u0131 zihinsel olarak birbirine ba\u011flamaktad\u0131r. Kimileri bu \u00fcr\u00fcn\u00fc geli\u015ftirmek, kimileriyse k\u00f6k\u00fcn\u00fc kurutmak istemektedir. Baz\u0131lar\u0131ysa, kendi \u00e7\u0131karlar\u0131 i\u00e7in<span class=\"excerpt-hellip\"> [\u2026]<\/span><\/p>\n","protected":false},"featured_media":0,"template":"","meta":{"_monsterinsights_skip_tracking":false,"_monsterinsights_sitenote_active":false,"_monsterinsights_sitenote_note":"","_monsterinsights_sitenote_category":0},"product_brand":[],"product_cat":[12540,12291],"product_tag":[],"class_list":{"0":"post-713790","1":"product","2":"type-product","3":"status-publish","5":"product_cat-bilim-kurgu","6":"product_cat-edebiyat","7":"pa_cilt-ciltsiz","8":"pa_tur-kitap","9":"pa_yayinevi-panama-yayincilik","10":"pa_yazar-ramez-naam","12":"first","13":"instock","14":"sale","15":"shipping-taxable","16":"purchasable","17":"product-type-simple"},"_links":{"self":[{"href":"https:\/\/roveyayinevi.com.tr\/index.php\/wp-json\/wp\/v2\/product\/713790","targetHints":{"allow":["GET"]}}],"collection":[{"href":"https:\/\/roveyayinevi.com.tr\/index.php\/wp-json\/wp\/v2\/product"}],"about":[{"href":"https:\/\/roveyayinevi.com.tr\/index.php\/wp-json\/wp\/v2\/types\/product"}],"wp:attachment":[{"href":"https:\/\/roveyayinevi.com.tr\/index.php\/wp-json\/wp\/v2\/media?parent=713790"}],"wp:term":[{"taxonomy":"product_brand","embeddable":true,"href":"https:\/\/roveyayinevi.com.tr\/index.php\/wp-json\/wp\/v2\/product_brand?post=713790"},{"taxonomy":"product_cat","embeddable":true,"href":"https:\/\/roveyayinevi.com.tr\/index.php\/wp-json\/wp\/v2\/product_cat?post=713790"},{"taxonomy":"product_tag","embeddable":true,"href":"https:\/\/roveyayinevi.com.tr\/index.php\/wp-json\/wp\/v2\/product_tag?post=713790"}],"curies":[{"name":"wp","href":"https:\/\/api.w.org\/{rel}","templated":true}]}}