{"id":713789,"date":"2025-08-27T17:11:12","date_gmt":"2025-08-27T14:11:12","guid":{"rendered":"https:\/\/roveyayinevi.com.tr\/index.php\/urun\/sihirli-agac-evi-8-aya-seyahat\/"},"modified":"2026-04-16T02:22:20","modified_gmt":"2026-04-15T23:22:20","slug":"sihirli-agac-evi-8-aya-seyahat","status":"publish","type":"product","link":"https:\/\/roveyayinevi.com.tr\/index.php\/urun\/sihirli-agac-evi-8-aya-seyahat\/","title":{"rendered":"Sihirli A\u011fa\u00e7 Evi 8 Ay&#8217;a Seyahat"},"content":{"rendered":"<p>Sihirli A\u011fa\u00e7 Evi ile sen de macera dolu bir d\u00fcnyaya dal! T\u0131pk\u0131 d\u00fcnyan\u0131n d\u00f6rt bir yan\u0131ndaki milyonlarca \u00e7ocuk gibi. Sihirli A\u011fa\u00e7 Evi bu kez s\u0131n\u0131rlar\u0131 zorluyor ve Tim ile Lea\u2019y\u0131 \u00e7ok uzaklara g\u00f6nderiyor: Ay\u2019a! Bir uzay oteli mi? Bu kadar\u0131 Tim ve Lea i\u00e7in bile \u00e7ok fazla. Yaln\u0131z k\u00fc\u00e7\u00fck bir sorunlar\u0131 var: Oksijen tanklar\u0131 t\u00fckenmek \u00fczere, iki saat i\u00e7inde havas\u0131z kalacaklar.  Bu s\u00fcrede d\u00f6rd\u00fcnc\u00fc par\u00e7ay\u0131 bulabilecekler mi? Acaba \u015fu garip Ay adam\u0131 onlara yard\u0131m eder mi? K\u00fc\u00e7\u00fck okurlar\u0131 hem okuman\u0131n keyfiyle hem de tarihteki farkl\u0131 k\u00fclt\u00fcrlerle tan\u0131\u015ft\u0131ran Sihirli A\u011fa\u00e7 Evi serisi bu y\u00f6n\u00fcyle sadece d\u00fcnyan\u0131n d\u00f6rt bir yan\u0131ndaki \u00e7ocuklar\u0131n de\u011fil, anne babalar ve e\u011fitimcilerin de g\u00f6zdesi oldu.  New York Times \u00e7oksatanlar listesinde bir numaraya kadar \u00e7\u0131kan ve be\u015f y\u0131ldan uzun bir s\u00fcre bu listede kalmay\u0131 ba\u015faran bu \u00f6d\u00fcll\u00fc seri 33 dilde 130 milyondan fazla satt\u0131. <\/p>\n","protected":false},"excerpt":{"rendered":"<p>Sihirli A\u011fa\u00e7 Evi ile sen de macera dolu bir d\u00fcnyaya dal! T\u0131pk\u0131 d\u00fcnyan\u0131n d\u00f6rt bir yan\u0131ndaki milyonlarca \u00e7ocuk gibi. Sihirli A\u011fa\u00e7 Evi bu kez s\u0131n\u0131rlar\u0131 zorluyor<span class=\"excerpt-hellip\"> [\u2026]<\/span><\/p>\n","protected":false},"featured_media":0,"template":"","meta":{"_monsterinsights_skip_tracking":false,"_monsterinsights_sitenote_active":false,"_monsterinsights_sitenote_note":"","_monsterinsights_sitenote_category":0},"product_brand":[],"product_cat":[12275,12274],"product_tag":[],"class_list":{"0":"post-713789","1":"product","2":"type-product","3":"status-publish","5":"product_cat-6-12-yas-kitaplari","6":"product_cat-cocuk-ve-genclik-kitaplari","7":"pa_cilt-ciltsiz","8":"pa_tur-kitap","9":"pa_yayinevi-domingo-yayinevi","10":"pa_yazar-mary-pope-osborne","12":"first","13":"instock","14":"sale","15":"shipping-taxable","16":"purchasable","17":"product-type-simple"},"_links":{"self":[{"href":"https:\/\/roveyayinevi.com.tr\/index.php\/wp-json\/wp\/v2\/product\/713789","targetHints":{"allow":["GET"]}}],"collection":[{"href":"https:\/\/roveyayinevi.com.tr\/index.php\/wp-json\/wp\/v2\/product"}],"about":[{"href":"https:\/\/roveyayinevi.com.tr\/index.php\/wp-json\/wp\/v2\/types\/product"}],"wp:attachment":[{"href":"https:\/\/roveyayinevi.com.tr\/index.php\/wp-json\/wp\/v2\/media?parent=713789"}],"wp:term":[{"taxonomy":"product_brand","embeddable":true,"href":"https:\/\/roveyayinevi.com.tr\/index.php\/wp-json\/wp\/v2\/product_brand?post=713789"},{"taxonomy":"product_cat","embeddable":true,"href":"https:\/\/roveyayinevi.com.tr\/index.php\/wp-json\/wp\/v2\/product_cat?post=713789"},{"taxonomy":"product_tag","embeddable":true,"href":"https:\/\/roveyayinevi.com.tr\/index.php\/wp-json\/wp\/v2\/product_tag?post=713789"}],"curies":[{"name":"wp","href":"https:\/\/api.w.org\/{rel}","templated":true}]}}