{"id":713787,"date":"2025-08-27T17:11:11","date_gmt":"2025-08-27T14:11:11","guid":{"rendered":"https:\/\/roveyayinevi.com.tr\/index.php\/urun\/cumhurbaskanligi-sistemi-kurumsalci-yaklasim-isiginda-yeni-siyasetin-analizi\/"},"modified":"2026-04-16T02:22:20","modified_gmt":"2026-04-15T23:22:20","slug":"cumhurbaskanligi-sistemi-kurumsalci-yaklasim-isiginda-yeni-siyasetin-analizi","status":"publish","type":"product","link":"https:\/\/roveyayinevi.com.tr\/index.php\/urun\/cumhurbaskanligi-sistemi-kurumsalci-yaklasim-isiginda-yeni-siyasetin-analizi\/","title":{"rendered":"Cumhurba\u015fkanl\u0131\u011f\u0131 Sistemi Kurumsalc\u0131 Yakla\u015f\u0131m I\u015f\u0131\u011f\u0131nda Yeni Siyasetin Analizi"},"content":{"rendered":"<p>Kurumsal de\u011fi\u015fim ve yeni kurallar siyas\u00ee hayat\u0131n \u015fekillenmesinde d\u00f6n\u00fc\u015ft\u00fcr\u00fcc\u00fc etkilere sahiptir. 2017 Anayasa de\u011fi\u015fiklikleri yaln\u0131zca kurumsal bir de\u011fi\u015fim getirmemekte, kapsaml\u0131 bir reform s\u00fcrecini ve yeni bir siyaset tarz\u0131n\u0131 da zorunlu k\u0131lmaktad\u0131r. Bu kapsaml\u0131 de\u011fi\u015fimi demokratik temelde ger\u00e7ekle\u015ftirebilmek T\u00fcrkiye&#8217;nin en b\u00fcy\u00fck kazan\u0131m\u0131 olacakt\u0131r.Bu \u00f6zl\u00fc \u00e7al\u0131\u015fmada, Haluk Alkan, Yasama, Y\u00fcr\u00fctme ve Yarg\u0131 fonksiyonu a\u00e7\u0131s\u0131ndan Cumhurba\u015fkanl\u0131\u011f\u0131 sistemini, 1982 Anayasas\u0131n\u0131n eski \u00e7er\u00e7evesi, T\u00fcrk siyas\u00ee sisteminin geli\u015fimi ve d\u00fcnya \u00f6rnekleri \u0131\u015f\u0131\u011f\u0131nda analiz ediyor. Yeni h\u00fck\u00fcmet sistemine y\u00f6nelik denge-denetleme, kilitlenmeyi \u00f6nleyici mekanizmalar ve otoriterle\u015fme a\u00e7\u0131s\u0131ndan ele\u015ftirileri de de\u011ferlendiren Alkan, ge\u00e7i\u015f s\u00fcrecini, yeni siyaset tarz\u0131n\u0131, muhtemel ihtiya\u00e7lar ile s\u0131k\u0131nt\u0131lar\u0131 ele alarak \u00f6neriler sunuyor. <\/p>\n","protected":false},"excerpt":{"rendered":"<p>Kurumsal de\u011fi\u015fim ve yeni kurallar siyas\u00ee hayat\u0131n \u015fekillenmesinde d\u00f6n\u00fc\u015ft\u00fcr\u00fcc\u00fc etkilere sahiptir. 2017 Anayasa de\u011fi\u015fiklikleri yaln\u0131zca kurumsal bir de\u011fi\u015fim getirmemekte, kapsaml\u0131 bir reform s\u00fcrecini ve yeni bir<span class=\"excerpt-hellip\"> [\u2026]<\/span><\/p>\n","protected":false},"featured_media":0,"template":"","meta":{"_monsterinsights_skip_tracking":false,"_monsterinsights_sitenote_active":false,"_monsterinsights_sitenote_note":"","_monsterinsights_sitenote_category":0},"product_brand":[],"product_cat":[13590,12337],"product_tag":[],"class_list":{"0":"post-713787","1":"product","2":"type-product","3":"status-publish","5":"product_cat-arastirma-inceleme-politika-siyaset","6":"product_cat-politika-siyaset","7":"pa_cilt-ciltsiz","8":"pa_tur-kitap","9":"pa_yayinevi-liberte-yayinlari","10":"pa_yazar-haluk-alkan","12":"first","13":"instock","14":"sale","15":"shipping-taxable","16":"purchasable","17":"product-type-simple"},"_links":{"self":[{"href":"https:\/\/roveyayinevi.com.tr\/index.php\/wp-json\/wp\/v2\/product\/713787","targetHints":{"allow":["GET"]}}],"collection":[{"href":"https:\/\/roveyayinevi.com.tr\/index.php\/wp-json\/wp\/v2\/product"}],"about":[{"href":"https:\/\/roveyayinevi.com.tr\/index.php\/wp-json\/wp\/v2\/types\/product"}],"wp:attachment":[{"href":"https:\/\/roveyayinevi.com.tr\/index.php\/wp-json\/wp\/v2\/media?parent=713787"}],"wp:term":[{"taxonomy":"product_brand","embeddable":true,"href":"https:\/\/roveyayinevi.com.tr\/index.php\/wp-json\/wp\/v2\/product_brand?post=713787"},{"taxonomy":"product_cat","embeddable":true,"href":"https:\/\/roveyayinevi.com.tr\/index.php\/wp-json\/wp\/v2\/product_cat?post=713787"},{"taxonomy":"product_tag","embeddable":true,"href":"https:\/\/roveyayinevi.com.tr\/index.php\/wp-json\/wp\/v2\/product_tag?post=713787"}],"curies":[{"name":"wp","href":"https:\/\/api.w.org\/{rel}","templated":true}]}}