{"id":713786,"date":"2025-08-27T17:11:10","date_gmt":"2025-08-27T14:11:10","guid":{"rendered":"https:\/\/roveyayinevi.com.tr\/index.php\/urun\/porte-muzik-akademisi-her-yonuyle-muzik\/"},"modified":"2026-04-16T02:22:20","modified_gmt":"2026-04-15T23:22:20","slug":"porte-muzik-akademisi-her-yonuyle-muzik","status":"publish","type":"product","link":"https:\/\/roveyayinevi.com.tr\/index.php\/urun\/porte-muzik-akademisi-her-yonuyle-muzik\/","title":{"rendered":"Porte M\u00fczik Akademisi Her Y\u00f6n\u00fcyle M\u00fczik"},"content":{"rendered":"<p>Porte m\u00fczik akademisinin her y\u00f6n\u00fcyle m\u00fczik adl\u0131 kitab\u0131nda \u00f6\u011frencilerin m\u00fczik k\u00fclt\u00fcr\u00fcn\u00fc her y\u00f6n\u00fcyle alg\u0131lamalar\u0131 i\u00e7in farkl\u0131 bir e\u011fitim y\u00f6ntemi kulland\u0131k . kitab\u0131n 2. 3. Ve 4. B\u00f6l\u00fcmlerindeki a\u00e7\u0131klamalar\u0131n s\u0131ral\u0131 olarak \u00f6\u011fretilmesi gerekmektedir. Kitab\u0131n 1. 2. 3. Ve 4. B\u00f6l\u00fcmlerindeki \u00e7alg\u0131lar besteciler m\u00fczik t\u00fcrleri ve m\u00fczik gruplar\u0131 \u00f6\u011fretmen taraf\u0131ndan istenilen s\u0131rayla kullan\u0131labilir. Sark\u0131lar istenilen s\u0131rayla cd e\u015fli\u011finde \u00e7al\u0131\u015farak s\u0131n\u0131f i\u00e7i koro repertuvar\u0131 olarakda kulan\u0131labilir. Kitap 1-8 s\u0131n\u0131flar aras\u0131 temel m\u00fczik e\u011fitimi alacak \u00f6\u011frencilerin m\u00fcfredat i\u00e7eri\u011fini kapsamaktad\u0131r. Kitab\u0131n sonundaki bo\u015f porteli sayfalar bir defter g\u00f6revi g\u00f6recektir. Not b\u00f6l\u00fcm\u00fcn\u00fc ise \u00f6\u011frenciler \u00f6\u011fretmenlerin verdi\u011fi \u00e7al\u0131\u015fmalar\u0131 yazmak i\u00e7in kullanabilirler . \ufffcTan\u0131t\u0131m Metni<\/p>\n","protected":false},"excerpt":{"rendered":"<p>Porte m\u00fczik akademisinin her y\u00f6n\u00fcyle m\u00fczik adl\u0131 kitab\u0131nda \u00f6\u011frencilerin m\u00fczik k\u00fclt\u00fcr\u00fcn\u00fc her y\u00f6n\u00fcyle alg\u0131lamalar\u0131 i\u00e7in farkl\u0131 bir e\u011fitim y\u00f6ntemi kulland\u0131k . kitab\u0131n 2. 3. Ve 4.<span class=\"excerpt-hellip\"> [\u2026]<\/span><\/p>\n","protected":false},"featured_media":0,"template":"","meta":{"_monsterinsights_skip_tracking":false,"_monsterinsights_sitenote_active":false,"_monsterinsights_sitenote_note":"","_monsterinsights_sitenote_category":0},"product_brand":[],"product_cat":[14556,14557],"product_tag":[],"class_list":{"0":"post-713786","1":"product","2":"type-product","3":"status-publish","5":"product_cat-muzik","6":"product_cat-nota-kitaplari","7":"pa_cilt-ciltsiz","8":"pa_tur-kitap","9":"pa_yayinevi-porte-muzik-egitim-merkezi","10":"pa_yazar-vuslat-cifdal-tunc-volkan-konya-ovunc-yaman","12":"first","13":"instock","14":"sale","15":"shipping-taxable","16":"purchasable","17":"product-type-simple"},"_links":{"self":[{"href":"https:\/\/roveyayinevi.com.tr\/index.php\/wp-json\/wp\/v2\/product\/713786","targetHints":{"allow":["GET"]}}],"collection":[{"href":"https:\/\/roveyayinevi.com.tr\/index.php\/wp-json\/wp\/v2\/product"}],"about":[{"href":"https:\/\/roveyayinevi.com.tr\/index.php\/wp-json\/wp\/v2\/types\/product"}],"wp:attachment":[{"href":"https:\/\/roveyayinevi.com.tr\/index.php\/wp-json\/wp\/v2\/media?parent=713786"}],"wp:term":[{"taxonomy":"product_brand","embeddable":true,"href":"https:\/\/roveyayinevi.com.tr\/index.php\/wp-json\/wp\/v2\/product_brand?post=713786"},{"taxonomy":"product_cat","embeddable":true,"href":"https:\/\/roveyayinevi.com.tr\/index.php\/wp-json\/wp\/v2\/product_cat?post=713786"},{"taxonomy":"product_tag","embeddable":true,"href":"https:\/\/roveyayinevi.com.tr\/index.php\/wp-json\/wp\/v2\/product_tag?post=713786"}],"curies":[{"name":"wp","href":"https:\/\/api.w.org\/{rel}","templated":true}]}}