{"id":713784,"date":"2025-08-27T17:11:09","date_gmt":"2025-08-27T14:11:09","guid":{"rendered":"https:\/\/roveyayinevi.com.tr\/index.php\/urun\/savasi-sabreden-kazanir-sansolye-merkelin-hikayesi-ve-turkiye-iliskileri\/"},"modified":"2026-04-16T02:22:20","modified_gmt":"2026-04-15T23:22:20","slug":"savasi-sabreden-kazanir-sansolye-merkelin-hikayesi-ve-turkiye-iliskileri","status":"publish","type":"product","link":"https:\/\/roveyayinevi.com.tr\/index.php\/urun\/savasi-sabreden-kazanir-sansolye-merkelin-hikayesi-ve-turkiye-iliskileri\/","title":{"rendered":"Sava\u015f\u0131 Sabreden Kazan\u0131r &#8211; \u015eans\u00f6lye Merkel\u2019in Hikayesi ve T\u00fcrkiye \u0130li\u015fkileri"},"content":{"rendered":"<p>\u0130kiye b\u00f6l\u00fcnm\u00fc\u015f Almanya\u2019n\u0131n bat\u0131s\u0131nda do\u011fdu. Babas\u0131 papazd\u0131. Daha kundakta, ailesiyle Do\u011fu Almanya\u2019ya g\u00f6\u00e7 etmek zorunda kald\u0131. Berlin Duvar\u0131\u2019n\u0131n Do\u011fu yakas\u0131nda b\u00fcy\u00fcd\u00fc. Duvar\u0131n y\u0131k\u0131lmas\u0131yla hayat\u0131 bir anda de\u011fi\u015fti. Hemen politikaya at\u0131lmaya karar verdi. Erkek hegemonyas\u0131ndaki siyaset d\u00fcnyas\u0131nda bir kad\u0131n olarak h\u0131zla kariyer basamaklar\u0131n\u0131 t\u0131rmand\u0131. Bir y\u0131l sonra bakan, 11 y\u0131l sonra parti genel ba\u015fkan\u0131, 15 y\u0131l sonra birle\u015fmi\u015f Almanya\u2019n\u0131n \u015fans\u00f6lyesi oldu. H\u0131zla y\u00fckselen siyasi kariyeri, \u201cArkas\u0131nda baz\u0131 gizli g\u00fc\u00e7ler var\u201d spek\u00fclasyonlar\u0131na yol a\u00e7t\u0131. Ama o 12 y\u0131l\u0131 a\u015fk\u0131n bir s\u00fcredir halen ba\u015fbakan. Deneyimli gazeteci yazar Celal \u00d6zcan, Sava\u015f\u0131 Sabreden Kazan\u0131r\u2019da, \u201cD\u00fcnyan\u0131n En G\u00fc\u00e7l\u00fc Kad\u0131n\u0131\u201d Angela Merkel\u2019in y\u00fckseli\u015fini anlat\u0131rken, ayn\u0131 zamanda \u00e7ok \u00f6zel ba\u011flarla birbirine ba\u011fl\u0131 Almanya-T\u00fcrkiye aras\u0131ndaki ili\u015fkileri mercek alt\u0131na al\u0131yor ve son zamanlarda ikili g\u00f6r\u00fc\u015fmelerde kapal\u0131 kap\u0131lar ard\u0131nda ya\u015fanan kavgalar\u0131 g\u00fcn \u0131\u015f\u0131\u011f\u0131na \u00e7\u0131kar\u0131yor. \ufffcTan\u0131t\u0131m Metni<\/p>\n","protected":false},"excerpt":{"rendered":"<p>\u0130kiye b\u00f6l\u00fcnm\u00fc\u015f Almanya\u2019n\u0131n bat\u0131s\u0131nda do\u011fdu. Babas\u0131 papazd\u0131. Daha kundakta, ailesiyle Do\u011fu Almanya\u2019ya g\u00f6\u00e7 etmek zorunda kald\u0131. Berlin Duvar\u0131\u2019n\u0131n Do\u011fu yakas\u0131nda b\u00fcy\u00fcd\u00fc. Duvar\u0131n y\u0131k\u0131lmas\u0131yla hayat\u0131 bir anda<span class=\"excerpt-hellip\"> [\u2026]<\/span><\/p>\n","protected":false},"featured_media":0,"template":"","meta":{"_monsterinsights_skip_tracking":false,"_monsterinsights_sitenote_active":false,"_monsterinsights_sitenote_note":"","_monsterinsights_sitenote_category":0},"product_brand":[],"product_cat":[13590,12337],"product_tag":[],"class_list":{"0":"post-713784","1":"product","2":"type-product","3":"status-publish","5":"product_cat-arastirma-inceleme-politika-siyaset","6":"product_cat-politika-siyaset","7":"pa_cilt-ciltsiz","8":"pa_tur-kitap","9":"pa_yayinevi-dogan-kitap","10":"pa_yazar-celal-ozcan","12":"first","13":"instock","14":"sale","15":"shipping-taxable","16":"purchasable","17":"product-type-simple"},"_links":{"self":[{"href":"https:\/\/roveyayinevi.com.tr\/index.php\/wp-json\/wp\/v2\/product\/713784","targetHints":{"allow":["GET"]}}],"collection":[{"href":"https:\/\/roveyayinevi.com.tr\/index.php\/wp-json\/wp\/v2\/product"}],"about":[{"href":"https:\/\/roveyayinevi.com.tr\/index.php\/wp-json\/wp\/v2\/types\/product"}],"wp:attachment":[{"href":"https:\/\/roveyayinevi.com.tr\/index.php\/wp-json\/wp\/v2\/media?parent=713784"}],"wp:term":[{"taxonomy":"product_brand","embeddable":true,"href":"https:\/\/roveyayinevi.com.tr\/index.php\/wp-json\/wp\/v2\/product_brand?post=713784"},{"taxonomy":"product_cat","embeddable":true,"href":"https:\/\/roveyayinevi.com.tr\/index.php\/wp-json\/wp\/v2\/product_cat?post=713784"},{"taxonomy":"product_tag","embeddable":true,"href":"https:\/\/roveyayinevi.com.tr\/index.php\/wp-json\/wp\/v2\/product_tag?post=713784"}],"curies":[{"name":"wp","href":"https:\/\/api.w.org\/{rel}","templated":true}]}}