{"id":713783,"date":"2025-08-27T17:11:08","date_gmt":"2025-08-27T14:11:08","guid":{"rendered":"https:\/\/roveyayinevi.com.tr\/index.php\/urun\/karsi\/"},"modified":"2026-04-16T02:22:20","modified_gmt":"2026-04-15T23:22:20","slug":"karsi","status":"publish","type":"product","link":"https:\/\/roveyayinevi.com.tr\/index.php\/urun\/karsi\/","title":{"rendered":"Kar\u015f\u0131"},"content":{"rendered":"<p>G\u00fczel kaybettik ama vazge\u00e7medik G\u00f6lgelerde ya\u015famaktan yorulmad\u0131n m\u0131? Sessiz \u00e7\u0131\u011fl\u0131klar atmaktan? Olmayan \u015feylerin sebeplerini d\u00fc\u015f\u00fcnmekten yorulmad\u0131n m\u0131? Olmayan \u015feyler i\u00e7in kendini d\u00f6vmekten yorulmad\u0131n m\u0131? Yeni bir yol, yeni bir y\u00f6n seni bekliyor, g\u00f6rmemekten yorulmad\u0131n m\u0131? Yapmak ile yapamamak aras\u0131nda sadece sen vars\u0131n,  ayak diremekten yorulmad\u0131n m\u0131? Korkular\u0131n\u0131n esaretinde korkmaktan, yorulmaktan yorulmad\u0131n m\u0131? Do\u011fru kisvesindeki yalanlara eyvallahtan K\u00fc\u00e7\u00fck ufuklar\u0131n\u0131 b\u00fcy\u00fck satanlardan Hakk\u0131n olan al\u0131n\u0131rken bir k\u00f6\u015fede oturmaktan Kolun k\u0131r\u0131lana kadar b\u00fck\u00fclmesine g\u00f6z yummaktan yorulmad\u0131n m\u0131? Herkesten \u00f6te kendinden utanmaktan yorulmad\u0131n m\u0131? Dua bir eylemdir niyet de\u011fil \u0130syan h\u00fcrriyettir esarete diyet de\u011fil Sana bi\u00e7tikleri elbiseye dar gelmekten yorulmad\u0131n m\u0131? O zaman susma O zaman k\u0131yam et, kalk aya\u011fa O zaman bir daha \u00e7\u0131k yola Bu defa daha kararl\u0131 Bu defa daha sert. <\/p>\n","protected":false},"excerpt":{"rendered":"<p>G\u00fczel kaybettik ama vazge\u00e7medik G\u00f6lgelerde ya\u015famaktan yorulmad\u0131n m\u0131? Sessiz \u00e7\u0131\u011fl\u0131klar atmaktan? Olmayan \u015feylerin sebeplerini d\u00fc\u015f\u00fcnmekten yorulmad\u0131n m\u0131? Olmayan \u015feyler i\u00e7in kendini d\u00f6vmekten yorulmad\u0131n m\u0131? Yeni bir<span class=\"excerpt-hellip\"> [\u2026]<\/span><\/p>\n","protected":false},"featured_media":0,"template":"","meta":{"_monsterinsights_skip_tracking":false,"_monsterinsights_sitenote_active":false,"_monsterinsights_sitenote_note":"","_monsterinsights_sitenote_category":0},"product_brand":[],"product_cat":[12777,12291],"product_tag":[],"class_list":{"0":"post-713783","1":"product","2":"type-product","3":"status-publish","5":"product_cat-deneme","6":"product_cat-edebiyat","7":"pa_cilt-ciltsiz","8":"pa_tur-kitap","9":"pa_yayinevi-dogan-kitap","10":"pa_yazar-kerimcan-kamal","12":"first","13":"instock","14":"sale","15":"shipping-taxable","16":"purchasable","17":"product-type-simple"},"_links":{"self":[{"href":"https:\/\/roveyayinevi.com.tr\/index.php\/wp-json\/wp\/v2\/product\/713783","targetHints":{"allow":["GET"]}}],"collection":[{"href":"https:\/\/roveyayinevi.com.tr\/index.php\/wp-json\/wp\/v2\/product"}],"about":[{"href":"https:\/\/roveyayinevi.com.tr\/index.php\/wp-json\/wp\/v2\/types\/product"}],"wp:attachment":[{"href":"https:\/\/roveyayinevi.com.tr\/index.php\/wp-json\/wp\/v2\/media?parent=713783"}],"wp:term":[{"taxonomy":"product_brand","embeddable":true,"href":"https:\/\/roveyayinevi.com.tr\/index.php\/wp-json\/wp\/v2\/product_brand?post=713783"},{"taxonomy":"product_cat","embeddable":true,"href":"https:\/\/roveyayinevi.com.tr\/index.php\/wp-json\/wp\/v2\/product_cat?post=713783"},{"taxonomy":"product_tag","embeddable":true,"href":"https:\/\/roveyayinevi.com.tr\/index.php\/wp-json\/wp\/v2\/product_tag?post=713783"}],"curies":[{"name":"wp","href":"https:\/\/api.w.org\/{rel}","templated":true}]}}