{"id":713782,"date":"2025-08-27T17:11:08","date_gmt":"2025-08-27T14:11:08","guid":{"rendered":"https:\/\/roveyayinevi.com.tr\/index.php\/urun\/40-hadis-2\/"},"modified":"2026-04-16T02:22:20","modified_gmt":"2026-04-15T23:22:20","slug":"40-hadis-2","status":"publish","type":"product","link":"https:\/\/roveyayinevi.com.tr\/index.php\/urun\/40-hadis-2\/","title":{"rendered":"40 Hadis"},"content":{"rendered":"<p>40 Hadis, inanmak isteyen bir ku\u015fa\u011f\u0131n yak\u0131n tarihinin roman\u0131. Sel\u00e7uk Orhan; cemaatler, ba\u015f \u00f6rt\u00fcs\u00fc m\u00fccadelesi, \u00f6\u011frenci yurtlar\u0131 ve sermaye-din ili\u015fkilerinin d\u00fcnyas\u0131nda hak aray\u0131\u015f\u0131n\u0131n nas\u0131l bir hesapla\u015fmaya ve yozla\u015fmaya d\u00f6n\u00fc\u015ft\u00fc\u011f\u00fcn\u00fc cesurca anlat\u0131yor.Nazan\u2019\u0131n babas\u0131na kar\u015f\u0131 \u015fiirle ba\u015flayan \u00e7\u0131k\u0131\u015f aray\u0131\u015f\u0131, Zeynep\u2019in inan\u00e7la inan\u00e7s\u0131zl\u0131k aras\u0131nda savrulurken yaratt\u0131\u011f\u0131 oyunlar, Niyazi G\u00fcm\u00fc\u015f\u2019\u00fcn rabbine meydan okuyu\u015fu, Yusuf\u2019un inanc\u0131n\u0131n tuzla buz olu\u015fu\u2026 \u0130ncelikle i\u015flenmi\u015f bu karakterlerin i\u00e7 i\u00e7e ge\u00e7en \u00f6yk\u00fclerinde bug\u00fcn\u00fcn ger\u00e7e\u011fini haz\u0131rlayan insani kodlar\u0131 bulacaks\u0131n\u0131z.   \u201cSel\u00e7uk Orhan\u2019\u0131n 40 Hadis\u2019i hem konu edindi\u011fi \u00e7evreyi yans\u0131t\u0131\u015f\u0131, kahramanlar\u0131n\u0131n ger\u00e7eklikleri,inand\u0131r\u0131c\u0131l\u0131klar\u0131 ile hem de anlat\u0131m bi\u00e7imi ve yap\u0131s\u0131yla, ilgi ile okunmay\u0131 hak ediyor.\u201dMetin Celal <\/p>\n","protected":false},"excerpt":{"rendered":"<p>40 Hadis, inanmak isteyen bir ku\u015fa\u011f\u0131n yak\u0131n tarihinin roman\u0131. Sel\u00e7uk Orhan; cemaatler, ba\u015f \u00f6rt\u00fcs\u00fc m\u00fccadelesi, \u00f6\u011frenci yurtlar\u0131 ve sermaye-din ili\u015fkilerinin d\u00fcnyas\u0131nda hak aray\u0131\u015f\u0131n\u0131n nas\u0131l bir hesapla\u015fmaya<span class=\"excerpt-hellip\"> [\u2026]<\/span><\/p>\n","protected":false},"featured_media":0,"template":"","meta":{"_monsterinsights_skip_tracking":false,"_monsterinsights_sitenote_active":false,"_monsterinsights_sitenote_note":"","_monsterinsights_sitenote_category":0},"product_brand":[],"product_cat":[12291,12711],"product_tag":[],"class_list":{"0":"post-713782","1":"product","2":"type-product","3":"status-publish","5":"product_cat-edebiyat","6":"product_cat-roman-oyku","7":"pa_cilt-ciltsiz","8":"pa_tur-kitap","9":"pa_yayinevi-dogan-kitap","10":"pa_yazar-selcuk-orhan","12":"first","13":"instock","14":"sale","15":"shipping-taxable","16":"purchasable","17":"product-type-simple"},"_links":{"self":[{"href":"https:\/\/roveyayinevi.com.tr\/index.php\/wp-json\/wp\/v2\/product\/713782","targetHints":{"allow":["GET"]}}],"collection":[{"href":"https:\/\/roveyayinevi.com.tr\/index.php\/wp-json\/wp\/v2\/product"}],"about":[{"href":"https:\/\/roveyayinevi.com.tr\/index.php\/wp-json\/wp\/v2\/types\/product"}],"wp:attachment":[{"href":"https:\/\/roveyayinevi.com.tr\/index.php\/wp-json\/wp\/v2\/media?parent=713782"}],"wp:term":[{"taxonomy":"product_brand","embeddable":true,"href":"https:\/\/roveyayinevi.com.tr\/index.php\/wp-json\/wp\/v2\/product_brand?post=713782"},{"taxonomy":"product_cat","embeddable":true,"href":"https:\/\/roveyayinevi.com.tr\/index.php\/wp-json\/wp\/v2\/product_cat?post=713782"},{"taxonomy":"product_tag","embeddable":true,"href":"https:\/\/roveyayinevi.com.tr\/index.php\/wp-json\/wp\/v2\/product_tag?post=713782"}],"curies":[{"name":"wp","href":"https:\/\/api.w.org\/{rel}","templated":true}]}}