{"id":713781,"date":"2025-08-27T17:11:07","date_gmt":"2025-08-27T14:11:07","guid":{"rendered":"https:\/\/roveyayinevi.com.tr\/index.php\/urun\/marco-polonun-geziler-kitabi\/"},"modified":"2026-04-16T02:22:20","modified_gmt":"2026-04-15T23:22:20","slug":"marco-polonun-geziler-kitabi","status":"publish","type":"product","link":"https:\/\/roveyayinevi.com.tr\/index.php\/urun\/marco-polonun-geziler-kitabi\/","title":{"rendered":"Marco Polo&#8217;nun Geziler Kitab\u0131"},"content":{"rendered":"<p>Venedikli Marco Polo (1254-1324), on \u00fc\u00e7\u00fcnc\u00fc y\u00fczy\u0131l ortalar\u0131nda Bat\u0131\u2019n\u0131n hi\u00e7 denecek kadar az tan\u0131d\u0131\u011f\u0131 Asya\u2019ya ser\u00fcvenli bir yolculuk yapt\u0131. Ad\u0131m ad\u0131m ipek yolunu izleyerek B\u00fcy\u00fck Ka\u011fan Kubilay Han\u2019\u0131n ba\u015fkenti Hanbal\u0131k\u2019a (bug\u00fcnk\u00fc Pekin) ula\u015ft\u0131. K\u0131sa zamanda Han\u2019\u0131n g\u00fcvenini kazanmay\u0131 ba\u015fard\u0131 ve g\u00f6nderildi\u011fi g\u00f6revler ve el\u00e7ilikler s\u0131ras\u0131nda \u00c7in\u2019in ve Hindistan\u2019\u0131n b\u00fcy\u00fck bir b\u00f6l\u00fcm\u00fcn\u00fc tan\u0131ma f\u0131rsat\u0131n\u0131 buldu. 25 y\u0131l s\u00fcren bu geziden d\u00f6n\u00fc\u015f\u00fcnde bir sava\u015fta Cenevizlilere tutsak d\u00fc\u015ft\u00fc. Tutsak kald\u0131\u011f\u0131 d\u00f6rt y\u0131l i\u00e7inde gezi notlar\u0131na dayanarak h\u00fccre arkada\u015f\u0131 Rusticano\u2019ya \u2018Harikalar Kitab\u0131\u2019 diye adland\u0131r\u0131lan bu kitab\u0131 yazd\u0131rd\u0131. Geni\u015f ilgi g\u00f6ren kitab\u0131 Kristof Kolomb da okudu ve elindeki n\u00fcshan\u0131n \u00fczerine notlar yazd\u0131. 1492\u2019de gemilerinin burnunu Bat\u0131ya \u00e7evirdi\u011fi zaman amac\u0131 Marco Polo\u2019nun s\u00f6z etti\u011fi \u00fclkelere ula\u015fmakt\u0131.Yeni \u00c7a\u011f\u2019\u0131 mu\u015ftulayan ve \u00e7a\u011fda\u015f okuyucunun da zevk ve merakla okuyabilece\u011fi bir bi\u00e7imde yaz\u0131lm\u0131\u015f olan bu \u00f6nemli yap\u0131t\u0131n ayr\u0131ca, ipek yolu, T\u00fcrklerin anayurdu,Orta Asya\u2019da ya\u015fayan T\u00fcrkler konular\u0131nda pek \u00e7ok bilgiyi i\u00e7ermesi bak\u0131m\u0131ndan T\u00fcrk okuyucu i\u00e7in \u00f6zel bir yeri ve \u00f6nemi de var. <\/p>\n","protected":false},"excerpt":{"rendered":"<p>Venedikli Marco Polo (1254-1324), on \u00fc\u00e7\u00fcnc\u00fc y\u00fczy\u0131l ortalar\u0131nda Bat\u0131\u2019n\u0131n hi\u00e7 denecek kadar az tan\u0131d\u0131\u011f\u0131 Asya\u2019ya ser\u00fcvenli bir yolculuk yapt\u0131. Ad\u0131m ad\u0131m ipek yolunu izleyerek B\u00fcy\u00fck Ka\u011fan<span class=\"excerpt-hellip\"> [\u2026]<\/span><\/p>\n","protected":false},"featured_media":0,"template":"","meta":{"_monsterinsights_skip_tracking":false,"_monsterinsights_sitenote_active":false,"_monsterinsights_sitenote_note":"","_monsterinsights_sitenote_category":0},"product_brand":[],"product_cat":[13055,13054],"product_tag":[],"class_list":{"0":"post-713781","1":"product","2":"type-product","3":"status-publish","5":"product_cat-gezi-rehberi","6":"product_cat-gezi-ve-rehber-kitaplari","7":"pa_cilt-ciltsiz","8":"pa_tur-kitap","9":"pa_yayinevi-yol-yayinlari","10":"pa_yazar-marco-polo","12":"first","13":"instock","14":"sale","15":"shipping-taxable","16":"purchasable","17":"product-type-simple"},"_links":{"self":[{"href":"https:\/\/roveyayinevi.com.tr\/index.php\/wp-json\/wp\/v2\/product\/713781","targetHints":{"allow":["GET"]}}],"collection":[{"href":"https:\/\/roveyayinevi.com.tr\/index.php\/wp-json\/wp\/v2\/product"}],"about":[{"href":"https:\/\/roveyayinevi.com.tr\/index.php\/wp-json\/wp\/v2\/types\/product"}],"wp:attachment":[{"href":"https:\/\/roveyayinevi.com.tr\/index.php\/wp-json\/wp\/v2\/media?parent=713781"}],"wp:term":[{"taxonomy":"product_brand","embeddable":true,"href":"https:\/\/roveyayinevi.com.tr\/index.php\/wp-json\/wp\/v2\/product_brand?post=713781"},{"taxonomy":"product_cat","embeddable":true,"href":"https:\/\/roveyayinevi.com.tr\/index.php\/wp-json\/wp\/v2\/product_cat?post=713781"},{"taxonomy":"product_tag","embeddable":true,"href":"https:\/\/roveyayinevi.com.tr\/index.php\/wp-json\/wp\/v2\/product_tag?post=713781"}],"curies":[{"name":"wp","href":"https:\/\/api.w.org\/{rel}","templated":true}]}}