{"id":713779,"date":"2025-08-27T17:11:06","date_gmt":"2025-08-27T14:11:06","guid":{"rendered":"https:\/\/roveyayinevi.com.tr\/index.php\/urun\/babam-yanimdayken\/"},"modified":"2026-04-16T02:22:20","modified_gmt":"2026-04-15T23:22:20","slug":"babam-yanimdayken","status":"publish","type":"product","link":"https:\/\/roveyayinevi.com.tr\/index.php\/urun\/babam-yanimdayken\/","title":{"rendered":"Babam Yan\u0131mdayken"},"content":{"rendered":"<p>&#8220;Bana yeni \u015feyler \u00f6\u011fretir. Beni nas\u0131l g\u00fcld\u00fcrece\u011fini iyi bilir. Babamla birlikte yapamayaca\u011f\u0131m\u0131z hi\u00e7bir \u015fey yoktur.&#8221;Kocaman resmedilmi\u015f bir baba ve onun yan\u0131nda minicik bir k\u0131z\u2026 Babam Yan\u0131mdayken\u2019de bu baba-k\u0131z\u0131n hayatlar\u0131ndan s\u0131cac\u0131k kesitler sunuluyor. Birlikte yemek haz\u0131rlamak, kitap okumak, sar\u0131l\u0131p uyumak gibi en \u00f6zel anlar, \u00f6yk\u00fc boyunca suluboya \u00e7izimlerle resmediliyor. Babalar\u0131n \u00e7ocuklar\u0131n\u0131n hayatlar\u0131nda oynad\u0131klar\u0131 bir\u00e7ok farkl\u0131 rol, bu sahnelerde yal\u0131n ve dokunakl\u0131 bir \u00fcslupla anlat\u0131l\u0131yor.Babam Yan\u0131mdayken, yapt\u0131\u011f\u0131 baba-k\u0131z \u00e7izimleriyle k\u0131sa s\u00fcrede \u00fcne kavu\u015fan, sosyal medya fenomeni Soosh&#8217;un ilk kitab\u0131. Babalar ve \u00e7ocuklar\u0131 aras\u0131ndaki o s\u0131cac\u0131k ili\u015fki, bu kitapta Soosh&#8217;un bakmaya doyamayaca\u011f\u0131n\u0131z \u00e7izimleri e\u015fli\u011finde anlat\u0131l\u0131yor. <\/p>\n","protected":false},"excerpt":{"rendered":"<p>&#8220;Bana yeni \u015feyler \u00f6\u011fretir. Beni nas\u0131l g\u00fcld\u00fcrece\u011fini iyi bilir. Babamla birlikte yapamayaca\u011f\u0131m\u0131z hi\u00e7bir \u015fey yoktur.&#8221;Kocaman resmedilmi\u015f bir baba ve onun yan\u0131nda minicik bir k\u0131z\u2026 Babam Yan\u0131mdayken\u2019de<span class=\"excerpt-hellip\"> [\u2026]<\/span><\/p>\n","protected":false},"featured_media":0,"template":"","meta":{"_monsterinsights_skip_tracking":false,"_monsterinsights_sitenote_active":false,"_monsterinsights_sitenote_note":"","_monsterinsights_sitenote_category":0},"product_brand":[],"product_cat":[12913,12274],"product_tag":[],"class_list":{"0":"post-713779","1":"product","2":"type-product","3":"status-publish","5":"product_cat-3-6-yas-kitaplari","6":"product_cat-cocuk-ve-genclik-kitaplari","7":"pa_cilt-ciltsiz","8":"pa_tur-kitap","9":"pa_yayinevi-redhouse-kidz-yayinlari","10":"pa_yazar-soosh","12":"first","13":"instock","14":"sale","15":"shipping-taxable","16":"purchasable","17":"product-type-simple"},"_links":{"self":[{"href":"https:\/\/roveyayinevi.com.tr\/index.php\/wp-json\/wp\/v2\/product\/713779","targetHints":{"allow":["GET"]}}],"collection":[{"href":"https:\/\/roveyayinevi.com.tr\/index.php\/wp-json\/wp\/v2\/product"}],"about":[{"href":"https:\/\/roveyayinevi.com.tr\/index.php\/wp-json\/wp\/v2\/types\/product"}],"wp:attachment":[{"href":"https:\/\/roveyayinevi.com.tr\/index.php\/wp-json\/wp\/v2\/media?parent=713779"}],"wp:term":[{"taxonomy":"product_brand","embeddable":true,"href":"https:\/\/roveyayinevi.com.tr\/index.php\/wp-json\/wp\/v2\/product_brand?post=713779"},{"taxonomy":"product_cat","embeddable":true,"href":"https:\/\/roveyayinevi.com.tr\/index.php\/wp-json\/wp\/v2\/product_cat?post=713779"},{"taxonomy":"product_tag","embeddable":true,"href":"https:\/\/roveyayinevi.com.tr\/index.php\/wp-json\/wp\/v2\/product_tag?post=713779"}],"curies":[{"name":"wp","href":"https:\/\/api.w.org\/{rel}","templated":true}]}}