{"id":713778,"date":"2025-08-27T17:11:06","date_gmt":"2025-08-27T14:11:06","guid":{"rendered":"https:\/\/roveyayinevi.com.tr\/index.php\/urun\/kultur-denen-sey\/"},"modified":"2025-12-30T10:14:17","modified_gmt":"2025-12-30T07:14:17","slug":"kultur-denen-sey","status":"publish","type":"product","link":"https:\/\/roveyayinevi.com.tr\/index.php\/urun\/kultur-denen-sey\/","title":{"rendered":"K\u00fclt\u00fcr Denen \u015eey"},"content":{"rendered":"<p>K\u00fclt\u00fcr denen \u015fey, sabit bir \u00f6z m\u00fc, yoksa ele ge\u00e7iremedi\u011fimiz, s\u00fcrekli de\u011fi\u015fen dinamik bir canl\u0131l\u0131k m\u0131? Kurulu\u015funda Bat\u0131-d\u0131\u015f\u0131 insan topluluklar\u0131na odaklanan antropoloji disiplini, son otuz-k\u0131rk y\u0131lda kendi tarihiyle hesapla\u015fabilen, ba\u015flang\u0131\u00e7 varsay\u0131mlar\u0131n\u0131 y\u0131kabilen ve g\u00fcn\u00fcm\u00fcz\u00fcn karma\u015f\u0131k sorunlar\u0131yla farkl\u0131 bi\u00e7imlerde ili\u015fki kurabilen bir ara\u015ft\u0131rma alan\u0131 oldu\u011funu kan\u0131tlad\u0131. K\u00fclt\u00fcr Denen \u015eey, antropolojinin bu zenginli\u011finin ve derinle\u015fmesinin bir yans\u0131mas\u0131. Hem d\u00fcnyada hem T\u00fcrkiye\u2019de yap\u0131lan ara\u015ft\u0131rmalar \u0131\u015f\u0131\u011f\u0131nda antropolojinin ara\u015ft\u0131rma g\u00fcndemlerinin bir haritas\u0131n\u0131 veriyor elimize. Bu harita sayesinde devlet, b\u00fcrokrasi, tar\u0131m, k\u00f6yl\u00fcl\u00fck, ekonomi, kent, \u00e7al\u0131\u015fma, cinsiyet, din, etnisite, spor, dil, medya, hukuk, g\u00f6\u00e7, cinsellik, \u00e7evre ve duygulan\u0131m gibi \u00e7ok geni\u015f bir alanda insana ve k\u00fclt\u00fcre bak\u0131\u015f\u0131m\u0131z\u0131n yak\u0131n zamanlarda nas\u0131l b\u00fcy\u00fck bir de\u011fi\u015fime u\u011frad\u0131\u011f\u0131n\u0131 g\u00f6rebiliyoruz. Son y\u0131llarda hem T\u00fcrkiye \u00fczerine \u00e7al\u0131\u015fan sosyal bilimciler aras\u0131nda hem okurlar aras\u0131nda antropolojinin tart\u0131\u015fmalar\u0131na, y\u00f6ntem ve bulgular\u0131na artan bir ilgi var. Kitapta yer alan makaleler, kendi konular\u0131nda bir d\u00fc\u015f\u00fcnce tarihi sunarken, bu panoraman\u0131n \u00f6n\u00fcnde \u015fekillenebilecek yeni sorulara ve tart\u0131\u015fmalara ilham vermeyi ama\u00e7l\u0131yorlar. <\/p>\n","protected":false},"excerpt":{"rendered":"<p>K\u00fclt\u00fcr denen \u015fey, sabit bir \u00f6z m\u00fc, yoksa ele ge\u00e7iremedi\u011fimiz, s\u00fcrekli de\u011fi\u015fen dinamik bir canl\u0131l\u0131k m\u0131? Kurulu\u015funda Bat\u0131-d\u0131\u015f\u0131 insan topluluklar\u0131na odaklanan antropoloji disiplini, son otuz-k\u0131rk y\u0131lda<span class=\"excerpt-hellip\"> [\u2026]<\/span><\/p>\n","protected":false},"featured_media":0,"template":"","meta":{"_monsterinsights_skip_tracking":false,"_monsterinsights_sitenote_active":false,"_monsterinsights_sitenote_note":"","_monsterinsights_sitenote_category":0},"product_brand":[],"product_cat":[15499,13488],"product_tag":[],"class_list":{"0":"post-713778","1":"product","2":"type-product","3":"status-publish","5":"product_cat-antropoloji","6":"product_cat-toplum-ve-insan","7":"pa_cilt-ciltsiz","8":"pa_tur-kitap","9":"pa_yayinevi-metis-yayinlari","10":"pa_yazar-ayfer-bartu-candan-cenk-ozbay","12":"first","13":"instock","14":"sale","15":"shipping-taxable","16":"purchasable","17":"product-type-simple"},"_links":{"self":[{"href":"https:\/\/roveyayinevi.com.tr\/index.php\/wp-json\/wp\/v2\/product\/713778","targetHints":{"allow":["GET"]}}],"collection":[{"href":"https:\/\/roveyayinevi.com.tr\/index.php\/wp-json\/wp\/v2\/product"}],"about":[{"href":"https:\/\/roveyayinevi.com.tr\/index.php\/wp-json\/wp\/v2\/types\/product"}],"wp:attachment":[{"href":"https:\/\/roveyayinevi.com.tr\/index.php\/wp-json\/wp\/v2\/media?parent=713778"}],"wp:term":[{"taxonomy":"product_brand","embeddable":true,"href":"https:\/\/roveyayinevi.com.tr\/index.php\/wp-json\/wp\/v2\/product_brand?post=713778"},{"taxonomy":"product_cat","embeddable":true,"href":"https:\/\/roveyayinevi.com.tr\/index.php\/wp-json\/wp\/v2\/product_cat?post=713778"},{"taxonomy":"product_tag","embeddable":true,"href":"https:\/\/roveyayinevi.com.tr\/index.php\/wp-json\/wp\/v2\/product_tag?post=713778"}],"curies":[{"name":"wp","href":"https:\/\/api.w.org\/{rel}","templated":true}]}}