{"id":713775,"date":"2025-08-27T17:11:04","date_gmt":"2025-08-27T14:11:04","guid":{"rendered":"https:\/\/roveyayinevi.com.tr\/index.php\/urun\/yasam-bilgeligi-uzerine-aforizmalar-2\/"},"modified":"2026-04-06T12:43:57","modified_gmt":"2026-04-06T09:43:57","slug":"yasam-bilgeligi-uzerine-aforizmalar-2","status":"publish","type":"product","link":"https:\/\/roveyayinevi.com.tr\/index.php\/urun\/yasam-bilgeligi-uzerine-aforizmalar-2\/","title":{"rendered":"Ya\u015fam Bilgeli\u011fi \u00dczerine Aforizmalar"},"content":{"rendered":"<p>\u0130nsan\u0131n yaln\u0131zca ba\u015fkalar\u0131n\u0131n g\u00f6zu\u0308nde ne oldu\u011funun aksine, kendi i\u00e7inde ve kendi i\u00e7in de\u011ferinin do\u011fru de\u011ferlendirilmesi mutlulu\u011fumuza \u00e7ok \u015fey katacakt\u0131r. \u00dcnlu\u0308 Alman filozof ve yazar Arthur Schopenhauer\u2019in idealizm, ahlak, du\u0308nya, mutluluk ve daha bir\u00e7ok konu u\u0308zerine g\u00f6ru\u0308\u015fleri, ya\u015fad\u0131\u011f\u0131 19. yu\u0308zy\u0131ldan bu yana tart\u0131\u015fma konusu olagelmi\u015ftir. Tu\u0308m bu tart\u0131\u015fmalara ra\u011fmen, fikirleri Nietzsche gibi pek \u00e7ok du\u0308\u015fu\u0308nu\u0308ru\u0308 derinden etkilemeyi ba\u015farm\u0131\u015ft\u0131r. Ya\u015fam Bilgeli\u011fi \u00dczerine Aforizmalar, Schopenhauer\u2019in bu g\u00f6ru\u0308\u015flerini ve felsefesini yak\u0131ndan tan\u0131mak isteyen okurlar i\u00e7in hem keyifli hem de \u00f6\u011fretici bir rehber niteli\u011finde. <\/p>\n","protected":false},"excerpt":{"rendered":"<p>\u0130nsan\u0131n yaln\u0131zca ba\u015fkalar\u0131n\u0131n g\u00f6zu\u0308nde ne oldu\u011funun aksine, kendi i\u00e7inde ve kendi i\u00e7in de\u011ferinin do\u011fru de\u011ferlendirilmesi mutlulu\u011fumuza \u00e7ok \u015fey katacakt\u0131r. \u00dcnlu\u0308 Alman filozof ve yazar Arthur Schopenhauer\u2019in<span class=\"excerpt-hellip\"> [\u2026]<\/span><\/p>\n","protected":false},"featured_media":0,"template":"","meta":{"_monsterinsights_skip_tracking":false,"_monsterinsights_sitenote_active":false,"_monsterinsights_sitenote_note":"","_monsterinsights_sitenote_category":0},"product_brand":[],"product_cat":[12567,12566],"product_tag":[],"class_list":{"0":"post-713775","1":"product","2":"type-product","3":"status-publish","5":"product_cat-diger-egitim","6":"product_cat-egitim","7":"pa_cilt-ciltsiz","8":"pa_tur-kitap","9":"pa_yayinevi-say-yayinlari","10":"pa_yazar-arthur-schopenhauer","12":"first","13":"instock","14":"sale","15":"shipping-taxable","16":"purchasable","17":"product-type-simple"},"_links":{"self":[{"href":"https:\/\/roveyayinevi.com.tr\/index.php\/wp-json\/wp\/v2\/product\/713775","targetHints":{"allow":["GET"]}}],"collection":[{"href":"https:\/\/roveyayinevi.com.tr\/index.php\/wp-json\/wp\/v2\/product"}],"about":[{"href":"https:\/\/roveyayinevi.com.tr\/index.php\/wp-json\/wp\/v2\/types\/product"}],"wp:attachment":[{"href":"https:\/\/roveyayinevi.com.tr\/index.php\/wp-json\/wp\/v2\/media?parent=713775"}],"wp:term":[{"taxonomy":"product_brand","embeddable":true,"href":"https:\/\/roveyayinevi.com.tr\/index.php\/wp-json\/wp\/v2\/product_brand?post=713775"},{"taxonomy":"product_cat","embeddable":true,"href":"https:\/\/roveyayinevi.com.tr\/index.php\/wp-json\/wp\/v2\/product_cat?post=713775"},{"taxonomy":"product_tag","embeddable":true,"href":"https:\/\/roveyayinevi.com.tr\/index.php\/wp-json\/wp\/v2\/product_tag?post=713775"}],"curies":[{"name":"wp","href":"https:\/\/api.w.org\/{rel}","templated":true}]}}