{"id":713773,"date":"2025-08-27T17:11:02","date_gmt":"2025-08-27T14:11:02","guid":{"rendered":"https:\/\/roveyayinevi.com.tr\/index.php\/urun\/hodbinler\/"},"modified":"2026-04-16T02:22:20","modified_gmt":"2026-04-15T23:22:20","slug":"hodbinler","status":"publish","type":"product","link":"https:\/\/roveyayinevi.com.tr\/index.php\/urun\/hodbinler\/","title":{"rendered":"Hodbinler"},"content":{"rendered":"<p>&#8220;\u2026bu d\u00fc\u015fleyi\u015f, olmayan bir d\u00fcnyaya biteviye yap\u0131lan bu seyahatler, art\u0131k ger\u00e7ek hayat\u0131n yerini alan bir ya\u015fay\u0131\u015f, aynen mehtap \u0131\u015f\u0131\u011f\u0131nda parlayan sular\u0131 z\u00fcmr\u00fct bir ayna, o suya elini dald\u0131rd\u0131\u011f\u0131nda parmaklar\u0131n\u0131n ucundan damlayan taneleri ise o z\u00fcmr\u00fctten kesilmi\u015f birer m\u00fccevher zannedip de tutmaya \u00e7al\u0131\u015fan hayalperestin beyhude \u00e7\u0131rp\u0131n\u0131\u015f\u0131 misali bir kaybolu\u015f olmu\u015ftu. Ben ise ellerimle sebebiyet verdi\u011fim bu mahvolu\u015fun \u015fimdi ac\u0131l\u0131 bir seyircisi olmaktan \u00f6teye gidemeyen bir hi\u00e7tim i\u015fte. Bir hi\u00e7, mu\u011flak, titrek bir hayalet, soluk bir g\u00f6lge.\u201d Hodbinler\u2026 Bir hayalde ya\u015fay\u0131p \u00f6lecek olsalar bile hayalden de, hayattan da zevk alamayanlar, nereye baksa kendini g\u00f6renler, o h\u00fcz\u00fcnl\u00fc ma\u011frurlar\u2026 T\u00fcrk\u00e7e edebiyat\u0131n zengin miras\u0131 \u00fczerine kurulmu\u015f m\u00fckellef bir sofra, g\u00fcl\u00fcnesi bir s\u00fcr\u00fckleni\u015f, ac\u0131kl\u0131 bir parodi, bir a\u015fk, ihtiras ve ihanet n\u00fcmayi\u015fi&#8230; \u00dcslubu kaybetti\u011fimiz bir zamandan, o zamana ait hayatlardan akseden bir tebess\u00fcm, lisan\u0131 eski g\u00fczel g\u00fcnlerin lisan\u0131na istihza dolu bir g\u00f6nderme. Hodbinler, dil zenginli\u011fi, kurgusu ve her sat\u0131r\u0131na sinmi\u015f hicviyle okuru b\u00fcy\u00fcleyecek. Ustal\u0131\u011f\u0131n\u0131 daha ilk roman\u0131nda ortaya koyan Saruhan Do\u011fan, T\u00fcrk roman\u0131nda iddial\u0131 bir sayfa a\u00e7\u0131yor! <\/p>\n","protected":false},"excerpt":{"rendered":"<p>&#8220;\u2026bu d\u00fc\u015fleyi\u015f, olmayan bir d\u00fcnyaya biteviye yap\u0131lan bu seyahatler, art\u0131k ger\u00e7ek hayat\u0131n yerini alan bir ya\u015fay\u0131\u015f, aynen mehtap \u0131\u015f\u0131\u011f\u0131nda parlayan sular\u0131 z\u00fcmr\u00fct bir ayna, o suya<span class=\"excerpt-hellip\"> [\u2026]<\/span><\/p>\n","protected":false},"featured_media":0,"template":"","meta":{"_monsterinsights_skip_tracking":false,"_monsterinsights_sitenote_active":false,"_monsterinsights_sitenote_note":"","_monsterinsights_sitenote_category":0},"product_brand":[],"product_cat":[12291,12711],"product_tag":[],"class_list":{"0":"post-713773","1":"product","2":"type-product","3":"status-publish","5":"product_cat-edebiyat","6":"product_cat-roman-oyku","7":"pa_cilt-ciltsiz","8":"pa_tur-kitap","9":"pa_yayinevi-hayykitap","10":"pa_yazar-saruhan-dogan","12":"first","13":"instock","14":"sale","15":"shipping-taxable","16":"purchasable","17":"product-type-simple"},"_links":{"self":[{"href":"https:\/\/roveyayinevi.com.tr\/index.php\/wp-json\/wp\/v2\/product\/713773","targetHints":{"allow":["GET"]}}],"collection":[{"href":"https:\/\/roveyayinevi.com.tr\/index.php\/wp-json\/wp\/v2\/product"}],"about":[{"href":"https:\/\/roveyayinevi.com.tr\/index.php\/wp-json\/wp\/v2\/types\/product"}],"wp:attachment":[{"href":"https:\/\/roveyayinevi.com.tr\/index.php\/wp-json\/wp\/v2\/media?parent=713773"}],"wp:term":[{"taxonomy":"product_brand","embeddable":true,"href":"https:\/\/roveyayinevi.com.tr\/index.php\/wp-json\/wp\/v2\/product_brand?post=713773"},{"taxonomy":"product_cat","embeddable":true,"href":"https:\/\/roveyayinevi.com.tr\/index.php\/wp-json\/wp\/v2\/product_cat?post=713773"},{"taxonomy":"product_tag","embeddable":true,"href":"https:\/\/roveyayinevi.com.tr\/index.php\/wp-json\/wp\/v2\/product_tag?post=713773"}],"curies":[{"name":"wp","href":"https:\/\/api.w.org\/{rel}","templated":true}]}}