{"id":713771,"date":"2025-08-27T17:11:01","date_gmt":"2025-08-27T14:11:01","guid":{"rendered":"https:\/\/roveyayinevi.com.tr\/index.php\/urun\/fatih-serisi-ii-fatihin-gizli-sikkesi\/"},"modified":"2026-04-16T02:22:20","modified_gmt":"2026-04-15T23:22:20","slug":"fatih-serisi-ii-fatihin-gizli-sikkesi","status":"publish","type":"product","link":"https:\/\/roveyayinevi.com.tr\/index.php\/urun\/fatih-serisi-ii-fatihin-gizli-sikkesi\/","title":{"rendered":"Fatih Serisi II : Fatih&#8217;in Gizli Sikkesi"},"content":{"rendered":"<p>Fatih Serisi\u2019nin ikinci roman\u0131 FAT\u0130H\u2019\u0130N G\u0130ZL\u0130 S\u0130KKES\u0130, serinin ilk kitab\u0131 olan FAT\u0130H\u2019\u0130N G\u0130ZL\u0130 MABED\u0130\u2019ndeki b\u00fcy\u00fck maceran\u0131n devam\u0131 niteli\u011finde, ayn\u0131 h\u0131z ve heyecanla ak\u0131yor. Ge\u00e7mi\u015fle yirmi birinci y\u00fczy\u0131l\u0131n aras\u0131nda dola\u015fmaktan soluk solu\u011fa kalacak, serinin \u00fc\u00e7\u00fcnc\u00fc roman\u0131n\u0131 d\u00f6rt g\u00f6zle bekleyeceksiniz. B\u00fcy\u00fck Kitap\u2019\u0131n sat\u0131r aralar\u0131na gizlenmi\u015f ikinci s\u0131r, Fatih\u2019in \u00f6zel olarak darp ettirdi\u011fi e\u015fsiz g\u00fczellikteki yirmi d\u00f6rt ayar bir sikkenin \u00fczerinde yaz\u0131l\u0131yd\u0131. Bu s\u0131r \u00f6\u011frenilmedik\u00e7e Fatih\u2019in gizledi\u011fi \u00fc\u00e7\u00fcnc\u00fc emanete ula\u015f\u0131lmas\u0131 m\u00fcmk\u00fcn de\u011fildi.  Emanetleri koruma g\u00f6revini \u00fcstlenen D\u00fcnya Karde\u015fli\u011fi mensuplar\u0131n\u0131 ve Ba\u015fkan Ang\u0131n\u2019\u0131 ne t\u00fcr tehlikeler bekliyordu?  \u201cCihan \u0130mparatorlu\u011fu\u2019nu tesis ederken ve yery\u00fcz\u00fcnde ayr\u0131, gayr\u0131 demeden Y\u00fcce Yaradan\u0131m\u0131n karde\u015flik beraberli\u011fini olu\u015ftururken hi\u00e7bir insan\u00ee beklentim ve zaaf\u0131m yok. Bu konuda bir fani olarak, t\u00fcm d\u00fcnyevi arzular\u0131mdan ve h\u0131rslar\u0131mdan ar\u0131nm\u0131\u015f haldeyim. B\u00fct\u00fcn d\u00fcnyadaki farkl\u0131l\u0131klar\u0131, ayr\u0131l\u0131klar\u0131, s\u0131n\u0131rlar\u0131, engelleri birer birer tarihe g\u00f6mme fikri bile beni heyecanland\u0131r\u0131yor.\u201d <\/p>\n","protected":false},"excerpt":{"rendered":"<p>Fatih Serisi\u2019nin ikinci roman\u0131 FAT\u0130H\u2019\u0130N G\u0130ZL\u0130 S\u0130KKES\u0130, serinin ilk kitab\u0131 olan FAT\u0130H\u2019\u0130N G\u0130ZL\u0130 MABED\u0130\u2019ndeki b\u00fcy\u00fck maceran\u0131n devam\u0131 niteli\u011finde, ayn\u0131 h\u0131z ve heyecanla ak\u0131yor. Ge\u00e7mi\u015fle yirmi birinci<span class=\"excerpt-hellip\"> [\u2026]<\/span><\/p>\n","protected":false},"featured_media":0,"template":"","meta":{"_monsterinsights_skip_tracking":false,"_monsterinsights_sitenote_active":false,"_monsterinsights_sitenote_note":"","_monsterinsights_sitenote_category":0},"product_brand":[],"product_cat":[12291,12745],"product_tag":[],"class_list":{"0":"post-713771","1":"product","2":"type-product","3":"status-publish","5":"product_cat-edebiyat","6":"product_cat-tarihi-roman","7":"pa_cilt-ciltsiz","8":"pa_tur-kitap","9":"pa_yayinevi-epsilon-yayinlari","10":"pa_yazar-ahmet-erol","12":"first","13":"instock","14":"sale","15":"shipping-taxable","16":"purchasable","17":"product-type-simple"},"_links":{"self":[{"href":"https:\/\/roveyayinevi.com.tr\/index.php\/wp-json\/wp\/v2\/product\/713771","targetHints":{"allow":["GET"]}}],"collection":[{"href":"https:\/\/roveyayinevi.com.tr\/index.php\/wp-json\/wp\/v2\/product"}],"about":[{"href":"https:\/\/roveyayinevi.com.tr\/index.php\/wp-json\/wp\/v2\/types\/product"}],"wp:attachment":[{"href":"https:\/\/roveyayinevi.com.tr\/index.php\/wp-json\/wp\/v2\/media?parent=713771"}],"wp:term":[{"taxonomy":"product_brand","embeddable":true,"href":"https:\/\/roveyayinevi.com.tr\/index.php\/wp-json\/wp\/v2\/product_brand?post=713771"},{"taxonomy":"product_cat","embeddable":true,"href":"https:\/\/roveyayinevi.com.tr\/index.php\/wp-json\/wp\/v2\/product_cat?post=713771"},{"taxonomy":"product_tag","embeddable":true,"href":"https:\/\/roveyayinevi.com.tr\/index.php\/wp-json\/wp\/v2\/product_tag?post=713771"}],"curies":[{"name":"wp","href":"https:\/\/api.w.org\/{rel}","templated":true}]}}