{"id":713768,"date":"2025-08-27T17:10:59","date_gmt":"2025-08-27T14:10:59","guid":{"rendered":"https:\/\/roveyayinevi.com.tr\/index.php\/urun\/filmle-dusunmek-felsefe-yapmak-ve-film-izlemek\/"},"modified":"2026-01-29T02:40:34","modified_gmt":"2026-01-28T23:40:34","slug":"filmle-dusunmek-felsefe-yapmak-ve-film-izlemek","status":"publish","type":"product","link":"https:\/\/roveyayinevi.com.tr\/index.php\/urun\/filmle-dusunmek-felsefe-yapmak-ve-film-izlemek\/","title":{"rendered":"Filmle D\u00fc\u015f\u00fcnmek : Felsefe Yapmak ve Film \u0130zlemek"},"content":{"rendered":"<p>Filmler \u00fczerinden felsefeye bir giri\u015f olan Filmle D\u00fc\u015f\u00fcnmek: Felsefe Yapmak ve Film \u0130zlemek, temel felsefi meselelerin incelenmesini film izleme deneyimiyle birle\u015ftiriyor ve \u00f6\u011frenciler, felsefe merakl\u0131lar\u0131 ve hem de film uzmanlar\u0131 i\u00e7in ilgi uyand\u0131r\u0131c\u0131 bir okuma deneyimi sunuyor. \u00b7Filmler taraf\u0131ndan ortaya at\u0131lan felsefi meselelere, film izleyicili\u011fine ve film yap\u0131mc\u0131l\u0131\u011f\u0131na dair derinlemesine ve ayn\u0131 zamanda kavranabilir bir giri\u015f. \u00b7T\u00fcrler aras\u0131ndan on iki ba\u011f\u0131ms\u0131z, ayr\u0131 filmin ayr\u0131nt\u0131l\u0131 tart\u0131\u015fmas\u0131n\u0131 sunuyor. \u00b7Tart\u0131\u015f\u0131lan filmlerin aras\u0131nda, Ger\u00e7e\u011fe \u00c7a\u011fr\u0131, Az\u0131nl\u0131k Raporu, S\u00f6z, E\u011flenceli Oyunlar, Ikiru, Kara \u015e\u00f6valye, Ak\u0131l Defteri, Yapay Zek\u00e2 ve daha fazlas\u0131 yer al\u0131yor. \u00b7Epistemoloji, metafizik, kader, se\u00e7im, robot sevgisi, zaman yolculu\u011fu, ki\u015fisel \u00f6zde\u015flik, g\u00f6steri, etik, \u015fans, pi\u015fmanl\u0131k, sonu\u00e7culuk, deontoloji gibi kavramlar ve filmin kendisinin felsefesi de inceleniyor. \u00b7Film ve felsefe dersleri i\u00e7in e\u015fsiz derecede esnek bir kaynak olarak, \u00f6\u011frencileri d\u00fc\u015f\u00fcnmeye te\u015fvik etti\u011fi kadar film merakl\u0131lar\u0131 i\u00e7in de ilgi uyand\u0131r\u0131c\u0131 bir okuma sunuyor. &#8216;Filmle D\u00fc\u015f\u00fcnmek, film ve felsefe aras\u0131ndaki kapsaml\u0131 ili\u015fkiye dair mevcut en iyi giri\u015f \u00e7al\u0131\u015fmas\u0131. Anla\u015f\u0131l\u0131r bir bi\u00e7imde yaz\u0131lm\u0131\u015f olan ve ikna edici tart\u0131\u015fmalar\u0131 i\u00e7eren \u00e7al\u0131\u015fma, hem film hem de felsefe \u00f6\u011frencileri i\u00e7in fayda sa\u011flayacakt\u0131r.&#8217; Thomas E. Wartenberg, Mount Holyoke \u00dcniversitesi &#8216;Cox veLevine\u2019inhayranl\u0131k uyand\u0131ran \u00e7al\u0131\u015fmalar\u0131 Filmle D\u00fc\u015f\u00fcnmek, Felsefe Filmlere Gidiyor\u2019un b\u0131rakt\u0131\u011f\u0131 yerden alarak, filmlerin yaln\u0131zca felsefe yapmakla kalmad\u0131klar\u0131n\u0131, baz\u0131 durumlarda felsefecilerden daha iyi felsefe yapt\u0131klar\u0131n\u0131 iddia ediyor! Bu iddian\u0131n neticesi olarak elimize metafiziksel d\u00fc\u015f\u00fcnce deneylerinden ve ki\u015fisel \u00f6zde\u015flik muammalar\u0131ndan, hayat\u0131n anlam\u0131 \u00fczerine tefekk\u00fcrlere dek uzanan ve gayet anlaml\u0131 bir bi\u00e7imde pop\u00fcler sineman\u0131n nas\u0131l ciddi felsefe yapabilece\u011fini g\u00f6steren bir \u00e7al\u0131\u015fma ula\u015f\u0131yor.&#8217; Robert Sinnerk, Macquarie \u00dcniversitesi <\/p>\n","protected":false},"excerpt":{"rendered":"<p>Filmler \u00fczerinden felsefeye bir giri\u015f olan Filmle D\u00fc\u015f\u00fcnmek: Felsefe Yapmak ve Film \u0130zlemek, temel felsefi meselelerin incelenmesini film izleme deneyimiyle birle\u015ftiriyor ve \u00f6\u011frenciler, felsefe merakl\u0131lar\u0131 ve<span class=\"excerpt-hellip\"> [\u2026]<\/span><\/p>\n","protected":false},"featured_media":0,"template":"","meta":{"_monsterinsights_skip_tracking":false,"_monsterinsights_sitenote_active":false,"_monsterinsights_sitenote_note":"","_monsterinsights_sitenote_category":0},"product_brand":[],"product_cat":[12409,12408],"product_tag":[],"class_list":{"0":"post-713768","1":"product","2":"type-product","3":"status-publish","5":"product_cat-fotograf-sinema-tiyatro","6":"product_cat-sanat","7":"pa_cilt-ciltsiz","8":"pa_tur-kitap","9":"pa_yayinevi-utopya-yayinevi","10":"pa_yazar-damien-cox-michael-levine","12":"first","13":"instock","14":"sale","15":"shipping-taxable","16":"purchasable","17":"product-type-simple"},"_links":{"self":[{"href":"https:\/\/roveyayinevi.com.tr\/index.php\/wp-json\/wp\/v2\/product\/713768","targetHints":{"allow":["GET"]}}],"collection":[{"href":"https:\/\/roveyayinevi.com.tr\/index.php\/wp-json\/wp\/v2\/product"}],"about":[{"href":"https:\/\/roveyayinevi.com.tr\/index.php\/wp-json\/wp\/v2\/types\/product"}],"wp:attachment":[{"href":"https:\/\/roveyayinevi.com.tr\/index.php\/wp-json\/wp\/v2\/media?parent=713768"}],"wp:term":[{"taxonomy":"product_brand","embeddable":true,"href":"https:\/\/roveyayinevi.com.tr\/index.php\/wp-json\/wp\/v2\/product_brand?post=713768"},{"taxonomy":"product_cat","embeddable":true,"href":"https:\/\/roveyayinevi.com.tr\/index.php\/wp-json\/wp\/v2\/product_cat?post=713768"},{"taxonomy":"product_tag","embeddable":true,"href":"https:\/\/roveyayinevi.com.tr\/index.php\/wp-json\/wp\/v2\/product_tag?post=713768"}],"curies":[{"name":"wp","href":"https:\/\/api.w.org\/{rel}","templated":true}]}}