{"id":713767,"date":"2025-08-27T17:10:58","date_gmt":"2025-08-27T14:10:58","guid":{"rendered":"https:\/\/roveyayinevi.com.tr\/index.php\/urun\/vatandas-berzins\/"},"modified":"2026-04-16T02:22:19","modified_gmt":"2026-04-15T23:22:19","slug":"vatandas-berzins","status":"publish","type":"product","link":"https:\/\/roveyayinevi.com.tr\/index.php\/urun\/vatandas-berzins\/","title":{"rendered":"Vatanda\u015f Berzins"},"content":{"rendered":"<p>Vatanda\u015f B\u0113rzi\u0146\u0161, bir taraftan eski bir oyunu her y\u00f6n\u00fcyle g\u00fcncellerken di\u011fer taraftan keskin bir ironiyle b\u00fcrokrasinin m\u0131c\u0131r dolu \u00e7\u0131kmaz yollar\u0131n\u0131 makaraya sar\u0131yor. Hakk\u0131 Kurtulu\u015f, Melik Sara\u00e7o\u011flu ve Deniz Arslan her sayfas\u0131nda sarmal\u0131 daha da geni\u015fleyen bir kolektif oyuna imza at\u0131yor. <\/p>\n","protected":false},"excerpt":{"rendered":"<p>Vatanda\u015f B\u0113rzi\u0146\u0161, bir taraftan eski bir oyunu her y\u00f6n\u00fcyle g\u00fcncellerken di\u011fer taraftan keskin bir ironiyle b\u00fcrokrasinin m\u0131c\u0131r dolu \u00e7\u0131kmaz yollar\u0131n\u0131 makaraya sar\u0131yor. Hakk\u0131 Kurtulu\u015f, Melik Sara\u00e7o\u011flu<span class=\"excerpt-hellip\"> [\u2026]<\/span><\/p>\n","protected":false},"featured_media":0,"template":"","meta":{"_monsterinsights_skip_tracking":false,"_monsterinsights_sitenote_active":false,"_monsterinsights_sitenote_note":"","_monsterinsights_sitenote_category":0},"product_brand":[],"product_cat":[18545,12291],"product_tag":[],"class_list":{"0":"post-713767","1":"product","2":"type-product","3":"status-publish","5":"product_cat-anlati","6":"product_cat-edebiyat","7":"pa_cilt-ciltsiz","8":"pa_tur-kitap","9":"pa_yayinevi-kirmizi-kedi-yayinevi","10":"pa_yazar-deniz-arslan-melik-saracoglu-hakki-kurtulus","12":"first","13":"instock","14":"sale","15":"shipping-taxable","16":"purchasable","17":"product-type-simple"},"_links":{"self":[{"href":"https:\/\/roveyayinevi.com.tr\/index.php\/wp-json\/wp\/v2\/product\/713767","targetHints":{"allow":["GET"]}}],"collection":[{"href":"https:\/\/roveyayinevi.com.tr\/index.php\/wp-json\/wp\/v2\/product"}],"about":[{"href":"https:\/\/roveyayinevi.com.tr\/index.php\/wp-json\/wp\/v2\/types\/product"}],"wp:attachment":[{"href":"https:\/\/roveyayinevi.com.tr\/index.php\/wp-json\/wp\/v2\/media?parent=713767"}],"wp:term":[{"taxonomy":"product_brand","embeddable":true,"href":"https:\/\/roveyayinevi.com.tr\/index.php\/wp-json\/wp\/v2\/product_brand?post=713767"},{"taxonomy":"product_cat","embeddable":true,"href":"https:\/\/roveyayinevi.com.tr\/index.php\/wp-json\/wp\/v2\/product_cat?post=713767"},{"taxonomy":"product_tag","embeddable":true,"href":"https:\/\/roveyayinevi.com.tr\/index.php\/wp-json\/wp\/v2\/product_tag?post=713767"}],"curies":[{"name":"wp","href":"https:\/\/api.w.org\/{rel}","templated":true}]}}