{"id":713760,"date":"2025-08-27T17:10:54","date_gmt":"2025-08-27T14:10:54","guid":{"rendered":"https:\/\/roveyayinevi.com.tr\/index.php\/urun\/az-kaldi\/"},"modified":"2026-04-16T02:22:19","modified_gmt":"2026-04-15T23:22:19","slug":"az-kaldi","status":"publish","type":"product","link":"https:\/\/roveyayinevi.com.tr\/index.php\/urun\/az-kaldi\/","title":{"rendered":"Az Kald\u0131"},"content":{"rendered":"<p>\u015eu an zaman\u0131 de\u011fil belki ama olur da hani bir g\u00fcn birisini sevecek olursan, ac\u0131s\u0131na katlanabilece\u011fin kadar sev. \u00c7\u00fcnk\u00fc insanlar bir g\u00fcn gider. \u00d6zellikle bunu en sevdi\u011fin insanlar yapar&#8230;  Kimi \u00f6ld\u00fc\u011f\u00fc i\u00e7in gider, kimi de kalbinde seni \u00f6ld\u00fcrd\u00fc\u011f\u00fc i\u00e7in!  Ger\u00e7ek bir hayat hikayesinden kurgulanarak kaleme al\u0131nm\u0131\u015f bu roman\u0131 mutlaka  okumal\u0131s\u0131n\u0131z. \u00c7\u00fcnk\u00fc bu roman\u0131 bitirdi\u011finizde, hayat\u0131n\u0131zda ne kadar k\u00fc\u00e7\u00fcc\u00fck s\u0131k\u0131nt\u0131lar\u0131 b\u00fcy\u00fctt\u00fc\u011f\u00fcn\u00fcz\u00fc, asl\u0131nda her g\u00fcn\u00fc bir mucizeden ibaret olan hayat\u0131 nas\u0131l da \u0131skalad\u0131\u011f\u0131n\u0131z\u0131 g\u00f6receksiniz&#8230; <\/p>\n","protected":false},"excerpt":{"rendered":"<p>\u015eu an zaman\u0131 de\u011fil belki ama olur da hani bir g\u00fcn birisini sevecek olursan, ac\u0131s\u0131na katlanabilece\u011fin kadar sev. \u00c7\u00fcnk\u00fc insanlar bir g\u00fcn gider. \u00d6zellikle bunu en<span class=\"excerpt-hellip\"> [\u2026]<\/span><\/p>\n","protected":false},"featured_media":0,"template":"","meta":{"_monsterinsights_skip_tracking":false,"_monsterinsights_sitenote_active":false,"_monsterinsights_sitenote_note":"","_monsterinsights_sitenote_category":0},"product_brand":[],"product_cat":[12291,12711],"product_tag":[],"class_list":{"0":"post-713760","1":"product","2":"type-product","3":"status-publish","5":"product_cat-edebiyat","6":"product_cat-roman-oyku","7":"pa_cilt-ciltsiz","8":"pa_tur-kitap","9":"pa_yayinevi-cinaralti-yayinlari","10":"pa_yazar-ugur-babat","12":"first","13":"instock","14":"sale","15":"shipping-taxable","16":"purchasable","17":"product-type-simple"},"_links":{"self":[{"href":"https:\/\/roveyayinevi.com.tr\/index.php\/wp-json\/wp\/v2\/product\/713760","targetHints":{"allow":["GET"]}}],"collection":[{"href":"https:\/\/roveyayinevi.com.tr\/index.php\/wp-json\/wp\/v2\/product"}],"about":[{"href":"https:\/\/roveyayinevi.com.tr\/index.php\/wp-json\/wp\/v2\/types\/product"}],"wp:attachment":[{"href":"https:\/\/roveyayinevi.com.tr\/index.php\/wp-json\/wp\/v2\/media?parent=713760"}],"wp:term":[{"taxonomy":"product_brand","embeddable":true,"href":"https:\/\/roveyayinevi.com.tr\/index.php\/wp-json\/wp\/v2\/product_brand?post=713760"},{"taxonomy":"product_cat","embeddable":true,"href":"https:\/\/roveyayinevi.com.tr\/index.php\/wp-json\/wp\/v2\/product_cat?post=713760"},{"taxonomy":"product_tag","embeddable":true,"href":"https:\/\/roveyayinevi.com.tr\/index.php\/wp-json\/wp\/v2\/product_tag?post=713760"}],"curies":[{"name":"wp","href":"https:\/\/api.w.org\/{rel}","templated":true}]}}