{"id":713756,"date":"2025-08-27T17:10:51","date_gmt":"2025-08-27T14:10:51","guid":{"rendered":"https:\/\/roveyayinevi.com.tr\/index.php\/urun\/hayvanlar-ne-enteresan-hayvanlarin-sasirtici-yasamlari\/"},"modified":"2026-04-16T02:22:19","modified_gmt":"2026-04-15T23:22:19","slug":"hayvanlar-ne-enteresan-hayvanlarin-sasirtici-yasamlari","status":"publish","type":"product","link":"https:\/\/roveyayinevi.com.tr\/index.php\/urun\/hayvanlar-ne-enteresan-hayvanlarin-sasirtici-yasamlari\/","title":{"rendered":"Hayvanlar Ne Enteresan &#8211; Hayvanlar\u0131n \u015ea\u015f\u0131rt\u0131c\u0131 Ya\u015famlar\u0131"},"content":{"rendered":"<p>Hayvanlar\u0131n ya\u015fam\u0131 hem \u015fa\u015f\u0131rt\u0131c\u0131 hem de merak uyand\u0131r\u0131c\u0131d\u0131r. Bu kitapta bilimsel verilerden yola \u00e7\u0131karak hepimizin a\u011fz\u0131n\u0131 a\u00e7\u0131k b\u0131rakacak ve g\u00fcl\u00fcmsetecek enteresan verileri derledik. Unutmayal\u0131m; \u00e7evremizdeki olaylar\u0131 alg\u0131lamak, anlamland\u0131rmak, gelece\u011fimizi do\u011fru bi\u00e7imde \u015fekillendirmek ad\u0131na bilimin her dal\u0131n\u0131 tan\u0131mak ve sevmek gerekir. &#8211; Yuvas\u0131nda uyumayan hayvan var m\u0131d\u0131r? &#8211; En k\u0131sa \u00f6m\u00fcrl\u00fc hayvanlar\u0131 biliyor muyuz? &#8211; En ak\u0131ll\u0131 ku\u015f hangisidir? &#8211; D\u00fcnyan\u0131n en g\u00fc\u00e7l\u00fc hayvanlar\u0131 hangileridir? &#8211; Hasta olmayan hayvan var m\u0131d\u0131r? &#8211; S\u0131rt\u0131nda 300 yavrusuyla gezen hayvan hangisidir? &#8211; Hayvanlar hakk\u0131nda neleri yanl\u0131\u015f biliyoruz? <\/p>\n","protected":false},"excerpt":{"rendered":"<p>Hayvanlar\u0131n ya\u015fam\u0131 hem \u015fa\u015f\u0131rt\u0131c\u0131 hem de merak uyand\u0131r\u0131c\u0131d\u0131r. Bu kitapta bilimsel verilerden yola \u00e7\u0131karak hepimizin a\u011fz\u0131n\u0131 a\u00e7\u0131k b\u0131rakacak ve g\u00fcl\u00fcmsetecek enteresan verileri derledik. Unutmayal\u0131m; \u00e7evremizdeki olaylar\u0131<span class=\"excerpt-hellip\"> [\u2026]<\/span><\/p>\n","protected":false},"featured_media":0,"template":"","meta":{"_monsterinsights_skip_tracking":false,"_monsterinsights_sitenote_active":false,"_monsterinsights_sitenote_note":"","_monsterinsights_sitenote_category":0},"product_brand":[],"product_cat":[13005,13006],"product_tag":[],"class_list":{"0":"post-713756","1":"product","2":"type-product","3":"status-publish","5":"product_cat-bilim-muhendislik","6":"product_cat-populer-bilim","7":"pa_cilt-ciltsiz","8":"pa_tur-kitap","9":"pa_yayinevi-bencekitap","10":"pa_yazar-ceren-erdogan","12":"first","13":"instock","14":"sale","15":"shipping-taxable","16":"purchasable","17":"product-type-simple"},"_links":{"self":[{"href":"https:\/\/roveyayinevi.com.tr\/index.php\/wp-json\/wp\/v2\/product\/713756","targetHints":{"allow":["GET"]}}],"collection":[{"href":"https:\/\/roveyayinevi.com.tr\/index.php\/wp-json\/wp\/v2\/product"}],"about":[{"href":"https:\/\/roveyayinevi.com.tr\/index.php\/wp-json\/wp\/v2\/types\/product"}],"wp:attachment":[{"href":"https:\/\/roveyayinevi.com.tr\/index.php\/wp-json\/wp\/v2\/media?parent=713756"}],"wp:term":[{"taxonomy":"product_brand","embeddable":true,"href":"https:\/\/roveyayinevi.com.tr\/index.php\/wp-json\/wp\/v2\/product_brand?post=713756"},{"taxonomy":"product_cat","embeddable":true,"href":"https:\/\/roveyayinevi.com.tr\/index.php\/wp-json\/wp\/v2\/product_cat?post=713756"},{"taxonomy":"product_tag","embeddable":true,"href":"https:\/\/roveyayinevi.com.tr\/index.php\/wp-json\/wp\/v2\/product_tag?post=713756"}],"curies":[{"name":"wp","href":"https:\/\/api.w.org\/{rel}","templated":true}]}}