{"id":713755,"date":"2025-08-27T17:10:50","date_gmt":"2025-08-27T14:10:50","guid":{"rendered":"https:\/\/roveyayinevi.com.tr\/index.php\/urun\/islam-iman-ihsan-insan\/"},"modified":"2026-04-16T02:22:19","modified_gmt":"2026-04-15T23:22:19","slug":"islam-iman-ihsan-insan","status":"publish","type":"product","link":"https:\/\/roveyayinevi.com.tr\/index.php\/urun\/islam-iman-ihsan-insan\/","title":{"rendered":"\u0130slam, \u0130man, \u0130hsan, \u0130nsan"},"content":{"rendered":"<p>Hz. \u00d6mer\u2019den naklen ifade edilir ki Res\u00fblullah (s.a.s) ash\u00e2b\u0131yla sohbet ederken birisi \u00e7\u0131kageldi vePeygamber\u2019in dizinin dibine oturarak sorular sormaya ba\u015flad\u0131: \u201cY\u00e2 Muhammed! Bana \u0130sl\u00e2m\u2019\u0131 anlat.\u201d Neb\u00ee (s.a.s) dedi ki: \u201cAllah\u2019tan ba\u015fka hi\u00e7bir il\u00e2h olmad\u0131\u011f\u0131na \u015fah\u00e2det edip namaz\u0131 dosdo\u011fru k\u0131lman, zek\u00e2t\u0131 vermen, Ramazan\u2019da orucu tutman, yoluna g\u00fc\u00e7 yetirecek isen Beyt\u2019i hac etmendir.\u201d Adam: \u201cDo\u011fru s\u00f6yledin.\u201d dedi ve sordu: \u201c\u00ceman nedir?\u201d Neb\u00ee (s.a.s) dedi ki: \u201cAllah\u2019a, meleklerine, kitaplar\u0131na, peygamberlerine, \u00f6ld\u00fckten sonra dirilmeye, cennet ve cehenneme, kadere, hay\u0131r ve \u015ferrin Allah\u2019tan oldu\u011funa \u00eeman etmendir.\u201d Adam yine: \u201cDo\u011fru s\u00f6yledin.\u201d dedi ve \u201c\u0130hsan nedir?\u201d diye sual etti. Neb\u00ee (s.a.s): \u201c\u0130hsan, Allah\u2019a sanki O\u2019nu g\u00f6r\u00fcyormu\u015fsun gibi ib\u00e2det etmendir. Sen O\u2019nug\u00f6rm\u00fcyorsan O seni g\u00f6r\u00fcyor.\u201d buyurdu. Adam yine: \u201cDo\u011fru s\u00f6yledin.\u201d diye tasdik etti. Elinizdeki bu kitapta ihsan bak\u0131\u015f a\u00e7\u0131s\u0131ndan \u015fer\u00ee hak\u00eekatlerin izah\u0131 yap\u0131lmaya \u00e7al\u0131\u015f\u0131lm\u0131\u015ft\u0131r. <\/p>\n","protected":false},"excerpt":{"rendered":"<p>Hz. \u00d6mer\u2019den naklen ifade edilir ki Res\u00fblullah (s.a.s) ash\u00e2b\u0131yla sohbet ederken birisi \u00e7\u0131kageldi vePeygamber\u2019in dizinin dibine oturarak sorular sormaya ba\u015flad\u0131: \u201cY\u00e2 Muhammed! Bana \u0130sl\u00e2m\u2019\u0131 anlat.\u201d Neb\u00ee<span class=\"excerpt-hellip\"> [\u2026]<\/span><\/p>\n","protected":false},"featured_media":0,"template":"","meta":{"_monsterinsights_skip_tracking":false,"_monsterinsights_sitenote_active":false,"_monsterinsights_sitenote_note":"","_monsterinsights_sitenote_category":0},"product_brand":[],"product_cat":[12718,12719,15238],"product_tag":[],"class_list":{"0":"post-713755","1":"product","2":"type-product","3":"status-publish","5":"product_cat-din","6":"product_cat-islam","7":"product_cat-tasavvuf","8":"pa_cilt-ciltsiz","9":"pa_tur-kitap","10":"pa_yayinevi-nefes-yayincilik","11":"pa_yazar-cemalnur-sargut","13":"first","14":"instock","15":"sale","16":"shipping-taxable","17":"purchasable","18":"product-type-simple"},"_links":{"self":[{"href":"https:\/\/roveyayinevi.com.tr\/index.php\/wp-json\/wp\/v2\/product\/713755","targetHints":{"allow":["GET"]}}],"collection":[{"href":"https:\/\/roveyayinevi.com.tr\/index.php\/wp-json\/wp\/v2\/product"}],"about":[{"href":"https:\/\/roveyayinevi.com.tr\/index.php\/wp-json\/wp\/v2\/types\/product"}],"wp:attachment":[{"href":"https:\/\/roveyayinevi.com.tr\/index.php\/wp-json\/wp\/v2\/media?parent=713755"}],"wp:term":[{"taxonomy":"product_brand","embeddable":true,"href":"https:\/\/roveyayinevi.com.tr\/index.php\/wp-json\/wp\/v2\/product_brand?post=713755"},{"taxonomy":"product_cat","embeddable":true,"href":"https:\/\/roveyayinevi.com.tr\/index.php\/wp-json\/wp\/v2\/product_cat?post=713755"},{"taxonomy":"product_tag","embeddable":true,"href":"https:\/\/roveyayinevi.com.tr\/index.php\/wp-json\/wp\/v2\/product_tag?post=713755"}],"curies":[{"name":"wp","href":"https:\/\/api.w.org\/{rel}","templated":true}]}}