{"id":713752,"date":"2025-08-27T17:10:49","date_gmt":"2025-08-27T14:10:49","guid":{"rendered":"https:\/\/roveyayinevi.com.tr\/index.php\/urun\/korku-tuneli-2-canavarlar-adasi\/"},"modified":"2026-04-16T02:22:19","modified_gmt":"2026-04-15T23:22:19","slug":"korku-tuneli-2-canavarlar-adasi","status":"publish","type":"product","link":"https:\/\/roveyayinevi.com.tr\/index.php\/urun\/korku-tuneli-2-canavarlar-adasi\/","title":{"rendered":"Korku T\u00fcneli 2 &#8211; Canavarlar Adas\u0131"},"content":{"rendered":"<p>Bu macerada; canavarla\u015fm\u0131\u015f hayvanlara, uzayl\u0131lara ve komandolara kar\u015f\u0131 sava\u015fmak zorundas\u0131n\u0131z. Bakal\u0131m bu sava\u015ftan sa\u011f \u00e7\u0131kmay\u0131 ba\u015faracak m\u0131s\u0131n\u0131z? D\u00fcnyadaki a\u00e7l\u0131k sorununa \u00e7\u00f6z\u00fcm arayan bir bilim insan\u0131&#8230; Onu ama\u00e7lar\u0131 i\u00e7in kullanmak isteyen bir devlet&#8230; D\u00fcnyan\u0131n d\u00fczenini kurgulamak isteyen uzayl\u0131lar&#8230; Bunlar; canavarla\u015fm\u0131\u015f hayvanlar\u0131n bulundu\u011fu k\u00fc\u00e7\u00fck bir adada bir araya geliyorlar. Tabii bir de siz&#8230; Bu kitapta tam 13 farkl\u0131 son var. Ancak bunlardan bir teki iyi&#8230; Tehlikelerle dolu bu adadan, ancak cesaretiniz, akl\u0131n\u0131z ve becerilerinizle kurtulabilirsiniz. Ya bu adada \u00f6l\u00fcp gideceksiniz ya da sizi bekleyen parlak bir hayata do\u011fru ilerleyeceksiniz. Bunu, sizin kararlar\u0131n\u0131z belirleyecek. <\/p>\n","protected":false},"excerpt":{"rendered":"<p>Bu macerada; canavarla\u015fm\u0131\u015f hayvanlara, uzayl\u0131lara ve komandolara kar\u015f\u0131 sava\u015fmak zorundas\u0131n\u0131z. Bakal\u0131m bu sava\u015ftan sa\u011f \u00e7\u0131kmay\u0131 ba\u015faracak m\u0131s\u0131n\u0131z? D\u00fcnyadaki a\u00e7l\u0131k sorununa \u00e7\u00f6z\u00fcm arayan bir bilim insan\u0131&#8230; Onu<span class=\"excerpt-hellip\"> [\u2026]<\/span><\/p>\n","protected":false},"featured_media":0,"template":"","meta":{"_monsterinsights_skip_tracking":false,"_monsterinsights_sitenote_active":false,"_monsterinsights_sitenote_note":"","_monsterinsights_sitenote_category":0},"product_brand":[],"product_cat":[12803,12291],"product_tag":[],"class_list":{"0":"post-713752","1":"product","2":"type-product","3":"status-publish","5":"product_cat-aksiyon-macera","6":"product_cat-edebiyat","7":"pa_cilt-ciltsiz","8":"pa_tur-kitap","9":"pa_yayinevi-genc-hayat","10":"pa_yazar-tuncel-altinkopru","12":"first","13":"instock","14":"sale","15":"shipping-taxable","16":"purchasable","17":"product-type-simple"},"_links":{"self":[{"href":"https:\/\/roveyayinevi.com.tr\/index.php\/wp-json\/wp\/v2\/product\/713752","targetHints":{"allow":["GET"]}}],"collection":[{"href":"https:\/\/roveyayinevi.com.tr\/index.php\/wp-json\/wp\/v2\/product"}],"about":[{"href":"https:\/\/roveyayinevi.com.tr\/index.php\/wp-json\/wp\/v2\/types\/product"}],"wp:attachment":[{"href":"https:\/\/roveyayinevi.com.tr\/index.php\/wp-json\/wp\/v2\/media?parent=713752"}],"wp:term":[{"taxonomy":"product_brand","embeddable":true,"href":"https:\/\/roveyayinevi.com.tr\/index.php\/wp-json\/wp\/v2\/product_brand?post=713752"},{"taxonomy":"product_cat","embeddable":true,"href":"https:\/\/roveyayinevi.com.tr\/index.php\/wp-json\/wp\/v2\/product_cat?post=713752"},{"taxonomy":"product_tag","embeddable":true,"href":"https:\/\/roveyayinevi.com.tr\/index.php\/wp-json\/wp\/v2\/product_tag?post=713752"}],"curies":[{"name":"wp","href":"https:\/\/api.w.org\/{rel}","templated":true}]}}