{"id":713750,"date":"2025-08-27T17:10:47","date_gmt":"2025-08-27T14:10:47","guid":{"rendered":"https:\/\/roveyayinevi.com.tr\/index.php\/urun\/sadece-bir-kitap-mi\/"},"modified":"2025-11-22T04:41:33","modified_gmt":"2025-11-22T01:41:33","slug":"sadece-bir-kitap-mi","status":"publish","type":"product","link":"https:\/\/roveyayinevi.com.tr\/index.php\/urun\/sadece-bir-kitap-mi\/","title":{"rendered":"Sadece Bir Kitap m\u0131?"},"content":{"rendered":"<p>\u00d6d\u00fcll\u00fc yazar Jeanne Willis ve d\u00fcnyaca \u00fcnl\u00fc \u00e7izer Tony Ross&#8217;dan minikleri kitaplar\u0131n b\u00fcy\u00fcs\u00fcyle tan\u0131\u015ft\u0131racak harika bir \u00f6yk\u00fc! &#8220;Bir kitap asla sadece bir kitap de\u011fildir. Bazen bir \u015fapka olabilir bazen de bir oyuncak&#8230; Hatta, i\u00e7inde \u00e7i\u00e7ek bile kurutabilirsiniz. Akl\u0131n\u0131za gelebilecek her \u015feye d\u00f6n\u00fc\u015febilir bir kitap. Ama en \u00f6nemlisi \u00e7ok iyi bir dosttur ve sizi asla terk etmez.&#8221; \ufffcTan\u0131t\u0131m Metni<\/p>\n","protected":false},"excerpt":{"rendered":"<p>\u00d6d\u00fcll\u00fc yazar Jeanne Willis ve d\u00fcnyaca \u00fcnl\u00fc \u00e7izer Tony Ross&#8217;dan minikleri kitaplar\u0131n b\u00fcy\u00fcs\u00fcyle tan\u0131\u015ft\u0131racak harika bir \u00f6yk\u00fc! &#8220;Bir kitap asla sadece bir kitap de\u011fildir. Bazen bir<span class=\"excerpt-hellip\"> [\u2026]<\/span><\/p>\n","protected":false},"featured_media":0,"template":"","meta":{"_monsterinsights_skip_tracking":false,"_monsterinsights_sitenote_active":false,"_monsterinsights_sitenote_note":"","_monsterinsights_sitenote_category":0},"product_brand":[],"product_cat":[12913,12274],"product_tag":[],"class_list":{"0":"post-713750","1":"product","2":"type-product","3":"status-publish","5":"product_cat-3-6-yas-kitaplari","6":"product_cat-cocuk-ve-genclik-kitaplari","7":"pa_cilt-ciltsiz","8":"pa_tur-kitap","9":"pa_yayinevi-mavi-bulut-yayinlari","10":"pa_yazar-jeanne-willis","12":"first","13":"instock","14":"sale","15":"shipping-taxable","16":"purchasable","17":"product-type-simple"},"_links":{"self":[{"href":"https:\/\/roveyayinevi.com.tr\/index.php\/wp-json\/wp\/v2\/product\/713750","targetHints":{"allow":["GET"]}}],"collection":[{"href":"https:\/\/roveyayinevi.com.tr\/index.php\/wp-json\/wp\/v2\/product"}],"about":[{"href":"https:\/\/roveyayinevi.com.tr\/index.php\/wp-json\/wp\/v2\/types\/product"}],"wp:attachment":[{"href":"https:\/\/roveyayinevi.com.tr\/index.php\/wp-json\/wp\/v2\/media?parent=713750"}],"wp:term":[{"taxonomy":"product_brand","embeddable":true,"href":"https:\/\/roveyayinevi.com.tr\/index.php\/wp-json\/wp\/v2\/product_brand?post=713750"},{"taxonomy":"product_cat","embeddable":true,"href":"https:\/\/roveyayinevi.com.tr\/index.php\/wp-json\/wp\/v2\/product_cat?post=713750"},{"taxonomy":"product_tag","embeddable":true,"href":"https:\/\/roveyayinevi.com.tr\/index.php\/wp-json\/wp\/v2\/product_tag?post=713750"}],"curies":[{"name":"wp","href":"https:\/\/api.w.org\/{rel}","templated":true}]}}