{"id":713749,"date":"2025-08-27T17:10:47","date_gmt":"2025-08-27T14:10:47","guid":{"rendered":"https:\/\/roveyayinevi.com.tr\/index.php\/urun\/turk-milliyetciligi-kulturel-akil-ictihat-ve-siyaset\/"},"modified":"2026-04-16T02:22:19","modified_gmt":"2026-04-15T23:22:19","slug":"turk-milliyetciligi-kulturel-akil-ictihat-ve-siyaset","status":"publish","type":"product","link":"https:\/\/roveyayinevi.com.tr\/index.php\/urun\/turk-milliyetciligi-kulturel-akil-ictihat-ve-siyaset\/","title":{"rendered":"T\u00fcrk Milliyet\u00e7ili\u011fi K\u00fclt\u00fcrel Ak\u0131l, \u0130\u00e7tihat ve Siyaset"},"content":{"rendered":"<p>T\u00fcrk Milliyet\u00e7ili\u011fi- K\u00fclt\u00fcrel Ak\u0131l, Siyaset ve \u0130\u00e7tihat adl\u0131 bu kitap, T\u00fcrk milliyet\u00e7ili\u011finin nas\u0131l do\u011fup geli\u015fti\u011fini dil, k\u00fclt\u00fcr ve siyaset unsurlar\u0131yla m\u00fcnasebeti temelinde izah etmektedir. Bunu yaparken de, bu fikrin alt yap\u0131s\u0131 ve belli ba\u015fl\u0131 \u00f6nc\u00fcleri ve \u00e7e\u015fitli yorumlar\u0131 hakk\u0131nda fikir vermektedir. T\u00fcrk milliyet\u00e7ili\u011fi denildi\u011finde; T\u00fcrk akl\u0131n\u0131n ve zihniyetinin h\u00e2s\u0131las\u0131 olan fikirler yuma\u011f\u0131n\u0131n belli bir sisteme aktar\u0131lmas\u0131, T\u00fcrk tarihinin teferruatl\u0131 d\u00f6k\u00fcm\u00fc ve gelece\u011fe d\u00f6n\u00fck plan\u0131 anla\u015f\u0131l\u0131r. Bu bir y\u00f6n\u00fcyle T\u00fcrk tarihinin felsefesini yapmak, bir y\u00f6n\u00fcyle de bu felsefeyi sistemli hale getirerek bunun \u0131\u015f\u0131\u011f\u0131nda gelece\u011fi planlamakt\u0131r. Yazar\u0131n ifadesiyle; \u201cT\u00fcrk milliyet\u00e7ili\u011fi, k\u00fclt\u00fcrel ak\u0131ld\u0131r. Tecdit hareketidir. Millete dayand\u0131\u011f\u0131 i\u00e7in her t\u00fcrl\u00fc otoriter d\u00fc\u015f\u00fcnceyi ve sistemi reddeder. Ge\u00e7mi\u015fin tasavvuru ve gelece\u011fin dilidir. Bat\u0131 tarz\u0131 ve din aleyhtar\u0131 \u201culusalc\u0131\u201d s\u00f6ylemlerden ayr\u0131l\u0131r. Her t\u00fcrl\u00fc \u0131rk\u00e7\u0131 ifadeyi reddeder. Temel mefk\u00fbresi; tarih\u00ee ve k\u00fclt\u00fcrel iman\u0131n ve vecdin hamurunda mayalanm\u0131\u015f y\u00fcksek bir medeniyet in\u015fa etmektir\u201d. <\/p>\n","protected":false},"excerpt":{"rendered":"<p>T\u00fcrk Milliyet\u00e7ili\u011fi- K\u00fclt\u00fcrel Ak\u0131l, Siyaset ve \u0130\u00e7tihat adl\u0131 bu kitap, T\u00fcrk milliyet\u00e7ili\u011finin nas\u0131l do\u011fup geli\u015fti\u011fini dil, k\u00fclt\u00fcr ve siyaset unsurlar\u0131yla m\u00fcnasebeti temelinde izah etmektedir. Bunu yaparken<span class=\"excerpt-hellip\"> [\u2026]<\/span><\/p>\n","protected":false},"featured_media":0,"template":"","meta":{"_monsterinsights_skip_tracking":false,"_monsterinsights_sitenote_active":false,"_monsterinsights_sitenote_note":"","_monsterinsights_sitenote_category":0},"product_brand":[],"product_cat":[13590,12337],"product_tag":[],"class_list":{"0":"post-713749","1":"product","2":"type-product","3":"status-publish","5":"product_cat-arastirma-inceleme-politika-siyaset","6":"product_cat-politika-siyaset","7":"pa_cilt-ciltsiz","8":"pa_tur-kitap","9":"pa_yayinevi-otuken-nesriyat","10":"pa_yazar-nadim-macit","12":"first","13":"instock","14":"sale","15":"shipping-taxable","16":"purchasable","17":"product-type-simple"},"_links":{"self":[{"href":"https:\/\/roveyayinevi.com.tr\/index.php\/wp-json\/wp\/v2\/product\/713749","targetHints":{"allow":["GET"]}}],"collection":[{"href":"https:\/\/roveyayinevi.com.tr\/index.php\/wp-json\/wp\/v2\/product"}],"about":[{"href":"https:\/\/roveyayinevi.com.tr\/index.php\/wp-json\/wp\/v2\/types\/product"}],"wp:attachment":[{"href":"https:\/\/roveyayinevi.com.tr\/index.php\/wp-json\/wp\/v2\/media?parent=713749"}],"wp:term":[{"taxonomy":"product_brand","embeddable":true,"href":"https:\/\/roveyayinevi.com.tr\/index.php\/wp-json\/wp\/v2\/product_brand?post=713749"},{"taxonomy":"product_cat","embeddable":true,"href":"https:\/\/roveyayinevi.com.tr\/index.php\/wp-json\/wp\/v2\/product_cat?post=713749"},{"taxonomy":"product_tag","embeddable":true,"href":"https:\/\/roveyayinevi.com.tr\/index.php\/wp-json\/wp\/v2\/product_tag?post=713749"}],"curies":[{"name":"wp","href":"https:\/\/api.w.org\/{rel}","templated":true}]}}